{"id":13534,"date":"2021-11-04T10:24:43","date_gmt":"2021-11-04T10:24:43","guid":{"rendered":"https:\/\/ginefem.com\/equipo-medico-ginefem\/"},"modified":"2022-02-04T14:03:45","modified_gmt":"2022-02-04T14:03:45","slug":"equipe-medical-gynefem","status":"publish","type":"page","link":"https:\/\/ginefem.com\/fr\/equipe-medical-gynefem\/","title":{"rendered":"\u00c9quipement m\u00e9dical"},"content":{"rendered":"<div class=\"wpb-content-wrapper\"><p>[vc_row full_width=\u00a0\u00bbstretch_row_content_no_spaces\u00a0\u00bb css_animation=\u00a0\u00bbfadeInUp\u00a0\u00bb el_id=\u00a0\u00bbequipo\u00a0\u00bb][vc_column width=\u00a0\u00bb1\/4&Prime;]<div class=\"dt-sc-team style2\">\t<div class=\"dt-sc-team-thumb\"><img loading=\"lazy\" decoding=\"async\" width=\"700\" height=\"1000\" src=\"https:\/\/ginefem.com\/wp-content\/uploads\/2021\/11\/Diseno-sin-titulo-84.png\" alt=\"\" \/><\/div>\t<div class=\"dt-sc-team-details\">\t\t<h4><a href=\"https:\/\/ginefem.com\/equipo-medico\/dr-francisco-montes-de-oca\/\" title=\"Dr. Francisco Montes de Oca\">Dr. Francisco Montes de Oca<\/a><span><\/span><\/h4>\t\t<h5>Ginec\u00f3logo y Obstetra. Director m\u00e9dico<\/h5>\t\t<a class=\"view-details\" href=\"https:\/\/ginefem.com\/equipo-medico\/dr-francisco-montes-de-oca\/\" title=\"Dr. Francisco Montes de Oca\">Voir les d\u00e9tails<\/a>\t<\/div><\/div>[\/vc_column][vc_column width=\u00a0\u00bb1\/4&Prime; css=\u00a0\u00bb.vc_custom_1622111557213{padding-right: 5px !important;padding-left: 5px !important;}\u00a0\u00bb]<div class=\"dt-sc-team style2\">\t<div class=\"dt-sc-team-thumb\"><img loading=\"lazy\" decoding=\"async\" width=\"700\" height=\"1000\" src=\"https:\/\/ginefem.com\/wp-content\/uploads\/2021\/11\/Diseno-sin-titulo-85-1.png\" alt=\"\" \/><\/div>\t<div class=\"dt-sc-team-details\">\t\t<h4><a href=\"https:\/\/ginefem.com\/equipo-medico\/dr-alfonso-quesada-lopez-fe\/\" title=\"Dr. Alfonso Quesada L\u00f3pez- Fe.\">Dr. Alfonso Quesada L\u00f3pez- Fe.<\/a><span><\/span><\/h4>\t\t<h5>Ginec\u00f3logo y Obstetra<\/h5>\t\t<a class=\"view-details\" href=\"https:\/\/ginefem.com\/equipo-medico\/dr-alfonso-quesada-lopez-fe\/\" title=\"Dr. Alfonso Quesada L\u00f3pez- Fe.\">Voir les d\u00e9tails<\/a>\t<\/div><\/div>[\/vc_column][vc_column width=\u00a0\u00bb1\/4&Prime; css=\u00a0\u00bb.vc_custom_1622111564356{padding-right: 5px !important;padding-left: 5px !important;}\u00a0\u00bb]<div class=\"dt-sc-team style2\">\t<div class=\"dt-sc-team-thumb\"><img loading=\"lazy\" decoding=\"async\" width=\"700\" height=\"1000\" src=\"https:\/\/ginefem.com\/wp-content\/uploads\/2021\/11\/Diseno-sin-titulo-86.png\" alt=\"\" \/><\/div>\t<div class=\"dt-sc-team-details\">\t\t<h4><a href=\"https:\/\/ginefem.com\/equipo-medico\/dra-alicia-rodriguez-zurita\/\" title=\"Dra. Alicia Rodr\u00edguez Zurita\">Dra. Alicia Rodr\u00edguez Zurita<\/a><span><\/span><\/h4>\t\t<h5>Ginec\u00f3loga y Obstetra<\/h5>\t\t<a class=\"view-details\" href=\"https:\/\/ginefem.com\/equipo-medico\/dra-alicia-rodriguez-zurita\/\" title=\"Dra. Alicia Rodr\u00edguez Zurita\">Voir les d\u00e9tails<\/a>\t<\/div><\/div>[\/vc_column][vc_column width=\u00a0\u00bb1\/4&Prime; css=\u00a0\u00bb.vc_custom_1622111571698{padding-right: 5px !important;padding-left: 5px !important;}\u00a0\u00bb]<div class=\"dt-sc-team style2\">\t<div class=\"dt-sc-team-thumb\"><img loading=\"lazy\" decoding=\"async\" width=\"700\" height=\"1000\" src=\"https:\/\/ginefem.com\/wp-content\/uploads\/2021\/11\/Diseno-sin-titulo-87-1.png\" alt=\"\" \/><\/div>\t<div class=\"dt-sc-team-details\">\t\t<h4><a href=\"https:\/\/ginefem.com\/equipo-medico\/dra-hortensia-garcia-robayna\/\" title=\"Dra. Hortensia Garc\u00eda Robayna\">Dra. Hortensia Garc\u00eda Robayna<\/a><span><\/span><\/h4>\t\t<h5>Ginec\u00f3loga y Obstetra<\/h5>\t\t<a class=\"view-details\" href=\"https:\/\/ginefem.com\/equipo-medico\/dra-hortensia-garcia-robayna\/\" title=\"Dra. Hortensia Garc\u00eda Robayna\">Voir les d\u00e9tails<\/a>\t<\/div><\/div>[\/vc_column][\/vc_row][vc_row full_width=\u00a0\u00bbstretch_row_content_no_spaces\u00a0\u00bb css_animation=\u00a0\u00bbfadeInUp\u00a0\u00bb][vc_column width=\u00a0\u00bb1\/4&Prime;]<div class=\"dt-sc-team style2\">\t<div class=\"dt-sc-team-thumb\"><img loading=\"lazy\" decoding=\"async\" width=\"700\" height=\"1000\" src=\"https:\/\/ginefem.com\/wp-content\/uploads\/2021\/11\/Diseno-sin-titulo-95-1.png\" alt=\"\" \/><\/div>\t<div class=\"dt-sc-team-details\">\t\t<h4><a href=\"https:\/\/ginefem.com\/equipo-medico\/dr-daniel-garcia-rodriguez-tenerife\/\" title=\"Dr. Daniel Garc\u00eda Rodr\u00edguez\">Dr. Daniel Garc\u00eda Rodr\u00edguez<\/a><span><\/span><\/h4>\t\t<h5>Ginec\u00f3logo y Obstetra<\/h5>\t\t<a class=\"view-details\" href=\"https:\/\/ginefem.com\/equipo-medico\/dr-daniel-garcia-rodriguez-tenerife\/\" title=\"Dr. Daniel Garc\u00eda Rodr\u00edguez\">Voir les d\u00e9tails<\/a>\t<\/div><\/div>[\/vc_column][vc_column width=\u00a0\u00bb1\/4&Prime; css=\u00a0\u00bb.vc_custom_1622111557213{padding-right: 5px !important;padding-left: 5px !important;}\u00a0\u00bb]<div class=\"dt-sc-team style2\">\t<div class=\"dt-sc-team-thumb\"><img loading=\"lazy\" decoding=\"async\" width=\"700\" height=\"1000\" src=\"https:\/\/ginefem.com\/wp-content\/uploads\/2021\/11\/Diseno-sin-titulo-89.png\" alt=\"\" \/><\/div>\t<div class=\"dt-sc-team-details\">\t\t<h4><a href=\"https:\/\/ginefem.com\/?post_type=dt_doctors&#038;p=11642\" title=\"Erika Amezcua Valmala\">Erika Amezcua Valmala<\/a><span><\/span><\/h4>\t\t<h5>Fisioterapeuta<\/h5>\t\t<a class=\"view-details\" href=\"https:\/\/ginefem.com\/?post_type=dt_doctors&#038;p=11642\" title=\"Erika Amezcua Valmala\">Voir les d\u00e9tails<\/a>\t<\/div><\/div>[\/vc_column][vc_column width=\u00a0\u00bb1\/4&Prime; css=\u00a0\u00bb.vc_custom_1622111564356{padding-right: 5px !important;padding-left: 5px !important;}\u00a0\u00bb]<div class=\"dt-sc-team style2\">\t<div class=\"dt-sc-team-thumb\"><img loading=\"lazy\" decoding=\"async\" width=\"700\" height=\"1000\" src=\"https:\/\/ginefem.com\/wp-content\/uploads\/2021\/11\/Diseno-sin-titulo-90.png\" alt=\"\" \/><\/div>\t<div class=\"dt-sc-team-details\">\t\t<h4><a href=\"https:\/\/ginefem.com\/equipo-medico\/vanesa-munoz\/\" title=\"Vanesa Mu\u00f1oz\">Vanesa Mu\u00f1oz<\/a><span><\/span><\/h4>\t\t<h5>Nutricionista y Dietista<\/h5>\t\t<a class=\"view-details\" href=\"https:\/\/ginefem.com\/equipo-medico\/vanesa-munoz\/\" title=\"Vanesa Mu\u00f1oz\">Voir les d\u00e9tails<\/a>\t<\/div><\/div>[\/vc_column][vc_column width=\u00a0\u00bb1\/4&Prime; css=\u00a0\u00bb.vc_custom_1622111571698{padding-right: 5px !important;padding-left: 5px !important;}\u00a0\u00bb]<div class=\"dt-sc-team style2\">\t<div class=\"dt-sc-team-thumb\"><img loading=\"lazy\" decoding=\"async\" width=\"700\" height=\"1000\" src=\"https:\/\/ginefem.com\/wp-content\/uploads\/2021\/11\/Diseno-sin-titulo-96.png\" alt=\"\" \/><\/div>\t<div class=\"dt-sc-team-details\">\t\t<h4><a href=\"https:\/\/ginefem.com\/equipo-medico\/dr-jose-alejandro-medina-garcia\/\" title=\"Dr. Jos\u00e9 Alejandro Medina Garc\u00eda\">Dr. Jos\u00e9 Alejandro Medina Garc\u00eda<\/a><span><\/span><\/h4>\t\t<h5>Medicina Interna<\/h5>\t\t<a class=\"view-details\" href=\"https:\/\/ginefem.com\/equipo-medico\/dr-jose-alejandro-medina-garcia\/\" title=\"Dr. Jos\u00e9 Alejandro Medina Garc\u00eda\">Voir les d\u00e9tails<\/a>\t<\/div><\/div>[\/vc_column][\/vc_row][vc_row full_width=\u00a0\u00bbstretch_row_content_no_spaces\u00a0\u00bb css_animation=\u00a0\u00bbfadeInUp\u00a0\u00bb][vc_column width=\u00a0\u00bb1\/4&Prime;]<div class=\"dt-sc-team style2\">\t<div class=\"dt-sc-team-thumb\"><img loading=\"lazy\" decoding=\"async\" width=\"700\" height=\"1000\" src=\"https:\/\/ginefem.com\/wp-content\/uploads\/2021\/11\/Diseno-sin-titulo-92.png\" alt=\"\" \/><\/div>\t<div class=\"dt-sc-team-details\">\t\t<h4><a href=\"https:\/\/ginefem.com\/?post_type=dt_doctors&#038;p=11639\" title=\"Lali Garc\u00eda\">Lali Garc\u00eda<\/a><span><\/span><\/h4>\t\t<h5>Psic\u00f3loga<\/h5>\t\t<a class=\"view-details\" href=\"https:\/\/ginefem.com\/?post_type=dt_doctors&#038;p=11639\" title=\"Lali Garc\u00eda\">Voir les d\u00e9tails<\/a>\t<\/div><\/div>[\/vc_column][vc_column width=\u00a0\u00bb1\/4&Prime; css=\u00a0\u00bb.vc_custom_1622111557213{padding-right: 5px !important;padding-left: 5px !important;}\u00a0\u00bb]<div class=\"dt-sc-team style2\">\t<div class=\"dt-sc-team-thumb\"><img loading=\"lazy\" decoding=\"async\" width=\"700\" height=\"1000\" src=\"https:\/\/ginefem.com\/wp-content\/uploads\/2021\/11\/Diseno-sin-titulo-93.png\" alt=\"\" \/><\/div>\t<div class=\"dt-sc-team-details\">\t\t<h4><a href=\"https:\/\/ginefem.com\/equipo-medico\/guillermina-morales\/\" title=\"Guillermina Morales\">Guillermina Morales<\/a><span><\/span><\/h4>\t\t<h5>T\u00e9cnico esteticista<\/h5>\t\t<a class=\"view-details\" href=\"https:\/\/ginefem.com\/equipo-medico\/guillermina-morales\/\" title=\"Guillermina Morales\">Voir les d\u00e9tails<\/a>\t<\/div><\/div>[\/vc_column][vc_column width=\u00a0\u00bb1\/4&Prime; css=\u00a0\u00bb.vc_custom_1622111564356{padding-right: 5px !important;padding-left: 5px !important;}\u00a0\u00bb]<div class=\"dt-sc-team style2\">\t<div class=\"dt-sc-team-thumb\"><img loading=\"lazy\" decoding=\"async\" width=\"700\" height=\"1000\" src=\"https:\/\/ginefem.com\/wp-content\/uploads\/2021\/11\/Diseno-sin-titulo-97.png\" alt=\"\" \/><\/div>\t<div class=\"dt-sc-team-details\">\t\t<h4><a href=\"https:\/\/ginefem.com\/equipo-medico\/sara-bote\/\" title=\"Sara Bote\">Sara Bote<\/a><span><\/span><\/h4>\t\t<h5>Psic\u00f3loga<\/h5>\t\t<a class=\"view-details\" href=\"https:\/\/ginefem.com\/equipo-medico\/sara-bote\/\" title=\"Sara Bote\">Voir les d\u00e9tails<\/a>\t<\/div><\/div>[\/vc_column][vc_column width=\u00a0\u00bb1\/4&Prime; css=\u00a0\u00bb.vc_custom_1622111571698{padding-right: 5px !important;padding-left: 5px !important;}\u00a0\u00bb][\/vc_column][\/vc_row]<\/p>\n<\/div>","protected":false},"excerpt":{"rendered":"<p>[vc_row full_width=\u00a0\u00bbstretch_row_content_no_spaces\u00a0\u00bb css_animation=\u00a0\u00bbfadeInUp\u00a0\u00bb el_id=\u00a0\u00bbequipo\u00a0\u00bb][vc_column width=\u00a0\u00bb1\/4&Prime;][\/vc_column][vc_column width=\u00a0\u00bb1\/4&Prime; css=\u00a0\u00bb.vc_custom_1622111557213{padding-right: 5px !important;padding-left: 5px !important;}\u00a0\u00bb][\/vc_column][vc_column width=\u00a0\u00bb1\/4&Prime; css=\u00a0\u00bb.vc_custom_1622111564356{padding-right: 5px !important;padding-left: 5px !important;}\u00a0\u00bb][\/vc_column][vc_column width=\u00a0\u00bb1\/4&Prime; css=\u00a0\u00bb.vc_custom_1622111571698{padding-right: 5px !important;padding-left: 5px !important;}\u00a0\u00bb][\/vc_column][\/vc_row][vc_row full_width=\u00a0\u00bbstretch_row_content_no_spaces\u00a0\u00bb css_animation=\u00a0\u00bbfadeInUp\u00a0\u00bb][vc_column width=\u00a0\u00bb1\/4&Prime;][\/vc_column][vc_column width=\u00a0\u00bb1\/4&Prime; css=\u00a0\u00bb.vc_custom_1622111557213{padding-right: 5px !important;padding-left: 5px !important;}\u00a0\u00bb][\/vc_column][vc_column width=\u00a0\u00bb1\/4&Prime; css=\u00a0\u00bb.vc_custom_1622111564356{padding-right: 5px !important;padding-left: 5px !important;}\u00a0\u00bb][\/vc_column][vc_column width=\u00a0\u00bb1\/4&Prime; css=\u00a0\u00bb.vc_custom_1622111571698{padding-right: 5px !important;padding-left: 5px !important;}\u00a0\u00bb][\/vc_column][\/vc_row][vc_row full_width=\u00a0\u00bbstretch_row_content_no_spaces\u00a0\u00bb css_animation=\u00a0\u00bbfadeInUp\u00a0\u00bb][vc_column width=\u00a0\u00bb1\/4&Prime;][\/vc_column][vc_column width=\u00a0\u00bb1\/4&Prime; css=\u00a0\u00bb.vc_custom_1622111557213{padding-right: 5px !important;padding-left: 5px !important;}\u00a0\u00bb][\/vc_column][vc_column width=\u00a0\u00bb1\/4&Prime; css=\u00a0\u00bb.vc_custom_1622111564356{padding-right: [&hellip;]<\/p>\n","protected":false},"author":1,"featured_media":0,"parent":0,"menu_order":0,"comment_status":"closed","ping_status":"closed","template":"","meta":{"_joinchat":[],"footnotes":""},"class_list":["post-13534","page","type-page","status-publish","hentry"],"yoast_head":"<!-- This site is optimized with the Yoast SEO plugin v27.3 - https:\/\/yoast.com\/product\/yoast-seo-wordpress\/ -->\n<title>Equipe M\u00e9dicale Ginefem - Confiance et s\u00e9r\u00e9nit\u00e9<\/title>\n<meta name=\"description\" content=\"Chez Ginefem, notre vocation est d&#039;accompagner les femmes dans les diff\u00e9rentes \u00e9tapes de leur vie, en les aidant \u00e0 rester en bonne sant\u00e9.\" \/>\n<meta name=\"robots\" content=\"index, follow, max-snippet:-1, max-image-preview:large, max-video-preview:-1\" \/>\n<link rel=\"canonical\" href=\"https:\/\/ginefem.com\/fr\/equipe-medical-gynefem\/\" \/>\n<meta property=\"og:locale\" content=\"fr_FR\" \/>\n<meta property=\"og:type\" content=\"article\" \/>\n<meta property=\"og:title\" content=\"Equipe M\u00e9dicale Ginefem - Confiance et s\u00e9r\u00e9nit\u00e9\" \/>\n<meta property=\"og:description\" content=\"Chez Ginefem, notre vocation est d&#039;accompagner les femmes dans les diff\u00e9rentes \u00e9tapes de leur vie, en les aidant \u00e0 rester en bonne sant\u00e9.\" \/>\n<meta property=\"og:url\" content=\"https:\/\/ginefem.com\/fr\/equipe-medical-gynefem\/\" \/>\n<meta property=\"og:site_name\" content=\"Ginefem\" \/>\n<meta property=\"article:publisher\" content=\"https:\/\/es-es.facebook.com\/GinefemMujer\/\" \/>\n<meta property=\"article:modified_time\" content=\"2022-02-04T14:03:45+00:00\" \/>\n<meta name=\"twitter:card\" content=\"summary_large_image\" \/>\n<meta name=\"twitter:site\" content=\"@Ginefem\" \/>\n<meta name=\"twitter:label1\" content=\"Dur\u00e9e de lecture estim\u00e9e\" \/>\n\t<meta name=\"twitter:data1\" content=\"1 minute\" \/>\n<script type=\"application\/ld+json\" class=\"yoast-schema-graph\">{\"@context\":\"https:\\\/\\\/schema.org\",\"@graph\":[{\"@type\":\"WebPage\",\"@id\":\"https:\\\/\\\/ginefem.com\\\/fr\\\/equipe-medical-gynefem\\\/\",\"url\":\"https:\\\/\\\/ginefem.com\\\/fr\\\/equipe-medical-gynefem\\\/\",\"name\":\"Equipe M\u00e9dicale Ginefem - Confiance et s\u00e9r\u00e9nit\u00e9\",\"isPartOf\":{\"@id\":\"https:\\\/\\\/ginefem.com\\\/#website\"},\"datePublished\":\"2021-11-04T10:24:43+00:00\",\"dateModified\":\"2022-02-04T14:03:45+00:00\",\"description\":\"Chez Ginefem, notre vocation est d'accompagner les femmes dans les diff\u00e9rentes \u00e9tapes de leur vie, en les aidant \u00e0 rester en bonne sant\u00e9.\",\"breadcrumb\":{\"@id\":\"https:\\\/\\\/ginefem.com\\\/fr\\\/equipe-medical-gynefem\\\/#breadcrumb\"},\"inLanguage\":\"fr-FR\",\"potentialAction\":[{\"@type\":\"ReadAction\",\"target\":[\"https:\\\/\\\/ginefem.com\\\/fr\\\/equipe-medical-gynefem\\\/\"]}]},{\"@type\":\"BreadcrumbList\",\"@id\":\"https:\\\/\\\/ginefem.com\\\/fr\\\/equipe-medical-gynefem\\\/#breadcrumb\",\"itemListElement\":[{\"@type\":\"ListItem\",\"position\":1,\"name\":\"Portada\",\"item\":\"https:\\\/\\\/ginefem.com\\\/fr\\\/\"},{\"@type\":\"ListItem\",\"position\":2,\"name\":\"\u00c9quipement m\u00e9dical\"}]},{\"@type\":\"WebSite\",\"@id\":\"https:\\\/\\\/ginefem.com\\\/#website\",\"url\":\"https:\\\/\\\/ginefem.com\\\/\",\"name\":\"Ginefem\",\"description\":\"Salud integral de la mujer\",\"potentialAction\":[{\"@type\":\"SearchAction\",\"target\":{\"@type\":\"EntryPoint\",\"urlTemplate\":\"https:\\\/\\\/ginefem.com\\\/?s={search_term_string}\"},\"query-input\":{\"@type\":\"PropertyValueSpecification\",\"valueRequired\":true,\"valueName\":\"search_term_string\"}}],\"inLanguage\":\"fr-FR\"}]}<\/script>\n<!-- \/ Yoast SEO plugin. -->","yoast_head_json":{"title":"Equipe M\u00e9dicale Ginefem - Confiance et s\u00e9r\u00e9nit\u00e9","description":"Chez Ginefem, notre vocation est d'accompagner les femmes dans les diff\u00e9rentes \u00e9tapes de leur vie, en les aidant \u00e0 rester en bonne sant\u00e9.","robots":{"index":"index","follow":"follow","max-snippet":"max-snippet:-1","max-image-preview":"max-image-preview:large","max-video-preview":"max-video-preview:-1"},"canonical":"https:\/\/ginefem.com\/fr\/equipe-medical-gynefem\/","og_locale":"fr_FR","og_type":"article","og_title":"Equipe M\u00e9dicale Ginefem - Confiance et s\u00e9r\u00e9nit\u00e9","og_description":"Chez Ginefem, notre vocation est d'accompagner les femmes dans les diff\u00e9rentes \u00e9tapes de leur vie, en les aidant \u00e0 rester en bonne sant\u00e9.","og_url":"https:\/\/ginefem.com\/fr\/equipe-medical-gynefem\/","og_site_name":"Ginefem","article_publisher":"https:\/\/es-es.facebook.com\/GinefemMujer\/","article_modified_time":"2022-02-04T14:03:45+00:00","twitter_card":"summary_large_image","twitter_site":"@Ginefem","twitter_misc":{"Dur\u00e9e de lecture estim\u00e9e":"1 minute"},"schema":{"@context":"https:\/\/schema.org","@graph":[{"@type":"WebPage","@id":"https:\/\/ginefem.com\/fr\/equipe-medical-gynefem\/","url":"https:\/\/ginefem.com\/fr\/equipe-medical-gynefem\/","name":"Equipe M\u00e9dicale Ginefem - Confiance et s\u00e9r\u00e9nit\u00e9","isPartOf":{"@id":"https:\/\/ginefem.com\/#website"},"datePublished":"2021-11-04T10:24:43+00:00","dateModified":"2022-02-04T14:03:45+00:00","description":"Chez Ginefem, notre vocation est d'accompagner les femmes dans les diff\u00e9rentes \u00e9tapes de leur vie, en les aidant \u00e0 rester en bonne sant\u00e9.","breadcrumb":{"@id":"https:\/\/ginefem.com\/fr\/equipe-medical-gynefem\/#breadcrumb"},"inLanguage":"fr-FR","potentialAction":[{"@type":"ReadAction","target":["https:\/\/ginefem.com\/fr\/equipe-medical-gynefem\/"]}]},{"@type":"BreadcrumbList","@id":"https:\/\/ginefem.com\/fr\/equipe-medical-gynefem\/#breadcrumb","itemListElement":[{"@type":"ListItem","position":1,"name":"Portada","item":"https:\/\/ginefem.com\/fr\/"},{"@type":"ListItem","position":2,"name":"\u00c9quipement m\u00e9dical"}]},{"@type":"WebSite","@id":"https:\/\/ginefem.com\/#website","url":"https:\/\/ginefem.com\/","name":"Ginefem","description":"Salud integral de la mujer","potentialAction":[{"@type":"SearchAction","target":{"@type":"EntryPoint","urlTemplate":"https:\/\/ginefem.com\/?s={search_term_string}"},"query-input":{"@type":"PropertyValueSpecification","valueRequired":true,"valueName":"search_term_string"}}],"inLanguage":"fr-FR"}]}},"_links":{"self":[{"href":"https:\/\/ginefem.com\/fr\/wp-json\/wp\/v2\/pages\/13534","targetHints":{"allow":["GET"]}}],"collection":[{"href":"https:\/\/ginefem.com\/fr\/wp-json\/wp\/v2\/pages"}],"about":[{"href":"https:\/\/ginefem.com\/fr\/wp-json\/wp\/v2\/types\/page"}],"author":[{"embeddable":true,"href":"https:\/\/ginefem.com\/fr\/wp-json\/wp\/v2\/users\/1"}],"replies":[{"embeddable":true,"href":"https:\/\/ginefem.com\/fr\/wp-json\/wp\/v2\/comments?post=13534"}],"version-history":[{"count":4,"href":"https:\/\/ginefem.com\/fr\/wp-json\/wp\/v2\/pages\/13534\/revisions"}],"predecessor-version":[{"id":39017,"href":"https:\/\/ginefem.com\/fr\/wp-json\/wp\/v2\/pages\/13534\/revisions\/39017"}],"wp:attachment":[{"href":"https:\/\/ginefem.com\/fr\/wp-json\/wp\/v2\/media?parent=13534"}],"curies":[{"name":"wp","href":"https:\/\/api.w.org\/{rel}","templated":true}]}}