{"id":13538,"date":"2021-10-11T13:17:56","date_gmt":"2021-10-11T13:17:56","guid":{"rendered":"https:\/\/ginefem.com\/ginecologia\/"},"modified":"2022-02-04T14:05:14","modified_gmt":"2022-02-04T14:05:14","slug":"gynecologie","status":"publish","type":"page","link":"https:\/\/ginefem.com\/fr\/gynecologie\/","title":{"rendered":"Gyn\u00e9cologie"},"content":{"rendered":"<div class=\"wpb-content-wrapper\"><p>[vc_row][vc_column][vc_single_image image=\u00a0\u00bb37913&Prime; img_size=\u00a0\u00bbfull\u00a0\u00bb]<div class=\"ult-spacer spacer-69d6682a94a57\" data-id=\"69d6682a94a57\" data-height=\"20\" data-height-mobile=\"20\" data-height-tab=\"20\" data-height-tab-portrait=\"\" data-height-mobile-landscape=\"\" style=\"clear:both;display:block;\"><\/div>[vc_custom_heading text=\u00a0\u00bbGYN\u00c9COLOGIE\u00a0\u00bb use_theme_fonts=\u00a0\u00bbyes\u00a0\u00bb]<div class='dt-sc-single-border-separator '><\/div><div class=\"ult-spacer spacer-69d6682a94af6\" data-id=\"69d6682a94af6\" data-height=\"50\" data-height-mobile=\"50\" data-height-tab=\"50\" data-height-tab-portrait=\"\" data-height-mobile-landscape=\"\" style=\"clear:both;display:block;\"><\/div>[vc_row_inner][vc_column_inner width=\u00a0\u00bb1\/2&Prime;][vc_column_text css=\u00a0\u00bb.vc_custom_1639487477229{margin-bottom: 0px !important;}\u00a0\u00bb]Chez Ginefem, nous avons un service de gyn\u00e9cologie qui vise \u00e0 offrir une prise en charge globale aux femmes \u00e0 toutes les \u00e9tapes de leur vie. Dans cette unit\u00e9, nous r\u00e9alisons des examens gyn\u00e9cologiques p\u00e9riodiques de patientes saines, en plus du diagnostic pr\u00e9coce des pathologies gyn\u00e9cologiques, des traitements m\u00e9dico-chirurgicaux et du suivi des patientes atteintes de maladies gyn\u00e9cologiques et mammaires.[\/vc_column_text][vc_empty_space height=\u00a0\u00bb22px\u00a0\u00bb][vc_btn title=\u00a0\u00bbPRENDRE RENDEZ-VOUS\u00a0\u00bb shape=\u00a0\u00bbsquare\u00a0\u00bb size=\u00a0\u00bblg\u00a0\u00bb align=\u00a0\u00bbcenter\u00a0\u00bb button_block=\u00a0\u00bbtrue\u00a0\u00bb link=\u00a0\u00bburl:%23pide-cita\u00a0\u00bb][\/vc_column_inner][vc_column_inner width=\u00a0\u00bb1\/2&Prime;]<h3>Services de l&rsquo;unit\u00e9 de gyn\u00e9cologie:<\/h3>\n<ul class='dt-sc-fancy-list   tick'>\n<li>Examen complet de tous les organes f\u00e9minins pour v\u00e9rifier s&rsquo;ils sont en bonne sant\u00e9.<\/li>\n<li>Exploration des seins, de la vulve, du vagin et du col de l&rsquo;ut\u00e9rus.<\/li>\n<li>\u00c9chographie pour \u00e9valuer l&rsquo;ut\u00e9rus, l&rsquo;endom\u00e8tre et les ovaires.<\/li>\n<\/ul>[\/vc_column_inner][\/vc_row_inner]<div class=\"ult-spacer spacer-69d6682a94b89\" data-id=\"69d6682a94b89\" data-height=\"60\" data-height-mobile=\"30\" data-height-tab=\"40\" data-height-tab-portrait=\"40\" data-height-mobile-landscape=\"30\" style=\"clear:both;display:block;\"><\/div>[\/vc_column][\/vc_row][vc_row][vc_column][\/vc_column][\/vc_row][vc_row][vc_column]<div class=\"ult-spacer spacer-69d6682a94bb4\" data-id=\"69d6682a94bb4\" data-height=\"40\" data-height-mobile=\"20\" data-height-tab=\"30\" data-height-tab-portrait=\"30\" data-height-mobile-landscape=\"20\" style=\"clear:both;display:block;\"><\/div>[vc_column_text el_class=\u00a0\u00bbaligncenter\u00a0\u00bb]<div class='dt-sc-title with-two-border '><h2>Plus d'informations<\/h2><\/div>[\/vc_column_text]<div class='dt-sc-clear '> <\/div><div class=\"ult-spacer spacer-69d6682a94c21\" data-id=\"69d6682a94c21\" data-height=\"40\" data-height-mobile=\"20\" data-height-tab=\"30\" data-height-tab-portrait=\"30\" data-height-mobile-landscape=\"20\" style=\"clear:both;display:block;\"><\/div>[vc_row_inner][vc_column_inner width=\u00a0\u00bb1\/2&Prime;]<div class='dt-sc-image-caption type8 '><div class='dt-sc-image-wrapper'><a target=\"_self\" href=\"\"><img loading=\"lazy\" decoding=\"async\" width=\"420\" height=\"260\" src=\"https:\/\/ginefem.com\/wp-content\/uploads\/2021\/10\/Diseno-sin-titulo-38.png\" class=\"attachment-full\" alt=\"\" title=\"Dise\u00f1o sin t\u00edtulo (38)\" srcset=\"https:\/\/ginefem.com\/wp-content\/uploads\/2021\/10\/Diseno-sin-titulo-38.png 420w, https:\/\/ginefem.com\/wp-content\/uploads\/2021\/10\/Diseno-sin-titulo-38-300x186.png 300w\" sizes=\"auto, (max-width: 420px) 100vw, 420px\" \/><\/a><\/div><div class='dt-sc-image-content'><div class='dt-sc-image-title'><h3>Quand passer un examen gyn\u00e9cologique ?<\/h3><\/div><p>Les d\u00e9pistages doivent commencer au d\u00e9but des rapports sexuels ou lorsque vous pensez que vous \u00eates sur le point de commencer \u00e0 avoir des rapports sexuels.<\/p>\n<p>La jeune femme doit \u00e9galement y aller lorsqu&rsquo;elle sent que ses r\u00e8gles sont irr\u00e9guli\u00e8res ou douloureuses.<\/p>\n<p><a href='#' target='_self' title='' class='dt-sc-button   small   filled  ' > Prendre rendez-vous <\/a><\/p><\/div><\/div>[\/vc_column_inner][vc_column_inner width=\u00a0\u00bb1\/2&Prime;]<div class='dt-sc-image-caption type8 '><div class='dt-sc-image-wrapper'><a target=\"_self\" href=\"\"><img loading=\"lazy\" decoding=\"async\" width=\"420\" height=\"260\" src=\"https:\/\/ginefem.com\/wp-content\/uploads\/2021\/10\/Diseno-sin-titulo-39.png\" class=\"attachment-full\" alt=\"\" title=\"Dise\u00f1o sin t\u00edtulo (39)\" srcset=\"https:\/\/ginefem.com\/wp-content\/uploads\/2021\/10\/Diseno-sin-titulo-39.png 420w, https:\/\/ginefem.com\/wp-content\/uploads\/2021\/10\/Diseno-sin-titulo-39-300x186.png 300w\" sizes=\"auto, (max-width: 420px) 100vw, 420px\" \/><\/a><\/div><div class='dt-sc-image-content'><div class='dt-sc-image-title'><h3>Pr\u00e9vention du cancer gyn\u00e9cologique<\/h3><\/div><p>Dans la clinique compl\u00e8te de sant\u00e9 f\u00e9minine, Ginefem, nous avons des professionnels sp\u00e9cialis\u00e9s dans la d\u00e9tection du cancer gyn\u00e9cologique et nous effectuons tous les tests n\u00e9cessaires pour le pr\u00e9venir et le diagnostiquer \u00e0 ses d\u00e9buts.<\/p>\n<p><a href='#' target='_self' title='' class='dt-sc-button   small   filled  ' > Prendre rendez-vous <\/a><\/p><\/div><\/div>[\/vc_column_inner][\/vc_row_inner]<div class=\"ult-spacer spacer-69d6682a96806\" data-id=\"69d6682a96806\" data-height=\"30\" data-height-mobile=\"20\" data-height-tab=\"20\" data-height-tab-portrait=\"20\" data-height-mobile-landscape=\"20\" style=\"clear:both;display:block;\"><\/div>[\/vc_column][\/vc_row][vc_row][vc_column]<div class='dt-sc-toggle-frame-set type2 '><h5 class='dt-sc-toggle-accordion '><a href='#'>\u00bbExamen<\/a><\/h5><div class=\"dt-sc-toggle-content\" style=\"display: none;\"><div class=\"block\">[vc_column_text css=\u00a0\u00bb.vc_custom_1639487716928{margin-bottom: 0px !important;}\u00a0\u00bb]Les femmes \u00e0 partir de 20 ans ou au d\u00e9but de leur vie sexuelle doivent subir p\u00e9riodiquement un examen gyn\u00e9cologique pour pr\u00e9venir d&rsquo;\u00e9ventuelles pathologies gyn\u00e9cologiques et mammaires. Il s&rsquo;agit d&rsquo;un bilan pr\u00e9ventif \u00e0 suivre annuellement m\u00eame si le patient ne pr\u00e9sente aucun sympt\u00f4me.[\/vc_column_text]<\/div><\/div><h5 class='dt-sc-toggle-accordion '><a href='#'>\u00bbCytologie<\/a><\/h5><div class=\"dt-sc-toggle-content\" style=\"display: none;\"><div class=\"block\">[vc_column_text css=\u00a0\u00bb.vc_custom_1639487744766{margin-bottom: 0px !important;}\u00a0\u00bb]Papanicolau ou cytologie est un test qui est r\u00e9alis\u00e9 lors de l&rsquo;examen gyn\u00e9cologique et qui est essentiel dans la pr\u00e9vention des cancers, comme celui du col de l&rsquo;ut\u00e9rus. Ce test permet de d\u00e9tecter pr\u00e9cocement les anomalies du col de l&rsquo;ut\u00e9rus et doit \u00eatre effectu\u00e9 d\u00e8s le d\u00e9but des rapports sexuels ou plus t\u00f4t si le gyn\u00e9cologue le juge appropri\u00e9. Actuellement, il doit \u00eatre effectu\u00e9 tous les trois ans, m\u00eame si ce sera le sp\u00e9cialiste qui d\u00e9terminera sa fr\u00e9quence.[\/vc_column_text]<\/div><\/div><h5 class='dt-sc-toggle-accordion '><a href='#'>\u00bbPr\u00e9vention<\/a><\/h5><div class=\"dt-sc-toggle-content\" style=\"display: none;\"><div class=\"block\">[vc_column_text css=\u00a0\u00bb.vc_custom_1639487772486{margin-bottom: 0px !important;}\u00a0\u00bb]Dans notre unit\u00e9, en plus de mener un programme de pr\u00e9vention des cancers gyn\u00e9cologiques, nous disposons de tous les tests n\u00e9cessaires au diagnostic et au traitement de ces cancers. Chaque patient est trait\u00e9 de mani\u00e8re totalement personnalis\u00e9e en fonction de ses caract\u00e9ristiques et de son histoire clinique.[\/vc_column_text]<\/div><\/div><h5 class='dt-sc-toggle-accordion '><a href='#'>\u00bbColposcopie<\/a><\/h5><div class=\"dt-sc-toggle-content\" style=\"display: none;\"><div class=\"block\">[vc_column_text css=\u00a0\u00bb.vc_custom_1639487807791{margin-bottom: 0px !important;}\u00a0\u00bb]La colposcopie est l&rsquo;un des tests effectu\u00e9s dans la d\u00e9tection du cancer du col de l&rsquo;ut\u00e9rus afin de rechercher des cellules anormales dans le col de l&rsquo;ut\u00e9rus.<\/p>\n<p>Le gyn\u00e9cologue ins\u00e8re un sp\u00e9culum dans le vagin qui permet de visualiser le col de l&rsquo;ut\u00e9rus. C&rsquo;est un test indolore, bien qu&rsquo;il puisse \u00eatre inconfortable lors de la r\u00e9alisation d&rsquo;une biopsie cervicale.[\/vc_column_text]<\/div><\/div><h5 class='dt-sc-toggle-accordion '><a href='#'>\u00bbVaccination<\/a><\/h5><div class=\"dt-sc-toggle-content\" style=\"display: none;\"><div class=\"block\">[vc_column_text css=\u00a0\u00bb.vc_custom_1639487841582{margin-bottom: 0px !important;}\u00a0\u00bb]Il existe plus de 40 types de papillomavirus humains qui se transmettent par contact sexuel direct et c&rsquo;est le virus sexuellement transmissible le plus courant. La plupart des infections au VPH ne provoquent pas de sympt\u00f4mes et peuvent dispara\u00eetre d&rsquo;elles-m\u00eames, mais elles peuvent toujours provoquer un cancer du col de l&rsquo;ut\u00e9rus.<\/p>\n<p>La vaccination contre ce virus est indispensable pour pr\u00e9venir la plupart des cas de cancer du col de l&rsquo;ut\u00e9rus, du vagin, de la vulve chez la femme ou des verrues g\u00e9nitales chez l&rsquo;homme et la femme. Les experts recommandent que les filles soient vaccin\u00e9es d\u00e8s l&rsquo;\u00e2ge de 11 ou 12 ans et avant de commencer les rapports sexuels.[\/vc_column_text]<\/div><\/div><h5 class='dt-sc-toggle-accordion '><a href='#'>\u00bbM\u00e9nopause<\/a><\/h5><div class=\"dt-sc-toggle-content\" style=\"display: none;\"><div class=\"block\">[vc_column_text css=\u00a0\u00bb.vc_custom_1639487874506{margin-bottom: 0px !important;}\u00a0\u00bb]La m\u00e9nopause est l&rsquo;\u00e9tape de la vie d&rsquo;une femme o\u00f9 la menstruation dispara\u00eet et commence g\u00e9n\u00e9ralement entre 47 et 52 ans. Cela se produit en raison d&rsquo;une diminution de la production d&rsquo;hormones f\u00e9minines (\u0153strog\u00e8nes et progest\u00e9rone).<\/p>\n<p>Les femmes pr\u00e9sentent une grande vari\u00e9t\u00e9 de sympt\u00f4mes et certains d&rsquo;entre eux peuvent avoir besoin d&rsquo;un traitement.[\/vc_column_text]<\/div><\/div><h5 class='dt-sc-toggle-accordion '><a href='#'>\u00bbHyst\u00e9roscopie<\/a><\/h5><div class=\"dt-sc-toggle-content\" style=\"display: none;\"><div class=\"block\">[vc_column_text css=\u00a0\u00bb.vc_custom_1639487898768{margin-bottom: 0px !important;}\u00a0\u00bb]L&rsquo;hyst\u00e9roscopie est une technique qui permet de voir l&rsquo;ut\u00e9rus, elle est r\u00e9alis\u00e9e sans anesth\u00e9sie et au cabinet du gyn\u00e9cologue. Ce test, qui dure g\u00e9n\u00e9ralement environ 15 minutes, est effectu\u00e9 pour savoir s&rsquo;il existe des malformations affectant la reproduction, la raison des menstruations abondantes ou anormales, confirmer d&rsquo;\u00e9ventuels fibromes ou polypes observ\u00e9s \u00e0 l&rsquo;\u00e9chographie, pour le retrait du DIU et pour la st\u00e9rilisation f\u00e9minine.[\/vc_column_text]<\/div><\/div><h5 class='dt-sc-toggle-accordion '><a href='#'>\u00bbChirurgie<\/a><\/h5><div class=\"dt-sc-toggle-content\" style=\"display: none;\"><div class=\"block\">[vc_column_text css=\u00a0\u00bb.vc_custom_1639487924656{margin-bottom: 0px !important;}\u00a0\u00bb]La chirurgie laparoscopique est une technique chirurgicale mini-invasive, qui consiste \u00e0 pratiquer de petites incisions d&rsquo;environ 5 mm dans diff\u00e9rentes zones du bassin. De cette fa\u00e7on, presque tous les probl\u00e8mes gyn\u00e9cologiques peuvent \u00eatre trait\u00e9s, comme les fibromes, les kystes ovariens, les prolapsus g\u00e9nitaux&#8230;[\/vc_column_text]<\/div><\/div><h5 class='dt-sc-toggle-accordion '><a href='#'>\u00bbTraitement<\/a><\/h5><div class=\"dt-sc-toggle-content\" style=\"display: none;\"><div class=\"block\">[vc_column_text css=\u00a0\u00bb.vc_custom_1639487953104{margin-bottom: 0px !important;}\u00a0\u00bb]Les verrues g\u00e9nitales sont une maladie sexuellement transmissible qui appara\u00eet en raison du VPH. Ceux-ci sont facilement d\u00e9tect\u00e9s car ils se pr\u00e9sentent g\u00e9n\u00e9ralement sous la forme d&rsquo;une petite masse ou d&rsquo;un groupe de masses dans la r\u00e9gion g\u00e9nitale. Ces verrues peuvent se propager pendant les rapports sexuels.<\/p>\n<p>Chez Ginefem, nous effectuons un traitement au laser pour d\u00e9truire les verrues g\u00e9nitales. L&rsquo;intervention n\u00e9cessite l&rsquo;utilisation d&rsquo;une anesth\u00e9sie locale ou g\u00e9n\u00e9rale, selon le cas de chaque patient.[\/vc_column_text]<\/div><\/div><h5 class='dt-sc-toggle-accordion '><a href='#'>\u00bbTraitement<\/a><\/h5><div class=\"dt-sc-toggle-content\" style=\"display: none;\"><div class=\"block\">[vc_column_text css=\u00a0\u00bb.vc_custom_1639487982263{margin-bottom: 0px !important;}\u00a0\u00bb]L&rsquo;incontinence urinaire peut \u00eatre trait\u00e9e par la r\u00e9\u00e9ducation du plancher pelvien, les m\u00e9dicaments, la chirurgie ou avec nos traitements par radiofr\u00e9quence et le fauteuil BTL Emsella. Tout cela d\u00e9pendra de chaque cas. Chez Ginefem, nous avons \u00e9galement le dernier syst\u00e8me de traitement au laser, tr\u00e8s efficace contre l&rsquo;incontinence l\u00e9g\u00e8re ou mod\u00e9r\u00e9e chez les jeunes femmes.[\/vc_column_text]<\/div><\/div><\/div>[\/vc_column][\/vc_row][vc_row][vc_column]<div class=\"ult-spacer spacer-69d6682a96c53\" data-id=\"69d6682a96c53\" data-height=\"80\" data-height-mobile=\"50\" data-height-tab=\"60\" data-height-tab-portrait=\"60\" data-height-mobile-landscape=\"50\" style=\"clear:both;display:block;\"><\/div>[\/vc_column][\/vc_row][vc_row][vc_column width=\u00a0\u00bb1\/3&Prime;]<div class='dt-sc-pr-tb-col type2 '><div class=\"dt-sc-tb-header\"><div class=\"dt-sc-tb-title\"><h5> <span>1<\/span>Examen<br>gyn\u00e9cologique<\/h5><\/div><div class=\"dt-sc-price\"><h6> <sup><\/sup><\/h6><\/div><\/div><ul class=\"dt-sc-tb-content\">\n<li>V\u00e9rifier que tous les organes f\u00e9minins sont sains.<\/li>\n<\/ul><\/div>[\/vc_column][vc_column width=\u00a0\u00bb1\/3&Prime;]<div class='dt-sc-pr-tb-col type2 '><div class=\"dt-sc-tb-header\"><div class=\"dt-sc-tb-title\"><h5> <span>2<\/span>Diagnostic<br>pr\u00e9coce<\/h5><\/div><div class=\"dt-sc-price\"><h6> <sup><\/sup><\/h6><\/div><\/div><ul class=\"dt-sc-tb-content\">\n<li>Pr\u00e9venir et diagnostiquer au stade initial tout type de pathologie gyn\u00e9cologique.<\/li>\n<\/ul><\/div>[\/vc_column][vc_column width=\u00a0\u00bb1\/3&Prime;]<div class='dt-sc-pr-tb-col type2 '><div class=\"dt-sc-tb-header\"><div class=\"dt-sc-tb-title\"><h5> <span>3<\/span>Le suivi<br><\/h5><\/div><div class=\"dt-sc-price\"><h6> <sup><\/sup><\/h6><\/div><\/div><ul class=\"dt-sc-tb-content\">\n<li>Parmi les patientes atteintes de maladies gyn\u00e9cologiques et mammaires.<\/li>\n<\/ul><\/div>[\/vc_column][\/vc_row][vc_row][vc_column]<div class=\"ult-spacer spacer-69d6682a96d1e\" data-id=\"69d6682a96d1e\" data-height=\"80\" data-height-mobile=\"50\" data-height-tab=\"60\" data-height-tab-portrait=\"60\" data-height-mobile-landscape=\"50\" style=\"clear:both;display:block;\"><\/div>[\/vc_column][\/vc_row][vc_row][vc_column width=\u00a0\u00bb1\/2&Prime;]<div class='dt-sc-icon-box type5 '><div class=\"icon-wrapper\"><span class='fas fa-question'> <\/span><\/div><div class=\"icon-content\"><h4>Nous pouvons t'aider?<\/h4><p>Si vous avez des questions ou besoin de votre bilan gyn\u00e9cologique annuel, prenez rendez-vous d\u00e8s maintenant au 922 241 598 ou via ce formulaire.<\/p><\/div><\/div>[\/vc_column][vc_column width=\u00a0\u00bb1\/2&Prime;]<div class='dt-sc-icon-box type5 last'><div class=\"icon-wrapper\"><span class='far fa-calendar-alt'> <\/span><\/div><div class=\"icon-content\"><h4>Commentaires<\/h4><p>Pour un suivi et un contr\u00f4le ad\u00e9quats, il est essentiel de suivre le calendrier des visites \u00e9tabli par le sp\u00e9cialiste.<\/p><\/div><\/div>[\/vc_column][\/vc_row][vc_row][vc_column offset=\u00a0\u00bbvc_hidden-lg vc_hidden-md vc_hidden-sm vc_hidden-xs\u00a0\u00bb][vc_icon][\/vc_column][\/vc_row]<\/p>\n<\/div>","protected":false},"excerpt":{"rendered":"<p>[vc_row][vc_column][vc_single_image image=\u00a0\u00bb37913&Prime; img_size=\u00a0\u00bbfull\u00a0\u00bb][vc_custom_heading text=\u00a0\u00bbGYN\u00c9COLOGIE\u00a0\u00bb use_theme_fonts=\u00a0\u00bbyes\u00a0\u00bb][vc_row_inner][vc_column_inner width=\u00a0\u00bb1\/2&Prime;][vc_column_text css=\u00a0\u00bb.vc_custom_1639487477229{margin-bottom: 0px !important;}\u00a0\u00bb]Chez Ginefem, nous avons un service de gyn\u00e9cologie qui vise \u00e0 offrir une prise en charge globale aux femmes \u00e0 toutes les \u00e9tapes de leur vie. Dans cette unit\u00e9, nous r\u00e9alisons des examens gyn\u00e9cologiques p\u00e9riodiques de patientes saines, en plus du diagnostic pr\u00e9coce des pathologies gyn\u00e9cologiques, des [&hellip;]<\/p>\n","protected":false},"author":1,"featured_media":13515,"parent":0,"menu_order":0,"comment_status":"closed","ping_status":"closed","template":"","meta":{"_joinchat":[],"footnotes":""},"class_list":["post-13538","page","type-page","status-publish","hentry"],"yoast_head":"<!-- This site is optimized with the Yoast SEO plugin v27.3 - https:\/\/yoast.com\/product\/yoast-seo-wordpress\/ -->\n<title>Service de gyn\u00e9cologie \u00e0 Tenerife - Ginefem<\/title>\n<meta name=\"description\" content=\"Chez Ginefem, nous avons un service de gyn\u00e9cologie qui vise \u00e0 offrir une prise en charge globale aux femmes \u00e0 toutes les \u00e9tapes de leur vie.\" \/>\n<meta name=\"robots\" content=\"index, follow, max-snippet:-1, max-image-preview:large, max-video-preview:-1\" \/>\n<link rel=\"canonical\" href=\"https:\/\/ginefem.com\/fr\/gynecologie\/\" \/>\n<meta property=\"og:locale\" content=\"fr_FR\" \/>\n<meta property=\"og:type\" content=\"article\" \/>\n<meta property=\"og:title\" content=\"Service de gyn\u00e9cologie \u00e0 Tenerife - Ginefem\" \/>\n<meta property=\"og:description\" content=\"Chez Ginefem, nous avons un service de gyn\u00e9cologie qui vise \u00e0 offrir une prise en charge globale aux femmes \u00e0 toutes les \u00e9tapes de leur vie.\" \/>\n<meta property=\"og:url\" content=\"https:\/\/ginefem.com\/fr\/gynecologie\/\" \/>\n<meta property=\"og:site_name\" content=\"Ginefem\" \/>\n<meta property=\"article:publisher\" content=\"https:\/\/es-es.facebook.com\/GinefemMujer\/\" \/>\n<meta property=\"article:modified_time\" content=\"2022-02-04T14:05:14+00:00\" \/>\n<meta property=\"og:image\" content=\"https:\/\/ginefem.com\/wp-content\/uploads\/2021\/11\/ginecologia.jpg\" \/>\n\t<meta property=\"og:image:width\" content=\"900\" \/>\n\t<meta property=\"og:image:height\" content=\"600\" \/>\n\t<meta property=\"og:image:type\" content=\"image\/jpeg\" \/>\n<meta name=\"twitter:card\" content=\"summary_large_image\" \/>\n<meta name=\"twitter:site\" content=\"@Ginefem\" \/>\n<meta name=\"twitter:label1\" content=\"Dur\u00e9e de lecture estim\u00e9e\" \/>\n\t<meta name=\"twitter:data1\" content=\"5 minutes\" \/>\n<script type=\"application\/ld+json\" class=\"yoast-schema-graph\">{\"@context\":\"https:\\\/\\\/schema.org\",\"@graph\":[{\"@type\":\"WebPage\",\"@id\":\"https:\\\/\\\/ginefem.com\\\/fr\\\/gynecologie\\\/\",\"url\":\"https:\\\/\\\/ginefem.com\\\/fr\\\/gynecologie\\\/\",\"name\":\"Service de gyn\u00e9cologie \u00e0 Tenerife - Ginefem\",\"isPartOf\":{\"@id\":\"https:\\\/\\\/ginefem.com\\\/#website\"},\"primaryImageOfPage\":{\"@id\":\"https:\\\/\\\/ginefem.com\\\/fr\\\/gynecologie\\\/#primaryimage\"},\"image\":{\"@id\":\"https:\\\/\\\/ginefem.com\\\/fr\\\/gynecologie\\\/#primaryimage\"},\"thumbnailUrl\":\"https:\\\/\\\/ginefem.com\\\/wp-content\\\/uploads\\\/2021\\\/11\\\/ginecologia.jpg\",\"datePublished\":\"2021-10-11T13:17:56+00:00\",\"dateModified\":\"2022-02-04T14:05:14+00:00\",\"description\":\"Chez Ginefem, nous avons un service de gyn\u00e9cologie qui vise \u00e0 offrir une prise en charge globale aux femmes \u00e0 toutes les \u00e9tapes de leur vie.\",\"breadcrumb\":{\"@id\":\"https:\\\/\\\/ginefem.com\\\/fr\\\/gynecologie\\\/#breadcrumb\"},\"inLanguage\":\"fr-FR\",\"potentialAction\":[{\"@type\":\"ReadAction\",\"target\":[\"https:\\\/\\\/ginefem.com\\\/fr\\\/gynecologie\\\/\"]}]},{\"@type\":\"ImageObject\",\"inLanguage\":\"fr-FR\",\"@id\":\"https:\\\/\\\/ginefem.com\\\/fr\\\/gynecologie\\\/#primaryimage\",\"url\":\"https:\\\/\\\/ginefem.com\\\/wp-content\\\/uploads\\\/2021\\\/11\\\/ginecologia.jpg\",\"contentUrl\":\"https:\\\/\\\/ginefem.com\\\/wp-content\\\/uploads\\\/2021\\\/11\\\/ginecologia.jpg\",\"width\":900,\"height\":600},{\"@type\":\"BreadcrumbList\",\"@id\":\"https:\\\/\\\/ginefem.com\\\/fr\\\/gynecologie\\\/#breadcrumb\",\"itemListElement\":[{\"@type\":\"ListItem\",\"position\":1,\"name\":\"Portada\",\"item\":\"https:\\\/\\\/ginefem.com\\\/fr\\\/\"},{\"@type\":\"ListItem\",\"position\":2,\"name\":\"Gyn\u00e9cologie\"}]},{\"@type\":\"WebSite\",\"@id\":\"https:\\\/\\\/ginefem.com\\\/#website\",\"url\":\"https:\\\/\\\/ginefem.com\\\/\",\"name\":\"Ginefem\",\"description\":\"Salud integral de la mujer\",\"potentialAction\":[{\"@type\":\"SearchAction\",\"target\":{\"@type\":\"EntryPoint\",\"urlTemplate\":\"https:\\\/\\\/ginefem.com\\\/?s={search_term_string}\"},\"query-input\":{\"@type\":\"PropertyValueSpecification\",\"valueRequired\":true,\"valueName\":\"search_term_string\"}}],\"inLanguage\":\"fr-FR\"}]}<\/script>\n<!-- \/ Yoast SEO plugin. -->","yoast_head_json":{"title":"Service de gyn\u00e9cologie \u00e0 Tenerife - Ginefem","description":"Chez Ginefem, nous avons un service de gyn\u00e9cologie qui vise \u00e0 offrir une prise en charge globale aux femmes \u00e0 toutes les \u00e9tapes de leur vie.","robots":{"index":"index","follow":"follow","max-snippet":"max-snippet:-1","max-image-preview":"max-image-preview:large","max-video-preview":"max-video-preview:-1"},"canonical":"https:\/\/ginefem.com\/fr\/gynecologie\/","og_locale":"fr_FR","og_type":"article","og_title":"Service de gyn\u00e9cologie \u00e0 Tenerife - Ginefem","og_description":"Chez Ginefem, nous avons un service de gyn\u00e9cologie qui vise \u00e0 offrir une prise en charge globale aux femmes \u00e0 toutes les \u00e9tapes de leur vie.","og_url":"https:\/\/ginefem.com\/fr\/gynecologie\/","og_site_name":"Ginefem","article_publisher":"https:\/\/es-es.facebook.com\/GinefemMujer\/","article_modified_time":"2022-02-04T14:05:14+00:00","og_image":[{"width":900,"height":600,"url":"https:\/\/ginefem.com\/wp-content\/uploads\/2021\/11\/ginecologia.jpg","type":"image\/jpeg"}],"twitter_card":"summary_large_image","twitter_site":"@Ginefem","twitter_misc":{"Dur\u00e9e de lecture estim\u00e9e":"5 minutes"},"schema":{"@context":"https:\/\/schema.org","@graph":[{"@type":"WebPage","@id":"https:\/\/ginefem.com\/fr\/gynecologie\/","url":"https:\/\/ginefem.com\/fr\/gynecologie\/","name":"Service de gyn\u00e9cologie \u00e0 Tenerife - Ginefem","isPartOf":{"@id":"https:\/\/ginefem.com\/#website"},"primaryImageOfPage":{"@id":"https:\/\/ginefem.com\/fr\/gynecologie\/#primaryimage"},"image":{"@id":"https:\/\/ginefem.com\/fr\/gynecologie\/#primaryimage"},"thumbnailUrl":"https:\/\/ginefem.com\/wp-content\/uploads\/2021\/11\/ginecologia.jpg","datePublished":"2021-10-11T13:17:56+00:00","dateModified":"2022-02-04T14:05:14+00:00","description":"Chez Ginefem, nous avons un service de gyn\u00e9cologie qui vise \u00e0 offrir une prise en charge globale aux femmes \u00e0 toutes les \u00e9tapes de leur vie.","breadcrumb":{"@id":"https:\/\/ginefem.com\/fr\/gynecologie\/#breadcrumb"},"inLanguage":"fr-FR","potentialAction":[{"@type":"ReadAction","target":["https:\/\/ginefem.com\/fr\/gynecologie\/"]}]},{"@type":"ImageObject","inLanguage":"fr-FR","@id":"https:\/\/ginefem.com\/fr\/gynecologie\/#primaryimage","url":"https:\/\/ginefem.com\/wp-content\/uploads\/2021\/11\/ginecologia.jpg","contentUrl":"https:\/\/ginefem.com\/wp-content\/uploads\/2021\/11\/ginecologia.jpg","width":900,"height":600},{"@type":"BreadcrumbList","@id":"https:\/\/ginefem.com\/fr\/gynecologie\/#breadcrumb","itemListElement":[{"@type":"ListItem","position":1,"name":"Portada","item":"https:\/\/ginefem.com\/fr\/"},{"@type":"ListItem","position":2,"name":"Gyn\u00e9cologie"}]},{"@type":"WebSite","@id":"https:\/\/ginefem.com\/#website","url":"https:\/\/ginefem.com\/","name":"Ginefem","description":"Salud integral de la mujer","potentialAction":[{"@type":"SearchAction","target":{"@type":"EntryPoint","urlTemplate":"https:\/\/ginefem.com\/?s={search_term_string}"},"query-input":{"@type":"PropertyValueSpecification","valueRequired":true,"valueName":"search_term_string"}}],"inLanguage":"fr-FR"}]}},"_links":{"self":[{"href":"https:\/\/ginefem.com\/fr\/wp-json\/wp\/v2\/pages\/13538","targetHints":{"allow":["GET"]}}],"collection":[{"href":"https:\/\/ginefem.com\/fr\/wp-json\/wp\/v2\/pages"}],"about":[{"href":"https:\/\/ginefem.com\/fr\/wp-json\/wp\/v2\/types\/page"}],"author":[{"embeddable":true,"href":"https:\/\/ginefem.com\/fr\/wp-json\/wp\/v2\/users\/1"}],"replies":[{"embeddable":true,"href":"https:\/\/ginefem.com\/fr\/wp-json\/wp\/v2\/comments?post=13538"}],"version-history":[{"count":5,"href":"https:\/\/ginefem.com\/fr\/wp-json\/wp\/v2\/pages\/13538\/revisions"}],"predecessor-version":[{"id":39019,"href":"https:\/\/ginefem.com\/fr\/wp-json\/wp\/v2\/pages\/13538\/revisions\/39019"}],"wp:featuredmedia":[{"embeddable":true,"href":"https:\/\/ginefem.com\/fr\/wp-json\/wp\/v2\/media\/13515"}],"wp:attachment":[{"href":"https:\/\/ginefem.com\/fr\/wp-json\/wp\/v2\/media?parent=13538"}],"curies":[{"name":"wp","href":"https:\/\/api.w.org\/{rel}","templated":true}]}}