{"id":13542,"date":"2021-10-17T10:05:17","date_gmt":"2021-10-17T10:05:17","guid":{"rendered":"https:\/\/ginefem.com\/nutricion\/"},"modified":"2022-02-04T14:05:54","modified_gmt":"2022-02-04T14:05:54","slug":"nutrition","status":"publish","type":"page","link":"https:\/\/ginefem.com\/fr\/nutrition\/","title":{"rendered":"Nutrition"},"content":{"rendered":"<div class=\"wpb-content-wrapper\"><p>[vc_row][vc_column][vc_single_image image=\u00a0\u00bb37925&Prime; img_size=\u00a0\u00bbfull\u00a0\u00bb]<div class=\"ult-spacer spacer-69d66bb937e42\" data-id=\"69d66bb937e42\" data-height=\"20\" data-height-mobile=\"20\" data-height-tab=\"20\" data-height-tab-portrait=\"\" data-height-mobile-landscape=\"\" style=\"clear:both;display:block;\"><\/div>[vc_custom_heading text=\u00a0\u00bbNUTRITION\u00a0\u00bb use_theme_fonts=\u00a0\u00bbyes\u00a0\u00bb]<div class='dt-sc-single-border-separator '><\/div><div class=\"ult-spacer spacer-69d66bb937eec\" data-id=\"69d66bb937eec\" data-height=\"50\" data-height-mobile=\"50\" data-height-tab=\"50\" data-height-tab-portrait=\"\" data-height-mobile-landscape=\"\" style=\"clear:both;display:block;\"><\/div>[vc_row_inner][vc_column_inner width=\u00a0\u00bb1\/2&Prime;][vc_column_text css=\u00a0\u00bb.vc_custom_1639401471434{margin-bottom: 0px !important;}\u00a0\u00bb]La nourriture est le meilleur outil pour pr\u00e9venir et gu\u00e9rir les maladies tr\u00e8s courantes aujourd&rsquo;hui.<\/p>\n<p>Les femmes doivent non seulement suivre un r\u00e9gime contr\u00f4l\u00e9 par un sp\u00e9cialiste lorsqu&rsquo;elles souffrent d&rsquo;une pathologie quelconque, mais, m\u00eame si elles sont en bonne sant\u00e9, leurs besoins nutritionnels varient selon les diff\u00e9rentes \u00e9tapes de la vie.<\/p>\n<p>En effet, une alimentation incorrecte pendant la grossesse et l&rsquo;allaitement peut \u00eatre n\u00e9gative pour la m\u00e8re, mais pire encore, elle peut avoir des cons\u00e9quences graves pour le b\u00e9b\u00e9, provoquant m\u00eame des maladies chroniques.<\/p>\n<p>Pour cette raison, dans nos services, nous proposons un traitement nutritionnel personnalis\u00e9 (en tenant toujours compte des caract\u00e9ristiques de la patiente) en fonction de chaque \u00e9tape de sa vie dans laquelle se trouve la femme.[\/vc_column_text][vc_empty_space height=\u00a0\u00bb22px\u00a0\u00bb][vc_btn title=\u00a0\u00bbPRENDRE RENDEZ-VOUS\u00a0\u00bb shape=\u00a0\u00bbsquare\u00a0\u00bb size=\u00a0\u00bblg\u00a0\u00bb align=\u00a0\u00bbcenter\u00a0\u00bb button_block=\u00a0\u00bbtrue\u00a0\u00bb link=\u00a0\u00bburl:%23pide-cita\u00a0\u00bb][\/vc_column_inner][vc_column_inner width=\u00a0\u00bb1\/2&Prime;]<h3>Quelles pathologies sont trait\u00e9es dans l&rsquo;Unit\u00e9 de Nutrition ?<\/h3>\n<ul class='dt-sc-fancy-list   tick'>\n<li aria-setsize=\"-1\" data-leveltext=\"-\" data-font=\"\" data-listid=\"1\" data-aria-posinset=\"1\" data-aria-level=\"1\">Ob\u00e9sit\u00e9 et surpoids<\/li>\n<li aria-setsize=\"-1\" data-leveltext=\"-\" data-font=\"\" data-listid=\"1\" data-aria-posinset=\"1\" data-aria-level=\"1\">Hypertension<\/li>\n<li aria-setsize=\"-1\" data-leveltext=\"-\" data-font=\"\" data-listid=\"1\" data-aria-posinset=\"1\" data-aria-level=\"1\">Cholest\u00e9rol et triglyc\u00e9rides<\/li>\n<li aria-setsize=\"-1\" data-leveltext=\"-\" data-font=\"\" data-listid=\"1\" data-aria-posinset=\"1\" data-aria-level=\"1\">Diab\u00e8te<\/li>\n<li aria-setsize=\"-1\" data-leveltext=\"-\" data-font=\"\" data-listid=\"1\" data-aria-posinset=\"1\" data-aria-level=\"1\">An\u00e9mies<\/li>\n<li aria-setsize=\"-1\" data-leveltext=\"-\" data-font=\"\" data-listid=\"1\" data-aria-posinset=\"1\" data-aria-level=\"1\">Probl\u00e8mes intestinaux comme le c\u00f4lon irritable et la constipation<\/li>\n<li aria-setsize=\"-1\" data-leveltext=\"-\" data-font=\"\" data-listid=\"1\" data-aria-posinset=\"1\" data-aria-level=\"1\">Ost\u00e9oporose<\/li>\n<li aria-setsize=\"-1\" data-leveltext=\"-\" data-font=\"\" data-listid=\"1\" data-aria-posinset=\"1\" data-aria-level=\"1\">Fibromyalgie<\/li>\n<li aria-setsize=\"-1\" data-leveltext=\"-\" data-font=\"\" data-listid=\"1\" data-aria-posinset=\"1\" data-aria-level=\"1\">Syndrome des ovaires polykystiques<\/li>\n<li aria-setsize=\"-1\" data-leveltext=\"-\" data-font=\"\" data-listid=\"1\" data-aria-posinset=\"1\" data-aria-level=\"1\">Intol\u00e9rances alimentaires (maladie c\u0153liaque, ph\u00e9nylc\u00e9tonurie, intol\u00e9rance au lactose)<\/li>\n<\/ul>[\/vc_column_inner][\/vc_row_inner]<div class=\"ult-spacer spacer-69d66bb937fbc\" data-id=\"69d66bb937fbc\" data-height=\"60\" data-height-mobile=\"30\" data-height-tab=\"40\" data-height-tab-portrait=\"40\" data-height-mobile-landscape=\"30\" style=\"clear:both;display:block;\"><\/div>[\/vc_column][\/vc_row][vc_row][vc_column][\/vc_column][\/vc_row][vc_row][vc_column]<div class=\"ult-spacer spacer-69d66bb937ffb\" data-id=\"69d66bb937ffb\" data-height=\"40\" data-height-mobile=\"20\" data-height-tab=\"30\" data-height-tab-portrait=\"30\" data-height-mobile-landscape=\"20\" style=\"clear:both;display:block;\"><\/div>[vc_column_text el_class=\u00a0\u00bbaligncenter\u00a0\u00bb]<div class='dt-sc-title with-two-border '><h2>Plus d'informations<\/h2><\/div>[\/vc_column_text]<div class='dt-sc-clear '> <\/div><div class=\"ult-spacer spacer-69d66bb93808f\" data-id=\"69d66bb93808f\" data-height=\"40\" data-height-mobile=\"20\" data-height-tab=\"30\" data-height-tab-portrait=\"30\" data-height-mobile-landscape=\"20\" style=\"clear:both;display:block;\"><\/div>[vc_row_inner][vc_column_inner width=\u00a0\u00bb1\/2&Prime;]<div class='dt-sc-image-caption type8 '><div class='dt-sc-image-wrapper'><a target=\"_self\" href=\"\"><img loading=\"lazy\" decoding=\"async\" width=\"420\" height=\"260\" src=\"https:\/\/ginefem.com\/wp-content\/uploads\/2021\/10\/exilis.png\" class=\"attachment-full\" alt=\"\" title=\"exilis\" srcset=\"https:\/\/ginefem.com\/wp-content\/uploads\/2021\/10\/exilis.png 420w, https:\/\/ginefem.com\/wp-content\/uploads\/2021\/10\/exilis-300x186.png 300w\" sizes=\"auto, (max-width: 420px) 100vw, 420px\" \/><\/a><\/div><div class='dt-sc-image-content'><div class='dt-sc-image-title'><h3>Traitement EXILIS ULTRA 360\u00ba avec radiofr\u00e9quence et ultrasons<\/h3><\/div><p>Il permet de traiter l&rsquo;atrophie vaginale produite par le manque d&rsquo;\u0153strog\u00e8nes qui se d\u00e9veloppe apr\u00e8s la m\u00e9nopause, ou par d&rsquo;autres probl\u00e8mes m\u00e9dicaux, de r\u00e9cup\u00e9rer l&rsquo;\u00e9paisseur des parois vaginales gr\u00e2ce \u00e0 la formation de collag\u00e8ne et d&rsquo;am\u00e9liorer l&rsquo;inconfort vaginal pendant les rapports sexuels sans avoir besoin d&rsquo;administration d&rsquo;\u0153strog\u00e8nes.<\/p>\n<p><a href='#' target='_self' title='' class='dt-sc-button   small   filled  ' > Prendre rendez-vous <\/a><\/p><\/div><\/div>[\/vc_column_inner][vc_column_inner width=\u00a0\u00bb1\/2&Prime;]<div class='dt-sc-image-caption type8 '><div class='dt-sc-image-wrapper'><a target=\"_self\" href=\"\"><img loading=\"lazy\" decoding=\"async\" width=\"420\" height=\"260\" src=\"https:\/\/ginefem.com\/wp-content\/uploads\/2021\/10\/amenorrea.png\" class=\"attachment-full\" alt=\"\" title=\"amenorrea\" srcset=\"https:\/\/ginefem.com\/wp-content\/uploads\/2021\/10\/amenorrea.png 420w, https:\/\/ginefem.com\/wp-content\/uploads\/2021\/10\/amenorrea-300x186.png 300w\" sizes=\"auto, (max-width: 420px) 100vw, 420px\" \/><\/a><\/div><div class='dt-sc-image-content'><div class='dt-sc-image-title'><h3>Cons\u00e9quences de l'am\u00e9norrh\u00e9e sur la sant\u00e9 des femmes<\/h3><\/div><p>Il appara\u00eet chez les femmes qui n&rsquo;ont jamais eu de r\u00e8gles ou chez celles chez qui il dispara\u00eet depuis plus de 45 jours.<\/p>\n<p>De plus, celles qui souffrent de perte de r\u00e8gles manifestent \u00e9galement une perte de cheveux, des maux de t\u00eate, une pilosit\u00e9 faciale excessive, de l&rsquo;acn\u00e9 et des douleurs pelviennes.<\/p>\n<p><a href='#' target='_self' title='' class='dt-sc-button   small   filled  ' > Plus d'informations <\/a><\/p><\/div><\/div>[\/vc_column_inner][\/vc_row_inner]<div class=\"ult-spacer spacer-69d66bb939ea2\" data-id=\"69d66bb939ea2\" data-height=\"30\" data-height-mobile=\"20\" data-height-tab=\"20\" data-height-tab-portrait=\"20\" data-height-mobile-landscape=\"20\" style=\"clear:both;display:block;\"><\/div>[\/vc_column][\/vc_row][vc_row][vc_column]<div class='dt-sc-toggle-frame-set type2 '><h5 class='dt-sc-toggle-accordion '><a href='#'>\u00bbTraitement<\/a><\/h5><div class=\"dt-sc-toggle-content\" style=\"display: none;\"><div class=\"block\">[vc_column_text css=\u00a0\u00bb.vc_custom_1639401672202{margin-bottom: 0px !important;}\u00a0\u00bb]Les femmes enceintes ou allaitantes doivent faire particuli\u00e8rement attention \u00e0 leur alimentation, car les besoins nutritionnels pour permettre la croissance et le d\u00e9veloppement corrects du f\u0153tus et du nouveau-n\u00e9 sont plus importants. Ces changements n\u00e9cessitent un traitement nutritionnel sp\u00e9cifique et prescrit par un nutritionniste.<\/p>\n<p>Pendant la grossesse, ce que la m\u00e8re mange est la principale source de nutrition pour le b\u00e9b\u00e9.<\/p>\n<p>Une fois que vous allaitez, il faut tenir compte du fait que tant la quantit\u00e9 que la qualit\u00e9 du lait maternel d\u00e9pendent directement de l&rsquo;alimentation de la m\u00e8re.<\/p>\n<p>Une mauvaise alimentation pendant la grossesse et l&rsquo;allaitement peut \u00eatre n\u00e9gative pour la m\u00e8re, mais pire encore, elle peut avoir des cons\u00e9quences graves pour le b\u00e9b\u00e9, pouvant m\u00eame provoquer des maladies chroniques.[\/vc_column_text]<\/div><\/div><h5 class='dt-sc-toggle-accordion '><a href='#'>\u00bbComment<\/a><\/h5><div class=\"dt-sc-toggle-content\" style=\"display: none;\"><div class=\"block\">[vc_column_text css=\u00a0\u00bb.vc_custom_1639401701616{margin-bottom: 0px !important;}\u00a0\u00bb]Les femmes qui sont en p\u00e9riode de pr\u00e9m\u00e9nopause ou de m\u00e9nopause doivent savoir qu&rsquo;une alimentation correcte sera leur principal alli\u00e9 pour pr\u00e9venir et contr\u00f4ler les changements physiologiques associ\u00e9s \u00e0 cette \u00e9tape de la vie.<\/p>\n<p>Une fois la m\u00e9nopause atteinte, la s\u00e9cr\u00e9tion d&rsquo;\u0153strog\u00e8nes diminue et cela les rend plus vuln\u00e9rables aux maladies comme l&rsquo;ost\u00e9oporose, l&rsquo;ob\u00e9sit\u00e9 (prise de poids localis\u00e9e au niveau de l&rsquo;abdomen), les complications cardiovasculaires et m\u00eame les cancers du sein, du colon et du poumon, &#8230; qui peuvent \u00eatre \u00e9vit\u00e9s et contr\u00f4l\u00e9s. avec un traitement nutritionnel sp\u00e9cifique.[\/vc_column_text]<\/div><\/div><\/div>[\/vc_column][\/vc_row][vc_row][vc_column]<div class=\"ult-spacer spacer-69d66bb93a0ae\" data-id=\"69d66bb93a0ae\" data-height=\"80\" data-height-mobile=\"50\" data-height-tab=\"60\" data-height-tab-portrait=\"60\" data-height-mobile-landscape=\"50\" style=\"clear:both;display:block;\"><\/div>[\/vc_column][\/vc_row][vc_row][vc_column width=\u00a0\u00bb1\/3&Prime;]<div class='dt-sc-pr-tb-col type2 '><div class=\"dt-sc-tb-header\"><div class=\"dt-sc-tb-title\"><h5> <span>1<\/span>Consulter<br>le sp\u00e9cialiste<\/h5><\/div><div class=\"dt-sc-price\"><h6> <sup><\/sup><\/h6><\/div><\/div><\/div>[\/vc_column][vc_column width=\u00a0\u00bb1\/3&Prime;]<div class='dt-sc-pr-tb-col type2 '><div class=\"dt-sc-tb-header\"><div class=\"dt-sc-tb-title\"><h5> <span>2<\/span>\u00c9valuation et<br>diagnostic<\/h5><\/div><div class=\"dt-sc-price\"><h6> <sup><\/sup><\/h6><\/div><\/div><\/div>[\/vc_column][vc_column width=\u00a0\u00bb1\/3&Prime;]<div class='dt-sc-pr-tb-col type2 '><div class=\"dt-sc-tb-header\"><div class=\"dt-sc-tb-title\"><h5> <span>3<\/span>Soins et<br>traitement<\/h5><\/div><div class=\"dt-sc-price\"><h6> <sup><\/sup><\/h6><\/div><\/div><\/div>[\/vc_column][\/vc_row][vc_row][vc_column]<div class=\"ult-spacer spacer-69d66bb93a1c1\" data-id=\"69d66bb93a1c1\" data-height=\"80\" data-height-mobile=\"50\" data-height-tab=\"60\" data-height-tab-portrait=\"60\" data-height-mobile-landscape=\"50\" style=\"clear:both;display:block;\"><\/div>[\/vc_column][\/vc_row][vc_row][vc_column width=\u00a0\u00bb1\/2&Prime;]<div class='dt-sc-icon-box type5 '><div class=\"icon-wrapper\"><span class='fas fa-question'> <\/span><\/div><div class=\"icon-content\"><h4>Nous pouvons t'aider?<\/h4><p>Prenez rendez-vous d\u00e8s maintenant au 922 241 598 ou via ce formulaire.<\/p><\/div><\/div>[\/vc_column][vc_column width=\u00a0\u00bb1\/2&Prime;]<div class='dt-sc-icon-box type5 last'><div class=\"icon-wrapper\"><span class='far fa-calendar-alt'> <\/span><\/div><div class=\"icon-content\"><h4>Commentaires<\/h4><p>Pour un suivi et un contr\u00f4le ad\u00e9quats, il est essentiel de suivre le calendrier des visites \u00e9tabli par le sp\u00e9cialiste.<\/p><\/div><\/div>[\/vc_column][\/vc_row][vc_row][vc_column offset=\u00a0\u00bbvc_hidden-lg vc_hidden-md vc_hidden-sm vc_hidden-xs\u00a0\u00bb][vc_icon][\/vc_column][\/vc_row]<\/p>\n<\/div>","protected":false},"excerpt":{"rendered":"<p>[vc_row][vc_column][vc_single_image image=\u00a0\u00bb37925&Prime; img_size=\u00a0\u00bbfull\u00a0\u00bb][vc_custom_heading text=\u00a0\u00bbNUTRITION\u00a0\u00bb use_theme_fonts=\u00a0\u00bbyes\u00a0\u00bb][vc_row_inner][vc_column_inner width=\u00a0\u00bb1\/2&Prime;][vc_column_text css=\u00a0\u00bb.vc_custom_1639401471434{margin-bottom: 0px !important;}\u00a0\u00bb]La nourriture est le meilleur outil pour pr\u00e9venir et gu\u00e9rir les maladies tr\u00e8s courantes aujourd&rsquo;hui. Les femmes doivent non seulement suivre un r\u00e9gime contr\u00f4l\u00e9 par un sp\u00e9cialiste lorsqu&rsquo;elles souffrent d&rsquo;une pathologie quelconque, mais, m\u00eame si elles sont en bonne sant\u00e9, leurs besoins nutritionnels varient selon les diff\u00e9rentes [&hellip;]<\/p>\n","protected":false},"author":1,"featured_media":13521,"parent":0,"menu_order":0,"comment_status":"closed","ping_status":"closed","template":"","meta":{"_joinchat":[],"footnotes":""},"class_list":["post-13542","page","type-page","status-publish","hentry"],"yoast_head":"<!-- This site is optimized with the Yoast SEO plugin v27.3 - https:\/\/yoast.com\/product\/yoast-seo-wordpress\/ -->\n<title>Service de nutrition \u00e0 Tenerife - Ginefem<\/title>\n<meta name=\"description\" content=\"Nous proposons un traitement nutritionnel personnalis\u00e9 (prenant toujours en compte les caract\u00e9ristiques de la patiente) en fonction de chaque \u00e9tape de sa vie dans laquelle se trouve la femme.\" \/>\n<meta name=\"robots\" content=\"index, follow, max-snippet:-1, max-image-preview:large, max-video-preview:-1\" \/>\n<link rel=\"canonical\" href=\"https:\/\/ginefem.com\/fr\/nutrition\/\" \/>\n<meta property=\"og:locale\" content=\"fr_FR\" \/>\n<meta property=\"og:type\" content=\"article\" \/>\n<meta property=\"og:title\" content=\"Service de nutrition \u00e0 Tenerife - Ginefem\" \/>\n<meta property=\"og:description\" content=\"Nous proposons un traitement nutritionnel personnalis\u00e9 (prenant toujours en compte les caract\u00e9ristiques de la patiente) en fonction de chaque \u00e9tape de sa vie dans laquelle se trouve la femme.\" \/>\n<meta property=\"og:url\" content=\"https:\/\/ginefem.com\/fr\/nutrition\/\" \/>\n<meta property=\"og:site_name\" content=\"Ginefem\" \/>\n<meta property=\"article:publisher\" content=\"https:\/\/es-es.facebook.com\/GinefemMujer\/\" \/>\n<meta property=\"article:modified_time\" content=\"2022-02-04T14:05:54+00:00\" \/>\n<meta property=\"og:image\" content=\"https:\/\/ginefem.com\/wp-content\/uploads\/2021\/11\/nutricion.jpg\" \/>\n\t<meta property=\"og:image:width\" content=\"900\" \/>\n\t<meta property=\"og:image:height\" content=\"600\" \/>\n\t<meta property=\"og:image:type\" content=\"image\/jpeg\" \/>\n<meta name=\"twitter:card\" content=\"summary_large_image\" \/>\n<meta name=\"twitter:site\" content=\"@Ginefem\" \/>\n<meta name=\"twitter:label1\" content=\"Dur\u00e9e de lecture estim\u00e9e\" \/>\n\t<meta name=\"twitter:data1\" content=\"3 minutes\" \/>\n<script type=\"application\/ld+json\" class=\"yoast-schema-graph\">{\"@context\":\"https:\\\/\\\/schema.org\",\"@graph\":[{\"@type\":\"WebPage\",\"@id\":\"https:\\\/\\\/ginefem.com\\\/fr\\\/nutrition\\\/\",\"url\":\"https:\\\/\\\/ginefem.com\\\/fr\\\/nutrition\\\/\",\"name\":\"Service de nutrition \u00e0 Tenerife - Ginefem\",\"isPartOf\":{\"@id\":\"https:\\\/\\\/ginefem.com\\\/#website\"},\"primaryImageOfPage\":{\"@id\":\"https:\\\/\\\/ginefem.com\\\/fr\\\/nutrition\\\/#primaryimage\"},\"image\":{\"@id\":\"https:\\\/\\\/ginefem.com\\\/fr\\\/nutrition\\\/#primaryimage\"},\"thumbnailUrl\":\"https:\\\/\\\/ginefem.com\\\/wp-content\\\/uploads\\\/2021\\\/11\\\/nutricion.jpg\",\"datePublished\":\"2021-10-17T10:05:17+00:00\",\"dateModified\":\"2022-02-04T14:05:54+00:00\",\"description\":\"Nous proposons un traitement nutritionnel personnalis\u00e9 (prenant toujours en compte les caract\u00e9ristiques de la patiente) en fonction de chaque \u00e9tape de sa vie dans laquelle se trouve la femme.\",\"breadcrumb\":{\"@id\":\"https:\\\/\\\/ginefem.com\\\/fr\\\/nutrition\\\/#breadcrumb\"},\"inLanguage\":\"fr-FR\",\"potentialAction\":[{\"@type\":\"ReadAction\",\"target\":[\"https:\\\/\\\/ginefem.com\\\/fr\\\/nutrition\\\/\"]}]},{\"@type\":\"ImageObject\",\"inLanguage\":\"fr-FR\",\"@id\":\"https:\\\/\\\/ginefem.com\\\/fr\\\/nutrition\\\/#primaryimage\",\"url\":\"https:\\\/\\\/ginefem.com\\\/wp-content\\\/uploads\\\/2021\\\/11\\\/nutricion.jpg\",\"contentUrl\":\"https:\\\/\\\/ginefem.com\\\/wp-content\\\/uploads\\\/2021\\\/11\\\/nutricion.jpg\",\"width\":900,\"height\":600},{\"@type\":\"BreadcrumbList\",\"@id\":\"https:\\\/\\\/ginefem.com\\\/fr\\\/nutrition\\\/#breadcrumb\",\"itemListElement\":[{\"@type\":\"ListItem\",\"position\":1,\"name\":\"Portada\",\"item\":\"https:\\\/\\\/ginefem.com\\\/fr\\\/\"},{\"@type\":\"ListItem\",\"position\":2,\"name\":\"Nutrition\"}]},{\"@type\":\"WebSite\",\"@id\":\"https:\\\/\\\/ginefem.com\\\/#website\",\"url\":\"https:\\\/\\\/ginefem.com\\\/\",\"name\":\"Ginefem\",\"description\":\"Salud integral de la mujer\",\"potentialAction\":[{\"@type\":\"SearchAction\",\"target\":{\"@type\":\"EntryPoint\",\"urlTemplate\":\"https:\\\/\\\/ginefem.com\\\/?s={search_term_string}\"},\"query-input\":{\"@type\":\"PropertyValueSpecification\",\"valueRequired\":true,\"valueName\":\"search_term_string\"}}],\"inLanguage\":\"fr-FR\"}]}<\/script>\n<!-- \/ Yoast SEO plugin. -->","yoast_head_json":{"title":"Service de nutrition \u00e0 Tenerife - Ginefem","description":"Nous proposons un traitement nutritionnel personnalis\u00e9 (prenant toujours en compte les caract\u00e9ristiques de la patiente) en fonction de chaque \u00e9tape de sa vie dans laquelle se trouve la femme.","robots":{"index":"index","follow":"follow","max-snippet":"max-snippet:-1","max-image-preview":"max-image-preview:large","max-video-preview":"max-video-preview:-1"},"canonical":"https:\/\/ginefem.com\/fr\/nutrition\/","og_locale":"fr_FR","og_type":"article","og_title":"Service de nutrition \u00e0 Tenerife - Ginefem","og_description":"Nous proposons un traitement nutritionnel personnalis\u00e9 (prenant toujours en compte les caract\u00e9ristiques de la patiente) en fonction de chaque \u00e9tape de sa vie dans laquelle se trouve la femme.","og_url":"https:\/\/ginefem.com\/fr\/nutrition\/","og_site_name":"Ginefem","article_publisher":"https:\/\/es-es.facebook.com\/GinefemMujer\/","article_modified_time":"2022-02-04T14:05:54+00:00","og_image":[{"width":900,"height":600,"url":"https:\/\/ginefem.com\/wp-content\/uploads\/2021\/11\/nutricion.jpg","type":"image\/jpeg"}],"twitter_card":"summary_large_image","twitter_site":"@Ginefem","twitter_misc":{"Dur\u00e9e de lecture estim\u00e9e":"3 minutes"},"schema":{"@context":"https:\/\/schema.org","@graph":[{"@type":"WebPage","@id":"https:\/\/ginefem.com\/fr\/nutrition\/","url":"https:\/\/ginefem.com\/fr\/nutrition\/","name":"Service de nutrition \u00e0 Tenerife - Ginefem","isPartOf":{"@id":"https:\/\/ginefem.com\/#website"},"primaryImageOfPage":{"@id":"https:\/\/ginefem.com\/fr\/nutrition\/#primaryimage"},"image":{"@id":"https:\/\/ginefem.com\/fr\/nutrition\/#primaryimage"},"thumbnailUrl":"https:\/\/ginefem.com\/wp-content\/uploads\/2021\/11\/nutricion.jpg","datePublished":"2021-10-17T10:05:17+00:00","dateModified":"2022-02-04T14:05:54+00:00","description":"Nous proposons un traitement nutritionnel personnalis\u00e9 (prenant toujours en compte les caract\u00e9ristiques de la patiente) en fonction de chaque \u00e9tape de sa vie dans laquelle se trouve la femme.","breadcrumb":{"@id":"https:\/\/ginefem.com\/fr\/nutrition\/#breadcrumb"},"inLanguage":"fr-FR","potentialAction":[{"@type":"ReadAction","target":["https:\/\/ginefem.com\/fr\/nutrition\/"]}]},{"@type":"ImageObject","inLanguage":"fr-FR","@id":"https:\/\/ginefem.com\/fr\/nutrition\/#primaryimage","url":"https:\/\/ginefem.com\/wp-content\/uploads\/2021\/11\/nutricion.jpg","contentUrl":"https:\/\/ginefem.com\/wp-content\/uploads\/2021\/11\/nutricion.jpg","width":900,"height":600},{"@type":"BreadcrumbList","@id":"https:\/\/ginefem.com\/fr\/nutrition\/#breadcrumb","itemListElement":[{"@type":"ListItem","position":1,"name":"Portada","item":"https:\/\/ginefem.com\/fr\/"},{"@type":"ListItem","position":2,"name":"Nutrition"}]},{"@type":"WebSite","@id":"https:\/\/ginefem.com\/#website","url":"https:\/\/ginefem.com\/","name":"Ginefem","description":"Salud integral de la mujer","potentialAction":[{"@type":"SearchAction","target":{"@type":"EntryPoint","urlTemplate":"https:\/\/ginefem.com\/?s={search_term_string}"},"query-input":{"@type":"PropertyValueSpecification","valueRequired":true,"valueName":"search_term_string"}}],"inLanguage":"fr-FR"}]}},"_links":{"self":[{"href":"https:\/\/ginefem.com\/fr\/wp-json\/wp\/v2\/pages\/13542","targetHints":{"allow":["GET"]}}],"collection":[{"href":"https:\/\/ginefem.com\/fr\/wp-json\/wp\/v2\/pages"}],"about":[{"href":"https:\/\/ginefem.com\/fr\/wp-json\/wp\/v2\/types\/page"}],"author":[{"embeddable":true,"href":"https:\/\/ginefem.com\/fr\/wp-json\/wp\/v2\/users\/1"}],"replies":[{"embeddable":true,"href":"https:\/\/ginefem.com\/fr\/wp-json\/wp\/v2\/comments?post=13542"}],"version-history":[{"count":5,"href":"https:\/\/ginefem.com\/fr\/wp-json\/wp\/v2\/pages\/13542\/revisions"}],"predecessor-version":[{"id":39023,"href":"https:\/\/ginefem.com\/fr\/wp-json\/wp\/v2\/pages\/13542\/revisions\/39023"}],"wp:featuredmedia":[{"embeddable":true,"href":"https:\/\/ginefem.com\/fr\/wp-json\/wp\/v2\/media\/13521"}],"wp:attachment":[{"href":"https:\/\/ginefem.com\/fr\/wp-json\/wp\/v2\/media?parent=13542"}],"curies":[{"name":"wp","href":"https:\/\/api.w.org\/{rel}","templated":true}]}}