{"id":13547,"date":"2021-10-17T08:12:54","date_gmt":"2021-10-17T08:12:54","guid":{"rendered":"https:\/\/ginefem.com\/obstetricia\/"},"modified":"2022-02-04T14:06:20","modified_gmt":"2022-02-04T14:06:20","slug":"obstetrique","status":"publish","type":"page","link":"https:\/\/ginefem.com\/fr\/obstetrique\/","title":{"rendered":"Obst\u00e9trique"},"content":{"rendered":"<div class=\"wpb-content-wrapper\"><p>[vc_row][vc_column][vc_single_image image=\u00a0\u00bb37931&Prime; img_size=\u00a0\u00bbfull\u00a0\u00bb]<div class=\"ult-spacer spacer-69d66e68c0f36\" data-id=\"69d66e68c0f36\" data-height=\"20\" data-height-mobile=\"20\" data-height-tab=\"20\" data-height-tab-portrait=\"\" data-height-mobile-landscape=\"\" style=\"clear:both;display:block;\"><\/div>[vc_custom_heading text=\u00a0\u00bbOBST\u00c9TRIQUE\u00a0\u00bb use_theme_fonts=\u00a0\u00bbyes\u00a0\u00bb]<div class='dt-sc-single-border-separator '><\/div><div class=\"ult-spacer spacer-69d66e68c0fde\" data-id=\"69d66e68c0fde\" data-height=\"50\" data-height-mobile=\"50\" data-height-tab=\"50\" data-height-tab-portrait=\"\" data-height-mobile-landscape=\"\" style=\"clear:both;display:block;\"><\/div>[vc_row_inner][vc_column_inner width=\u00a0\u00bb1\/2&Prime;][vc_column_text css=\u00a0\u00bb.vc_custom_1639400051417{margin-bottom: 0px !important;}\u00a0\u00bb]L&rsquo;obst\u00e9trique est ce domaine m\u00e9dical qui est responsable des soins aux femmes pendant la grossesse, l&rsquo;accouchement et le post-partum pour promouvoir la sant\u00e9 de la m\u00e8re et du b\u00e9b\u00e9.<\/p>\n<p>Chez Ginefem, nous avons des professionnels avec une vaste exp\u00e9rience en obst\u00e9trique, traitant non seulement de l&rsquo;aspect m\u00e9dical mais aussi psychologique.[\/vc_column_text][vc_empty_space height=\u00a0\u00bb22px\u00a0\u00bb][vc_btn title=\u00a0\u00bbPRENDRE RENDEZ-VOUS\u00a0\u00bb shape=\u00a0\u00bbsquare\u00a0\u00bb size=\u00a0\u00bblg\u00a0\u00bb align=\u00a0\u00bbcenter\u00a0\u00bb button_block=\u00a0\u00bbtrue\u00a0\u00bb link=\u00a0\u00bburl:%23pide-cita\u00a0\u00bb][\/vc_column_inner][vc_column_inner width=\u00a0\u00bb1\/2&Prime;]<h3>Tests unitaires d&rsquo;obst\u00e9trique:<\/h3>\n<ul class='dt-sc-fancy-list   tick'>\n<li>Planification et contr\u00f4le de la grossesse.<\/li>\n<li>\u00c9chographie et diagnostic pr\u00e9natal.<\/li>\n<li>Soins post-partum.<\/li>\n<\/ul>[\/vc_column_inner][\/vc_row_inner]<div class=\"ult-spacer spacer-69d66e68c109f\" data-id=\"69d66e68c109f\" data-height=\"60\" data-height-mobile=\"30\" data-height-tab=\"40\" data-height-tab-portrait=\"40\" data-height-mobile-landscape=\"30\" style=\"clear:both;display:block;\"><\/div>[\/vc_column][\/vc_row][vc_row][vc_column][vc_column_text]<\/p>\n<h2>Obst\u00e9trique et de gyn\u00e9cologie<\/h2>\n<p>Bien qu&rsquo;il s&rsquo;agisse de deux sp\u00e9cialit\u00e9s ax\u00e9es sur les soins de sant\u00e9 des femmes, les deux ont des objectifs diff\u00e9rents. La gyn\u00e9cologie se concentre sur la pr\u00e9vention, le diagnostic et le traitement des probl\u00e8mes li\u00e9s aux organes reproducteurs et urologiques. De son c\u00f4t\u00e9, l&rsquo;obst\u00e9trique prend en charge toute la phase de grossesse, c&rsquo;est-\u00e0-dire la phase pr\u00e9c\u00e9dente, la grossesse elle-m\u00eame et l&rsquo;accouchement.[\/vc_column_text][\/vc_column][\/vc_row][vc_row][vc_column]<div class=\"ult-spacer spacer-69d66e68c10e2\" data-id=\"69d66e68c10e2\" data-height=\"40\" data-height-mobile=\"20\" data-height-tab=\"30\" data-height-tab-portrait=\"30\" data-height-mobile-landscape=\"20\" style=\"clear:both;display:block;\"><\/div>[vc_column_text el_class=\u00a0\u00bbaligncenter\u00a0\u00bb]<div class='dt-sc-title with-two-border '><h2>Plus d'informations<\/h2><\/div>[\/vc_column_text]<div class='dt-sc-clear '> <\/div><div class=\"ult-spacer spacer-69d66e68c1187\" data-id=\"69d66e68c1187\" data-height=\"40\" data-height-mobile=\"20\" data-height-tab=\"30\" data-height-tab-portrait=\"30\" data-height-mobile-landscape=\"20\" style=\"clear:both;display:block;\"><\/div>[vc_row_inner][vc_column_inner width=\u00a0\u00bb1\/2&Prime;]<div class='dt-sc-image-caption type8 '><div class='dt-sc-image-wrapper'><a target=\"_self\" href=\"\"><img loading=\"lazy\" decoding=\"async\" width=\"420\" height=\"260\" src=\"https:\/\/ginefem.com\/wp-content\/uploads\/2021\/10\/Diseno-sin-titulo-41.png\" class=\"attachment-full\" alt=\"\" title=\"Dise\u00f1o sin t\u00edtulo (41)\" srcset=\"https:\/\/ginefem.com\/wp-content\/uploads\/2021\/10\/Diseno-sin-titulo-41.png 420w, https:\/\/ginefem.com\/wp-content\/uploads\/2021\/10\/Diseno-sin-titulo-41-300x186.png 300w\" sizes=\"auto, (max-width: 420px) 100vw, 420px\" \/><\/a><\/div><div class='dt-sc-image-content'><div class='dt-sc-image-title'><h3>\u00c9chographies pr\u00e9natales<\/h3><\/div><p>Nous effectuons toutes sortes d&rsquo;\u00e9chographies visant \u00e0 conna\u00eetre la vitalit\u00e9 f\u0153tale, que ses mouvements et sa croissance sont ad\u00e9quats et, au moment proche de l&rsquo;accouchement, nous assurons que le b\u00e9b\u00e9 est \u00e0 l&rsquo;envers ou debout, ce qui est essentiel pour choisir le bon itin\u00e9raire de livraison. De plus, il existe des \u00e9chographies \u00e9motionnelles (3D, 4D et 5D) qui nous permettent d&rsquo;avoir une image r\u00e9elle du b\u00e9b\u00e9.<\/p>\n<p><a href='#' target='_self' title='' class='dt-sc-button   small   filled  ' > Prendre rendez-vous <\/a><\/p><\/div><\/div>[\/vc_column_inner][vc_column_inner width=\u00a0\u00bb1\/2&Prime;]<div class='dt-sc-image-caption type8 '><div class='dt-sc-image-wrapper'><a target=\"_self\" href=\"\"><img loading=\"lazy\" decoding=\"async\" width=\"420\" height=\"260\" src=\"https:\/\/ginefem.com\/wp-content\/uploads\/2021\/10\/Diseno-sin-titulo-42.png\" class=\"attachment-full\" alt=\"\" title=\"Dise\u00f1o sin t\u00edtulo (42)\" srcset=\"https:\/\/ginefem.com\/wp-content\/uploads\/2021\/10\/Diseno-sin-titulo-42.png 420w, https:\/\/ginefem.com\/wp-content\/uploads\/2021\/10\/Diseno-sin-titulo-42-300x186.png 300w\" sizes=\"auto, (max-width: 420px) 100vw, 420px\" \/><\/a><\/div><div class='dt-sc-image-content'><div class='dt-sc-image-title'><h3>Consultation sp\u00e9cialis\u00e9e dans le suivi de grossesse<\/h3><\/div><p>R\u00e9aliser un bon suivi de la grossesse permet de contr\u00f4ler la sant\u00e9 de la m\u00e8re et du b\u00e9b\u00e9 pour pr\u00e9venir ou d\u00e9tecter d&rsquo;\u00e9ventuelles complications pendant la grossesse comme le diab\u00e8te gestationnel, la pr\u00e9-\u00e9clampsie ou le placenta praevia, entre autres maladies, qui peuvent mettre la sant\u00e9 \u00e0 rude \u00e9preuve. risque des deux.<\/p>\n<p><a href='#' target='_self' title='' class='dt-sc-button   small   filled  ' > Prendre rendez-vous <\/a><\/p><\/div><\/div>[\/vc_column_inner][\/vc_row_inner]<div class=\"ult-spacer spacer-69d66e68c309c\" data-id=\"69d66e68c309c\" data-height=\"30\" data-height-mobile=\"20\" data-height-tab=\"20\" data-height-tab-portrait=\"20\" data-height-mobile-landscape=\"20\" style=\"clear:both;display:block;\"><\/div>[\/vc_column][\/vc_row][vc_row][vc_column]<div class='dt-sc-toggle-frame-set type2 '><h5 class='dt-sc-toggle-accordion '><a href='#'>\u00bbPlanification<\/a><\/h5><div class=\"dt-sc-toggle-content\" style=\"display: none;\"><div class=\"block\">[vc_column_text css=\u00a0\u00bb.vc_custom_1639400335762{margin-bottom: 0px !important;}\u00a0\u00bb]Les femmes qui envisagent de devenir enceintes peuvent commencer \u00e0 pr\u00e9parer leur sant\u00e9 pour la grossesse. Recevoir des soins m\u00e9dicaux pendant la planification et la grossesse vous permet de surveiller la sant\u00e9 de la m\u00e8re et du b\u00e9b\u00e9 pour pr\u00e9venir ou d\u00e9tecter d&rsquo;\u00e9ventuelles complications \u00e0 temps.[\/vc_column_text]<\/div><\/div><h5 class='dt-sc-toggle-accordion '><a href='#'>\u00bb\u00c9chographie<\/a><\/h5><div class=\"dt-sc-toggle-content\" style=\"display: none;\"><div class=\"block\">[vc_column_text css=\u00a0\u00bb.vc_custom_1639400364168{margin-bottom: 0px !important;}\u00a0\u00bb]L&rsquo;\u00e9chographie du premier trimestre est celle qui est r\u00e9alis\u00e9e \u00e0 la semaine 11\/14 de la grossesse. Son objectif est d&rsquo;identifier le nombre de f\u0153tus (gestation simple ou multiple), leur vitalit\u00e9 (battements cardiaques) et leur taille (au moyen de la longueur cranio-caudale ). Au cours de cette \u00e9chographie, une s\u00e9rie de param\u00e8tres sont d\u00e9termin\u00e9s qui d\u00e9terminent un certain risque de syndrome de Down et d&rsquo;autres pathologies chromosomiques, telles que la clart\u00e9 nucale, l&rsquo;os nasal ou le flux sanguin f\u0153tal.[\/vc_column_text]<\/div><\/div><h5 class='dt-sc-toggle-accordion '><a href='#'>\u00bb\u00c9chographie<\/a><\/h5><div class=\"dt-sc-toggle-content\" style=\"display: none;\"><div class=\"block\">[vc_column_text css=\u00a0\u00bb.vc_custom_1639400395328{margin-bottom: 0px !important;}\u00a0\u00bb]L&rsquo;\u00e9chographie s\u00e9lective est celle qui est r\u00e9alis\u00e9e \u00e0 la 20e semaine de grossesse, l&rsquo;\u00e9quateur de la grossesse. Dans ce test, l&rsquo;anatomie du b\u00e9b\u00e9 peut \u00eatre vue en d\u00e9tail, excluant ainsi d&rsquo;\u00e9ventuelles malformations ou anomalies f\u0153tales.[\/vc_column_text]<\/div><\/div><h5 class='dt-sc-toggle-accordion '><a href='#'>\u00bbDiagnostic<\/a><\/h5><div class=\"dt-sc-toggle-content\" style=\"display: none;\"><div class=\"block\">[vc_column_text css=\u00a0\u00bb.vc_custom_1639400441978{margin-bottom: 0px !important;}\u00a0\u00bb]<\/p>\n<ul>\n<li><strong>Amniocent\u00e8se<\/strong><\/li>\n<\/ul>\n<p>L&rsquo;amniocent\u00e8se est effectu\u00e9e pendant la grossesse pour d\u00e9tecter des anomalies cong\u00e9nitales, des probl\u00e8mes g\u00e9n\u00e9tiques ou des infections chez le f\u0153tus. Pour le r\u00e9aliser, un \u00e9chantillon du liquide est extrait du sac qui entoure le b\u00e9b\u00e9 dans l&rsquo;ut\u00e9rus, qui sera ensuite analys\u00e9.<\/p>\n<p>Ce test est \u00e9galement effectu\u00e9 \u00e0 d&rsquo;autres fins telles que la v\u00e9rification du d\u00e9veloppement pulmonaire du f\u0153tus et l&rsquo;\u00e9limination de l&rsquo;exc\u00e8s de liquide autour du b\u00e9b\u00e9.[\/vc_column_text]<\/div><\/div><h5 class='dt-sc-toggle-accordion '><a href='#'>\u00bbSurveillance<\/a><\/h5><div class=\"dt-sc-toggle-content\" style=\"display: none;\"><div class=\"block\">[vc_column_text css=\u00a0\u00bb.vc_custom_1639400513937{margin-bottom: 0px !important;}\u00a0\u00bb]<\/p>\n<ul>\n<li><strong>\u00c9chographie 5D<\/strong><\/li>\n<\/ul>\n<p>L&rsquo;\u00e9chographie 5D est la derni\u00e8re avanc\u00e9e en mati\u00e8re d&rsquo;imagerie de la grossesse. Cela nous permet de voir le b\u00e9b\u00e9 en temps r\u00e9el en capturant des images en trois dimensions. De plus, il nous offre des images plus claires, avec une r\u00e9solution plus \u00e9lev\u00e9e et, par cons\u00e9quent, une vision plus claire du corps et du visage du b\u00e9b\u00e9.<\/p>\n<ul>\n<li><strong>\u00c9chographie Doppler<\/strong><\/li>\n<\/ul>\n<p>Cette \u00e9chographie nous permet de voir les organes mous du corps. Dans le cas particulier des femmes enceintes, l&rsquo;\u00e9chographie Doppler est le test qui permet de v\u00e9rifier l&rsquo;\u00e9tat des valves cardiaques et des parois du c\u0153ur. La quantit\u00e9 de sang que le c\u0153ur du b\u00e9b\u00e9 pompe est \u00e9galement v\u00e9rifi\u00e9e avec cette \u00e9chographie.[\/vc_column_text]<\/div><\/div><h5 class='dt-sc-toggle-accordion '><a href='#'>\u00bbSoins<\/a><\/h5><div class=\"dt-sc-toggle-content\" style=\"display: none;\"><div class=\"block\">[vc_column_text css=\u00a0\u00bb.vc_custom_1639400570538{margin-bottom: 0px !important;}\u00a0\u00bb]Apr\u00e8s la naissance du b\u00e9b\u00e9, la m\u00e8re doit se remettre des changements anatomiques et fonctionnels survenus pendant la grossesse, il sera donc n\u00e9cessaire de suivre les recommandations m\u00e9dicales. De plus, les changements dans les relations sociales peuvent n\u00e9cessiter une attention psychologique dans certains cas.<\/p>\n<p>La r\u00e9cup\u00e9ration post-partum s&rsquo;adresse \u00e0 toutes les femmes qui souhaitent r\u00e9cup\u00e9rer de la mani\u00e8re la plus ad\u00e9quate possible sans blesser leur corps tant \u00e0 l&rsquo;int\u00e9rieur qu&rsquo;\u00e0 l&rsquo;ext\u00e9rieur. Il vise \u00e0 atteindre, entre autres, les objectifs suivants :<\/p>\n<ul>\n<li>Renforce et tonifie les muscles abdominaux.<\/li>\n<li>Am\u00e9liorer les muscles du bassin et du plancher pelvien.<\/li>\n<li>Renforce les muscles lombaires.<\/li>\n<li>R\u00e9duire, raffermir et tonifier le corps de la femme.<\/li>\n<\/ul>\n<p>A tout cela s&rsquo;ajoute le r\u00f4le tr\u00e8s important que joue cette r\u00e9cup\u00e9ration dans l&rsquo;estime de soi de la m\u00e8re.[\/vc_column_text]<\/div><\/div><h5 class='dt-sc-toggle-accordion '><a href='#'>\u00bbPlanification<\/a><\/h5><div class=\"dt-sc-toggle-content\" style=\"display: none;\"><div class=\"block\">[vc_column_text css=\u00a0\u00bb.vc_custom_1639400598686{margin-bottom: 0px !important;}\u00a0\u00bb]La planification familiale est un service fondamental qui aide les couples \u00e0 d\u00e9cider quand et combien d&rsquo;enfants ils souhaitent avoir, am\u00e9liorant ainsi le bien-\u00eatre et la sant\u00e9 des femmes. Cela se fait par l&rsquo;utilisation de m\u00e9thodes contraceptives ou par la st\u00e9rilisation, \u00e0 la fois de l&rsquo;homme et de la femme.[\/vc_column_text]<\/div><\/div><h5 class='dt-sc-toggle-accordion '><a href='#'>\u00bbImplanon<\/a><\/h5><div class=\"dt-sc-toggle-content\" style=\"display: none;\"><div class=\"block\">[vc_column_text css=\u00a0\u00bb.vc_custom_1639400625877{margin-bottom: 0px !important;}\u00a0\u00bb]Chez Ginefem, nous r\u00e9alisons des implants contraceptifs intradermiques. Il se compose d&rsquo;une barre fine et flexible qui s&rsquo;ins\u00e8re sous la peau du bras. Il lib\u00e8re de faibles doses d&rsquo;hormones qui emp\u00eachent la grossesse. La dur\u00e9e de protection contre la grossesse peut aller jusqu&rsquo;\u00e0 4 ans.[\/vc_column_text]<\/div><\/div><h5 class='dt-sc-toggle-accordion '><a href='#'>\u00bbTypes<\/a><\/h5><div class=\"dt-sc-toggle-content\" style=\"display: none;\"><div class=\"block\">[vc_column_text css=\u00a0\u00bb.vc_custom_1639400651693{margin-bottom: 0px !important;}\u00a0\u00bb]Le DIU est un dispositif qui est plac\u00e9 dans l&rsquo;ut\u00e9rus par le col de l&rsquo;ut\u00e9rus et port\u00e9 en permanence pour emp\u00eacher une grossesse. C&rsquo;est donc une m\u00e9thode contraceptive efficace dans 99% des cas.[\/vc_column_text]<\/div><\/div><\/div>[\/vc_column][\/vc_row][vc_row][vc_column]<div class=\"ult-spacer spacer-69d66e68c35dc\" data-id=\"69d66e68c35dc\" data-height=\"80\" data-height-mobile=\"50\" data-height-tab=\"60\" data-height-tab-portrait=\"60\" data-height-mobile-landscape=\"50\" style=\"clear:both;display:block;\"><\/div>[\/vc_column][\/vc_row][vc_row][vc_column width=\u00a0\u00bb1\/3&Prime;]<div class='dt-sc-pr-tb-col type2 '><div class=\"dt-sc-tb-header\"><div class=\"dt-sc-tb-title\"><h5> <span>1<\/span>Planification<br>familiale<\/h5><\/div><div class=\"dt-sc-price\"><h6> <sup><\/sup><\/h6><\/div><\/div><ul class=\"dt-sc-tb-content\">\n<li>Nous aidons les couples \u00e0 d\u00e9cider quand et combien d&rsquo;enfants ils souhaitent avoir, am\u00e9liorant ainsi le bien-\u00eatre et la sant\u00e9 des femmes.<\/li>\n<\/ul><\/div>[\/vc_column][vc_column width=\u00a0\u00bb1\/3&Prime;]<div class='dt-sc-pr-tb-col type2 '><div class=\"dt-sc-tb-header\"><div class=\"dt-sc-tb-title\"><h5> <span>2<\/span>\u00c9chographie et<br>diagnostic<\/h5><\/div><div class=\"dt-sc-price\"><h6> <sup><\/sup><\/h6><\/div><\/div><ul class=\"dt-sc-tb-content\">\n<li>Du premier trimestre (semaine 11\/14) jusqu&rsquo;\u00e0 la naissance du b\u00e9b\u00e9. Comprend l&rsquo;\u00e9chographie 5D et l&rsquo;\u00e9chographie Doppler.<\/li>\n<\/ul><\/div>[\/vc_column][vc_column width=\u00a0\u00bb1\/3&Prime;]<div class='dt-sc-pr-tb-col type2 '><div class=\"dt-sc-tb-header\"><div class=\"dt-sc-tb-title\"><h5> <span>3<\/span>Soins<br>post-partum<\/h5><\/div><div class=\"dt-sc-price\"><h6> <sup><\/sup><\/h6><\/div><\/div><ul class=\"dt-sc-tb-content\">\n<li aria-setsize=\"-1\" data-leveltext=\"-\" data-font=\"\" data-listid=\"1\" data-aria-posinset=\"1\" data-aria-level=\"1\">Pour renforcer et tonifier les muscles abdominaux, lombaires et du plancher pelvien. En plus de r\u00e9duire, raffermir et tonifier le corps de la femme.<\/li>\n<\/ul><\/div>[\/vc_column][\/vc_row][vc_row][vc_column]<div class=\"ult-spacer spacer-69d66e68c3701\" data-id=\"69d66e68c3701\" data-height=\"80\" data-height-mobile=\"50\" data-height-tab=\"60\" data-height-tab-portrait=\"60\" data-height-mobile-landscape=\"50\" style=\"clear:both;display:block;\"><\/div>[\/vc_column][\/vc_row][vc_row][vc_column width=\u00a0\u00bb1\/2&Prime;]<div class='dt-sc-icon-box type5 '><div class=\"icon-wrapper\"><span class='fas fa-question'> <\/span><\/div><div class=\"icon-content\"><h4><a href='https:\/\/ginefem.com\/wp-content\/uploads\/2020\/04\/GU%C3%8DA-embarazadas.pdf' title='' target='_self'>Guide de recommandations g\u00e9n\u00e9rales pour les femmes enceintes<\/a><\/h4><p><\/p><\/div><\/div>[\/vc_column][vc_column width=\u00a0\u00bb1\/2&Prime;]<div class='dt-sc-icon-box type5 last'><div class=\"icon-wrapper\"><span class='far fa-calendar-alt'> <\/span><\/div><div class=\"icon-content\"><h4>Commentaires<\/h4><p>Pour un suivi et un contr\u00f4le ad\u00e9quats, il est essentiel de suivre le calendrier des visites \u00e9tabli par le sp\u00e9cialiste.<\/p><\/div><\/div>[\/vc_column][\/vc_row][vc_row][vc_column offset=\u00a0\u00bbvc_hidden-lg vc_hidden-md vc_hidden-sm vc_hidden-xs\u00a0\u00bb][vc_icon][\/vc_column][\/vc_row]<\/p>\n<\/div>","protected":false},"excerpt":{"rendered":"<p>[vc_row][vc_column][vc_single_image image=\u00a0\u00bb37931&Prime; img_size=\u00a0\u00bbfull\u00a0\u00bb][vc_custom_heading text=\u00a0\u00bbOBST\u00c9TRIQUE\u00a0\u00bb use_theme_fonts=\u00a0\u00bbyes\u00a0\u00bb][vc_row_inner][vc_column_inner width=\u00a0\u00bb1\/2&Prime;][vc_column_text css=\u00a0\u00bb.vc_custom_1639400051417{margin-bottom: 0px !important;}\u00a0\u00bb]L&rsquo;obst\u00e9trique est ce domaine m\u00e9dical qui est responsable des soins aux femmes pendant la grossesse, l&rsquo;accouchement et le post-partum pour promouvoir la sant\u00e9 de la m\u00e8re et du b\u00e9b\u00e9. Chez Ginefem, nous avons des professionnels avec une vaste exp\u00e9rience en obst\u00e9trique, traitant non seulement de l&rsquo;aspect m\u00e9dical [&hellip;]<\/p>\n","protected":false},"author":1,"featured_media":13517,"parent":0,"menu_order":0,"comment_status":"closed","ping_status":"closed","template":"","meta":{"_joinchat":[],"footnotes":""},"class_list":["post-13547","page","type-page","status-publish","hentry"],"yoast_head":"<!-- This site is optimized with the Yoast SEO plugin v27.3 - https:\/\/yoast.com\/product\/yoast-seo-wordpress\/ -->\n<title>Ginefem - Sp\u00e9cialistes en obst\u00e9trique et gyn\u00e9cologie \u00e0 Tenerife<\/title>\n<meta name=\"description\" content=\"L&#039;obst\u00e9trique est ce domaine m\u00e9dical qui est responsable des soins aux femmes pendant la grossesse, l&#039;accouchement et le post-partum pour promouvoir la sant\u00e9 de la m\u00e8re et du b\u00e9b\u00e9.\" \/>\n<meta name=\"robots\" content=\"index, follow, max-snippet:-1, max-image-preview:large, max-video-preview:-1\" \/>\n<link rel=\"canonical\" href=\"https:\/\/ginefem.com\/fr\/obstetrique\/\" \/>\n<meta property=\"og:locale\" content=\"fr_FR\" \/>\n<meta property=\"og:type\" content=\"article\" \/>\n<meta property=\"og:title\" content=\"Ginefem - Sp\u00e9cialistes en obst\u00e9trique et gyn\u00e9cologie \u00e0 Tenerife\" \/>\n<meta property=\"og:description\" content=\"L&#039;obst\u00e9trique est ce domaine m\u00e9dical qui est responsable des soins aux femmes pendant la grossesse, l&#039;accouchement et le post-partum pour promouvoir la sant\u00e9 de la m\u00e8re et du b\u00e9b\u00e9.\" \/>\n<meta property=\"og:url\" content=\"https:\/\/ginefem.com\/fr\/obstetrique\/\" \/>\n<meta property=\"og:site_name\" content=\"Ginefem\" \/>\n<meta property=\"article:publisher\" content=\"https:\/\/es-es.facebook.com\/GinefemMujer\/\" \/>\n<meta property=\"article:modified_time\" content=\"2022-02-04T14:06:20+00:00\" \/>\n<meta property=\"og:image\" content=\"https:\/\/ginefem.com\/wp-content\/uploads\/2021\/11\/obstetricia.jpg\" \/>\n\t<meta property=\"og:image:width\" content=\"900\" \/>\n\t<meta property=\"og:image:height\" content=\"600\" \/>\n\t<meta property=\"og:image:type\" content=\"image\/jpeg\" \/>\n<meta name=\"twitter:card\" content=\"summary_large_image\" \/>\n<meta name=\"twitter:site\" content=\"@Ginefem\" \/>\n<meta name=\"twitter:label1\" content=\"Dur\u00e9e de lecture estim\u00e9e\" \/>\n\t<meta name=\"twitter:data1\" content=\"5 minutes\" \/>\n<script type=\"application\/ld+json\" class=\"yoast-schema-graph\">{\"@context\":\"https:\\\/\\\/schema.org\",\"@graph\":[{\"@type\":\"WebPage\",\"@id\":\"https:\\\/\\\/ginefem.com\\\/fr\\\/obstetrique\\\/\",\"url\":\"https:\\\/\\\/ginefem.com\\\/fr\\\/obstetrique\\\/\",\"name\":\"Ginefem - Sp\u00e9cialistes en obst\u00e9trique et gyn\u00e9cologie \u00e0 Tenerife\",\"isPartOf\":{\"@id\":\"https:\\\/\\\/ginefem.com\\\/#website\"},\"primaryImageOfPage\":{\"@id\":\"https:\\\/\\\/ginefem.com\\\/fr\\\/obstetrique\\\/#primaryimage\"},\"image\":{\"@id\":\"https:\\\/\\\/ginefem.com\\\/fr\\\/obstetrique\\\/#primaryimage\"},\"thumbnailUrl\":\"https:\\\/\\\/ginefem.com\\\/wp-content\\\/uploads\\\/2021\\\/11\\\/obstetricia.jpg\",\"datePublished\":\"2021-10-17T08:12:54+00:00\",\"dateModified\":\"2022-02-04T14:06:20+00:00\",\"description\":\"L'obst\u00e9trique est ce domaine m\u00e9dical qui est responsable des soins aux femmes pendant la grossesse, l'accouchement et le post-partum pour promouvoir la sant\u00e9 de la m\u00e8re et du b\u00e9b\u00e9.\",\"breadcrumb\":{\"@id\":\"https:\\\/\\\/ginefem.com\\\/fr\\\/obstetrique\\\/#breadcrumb\"},\"inLanguage\":\"fr-FR\",\"potentialAction\":[{\"@type\":\"ReadAction\",\"target\":[\"https:\\\/\\\/ginefem.com\\\/fr\\\/obstetrique\\\/\"]}]},{\"@type\":\"ImageObject\",\"inLanguage\":\"fr-FR\",\"@id\":\"https:\\\/\\\/ginefem.com\\\/fr\\\/obstetrique\\\/#primaryimage\",\"url\":\"https:\\\/\\\/ginefem.com\\\/wp-content\\\/uploads\\\/2021\\\/11\\\/obstetricia.jpg\",\"contentUrl\":\"https:\\\/\\\/ginefem.com\\\/wp-content\\\/uploads\\\/2021\\\/11\\\/obstetricia.jpg\",\"width\":900,\"height\":600},{\"@type\":\"BreadcrumbList\",\"@id\":\"https:\\\/\\\/ginefem.com\\\/fr\\\/obstetrique\\\/#breadcrumb\",\"itemListElement\":[{\"@type\":\"ListItem\",\"position\":1,\"name\":\"Portada\",\"item\":\"https:\\\/\\\/ginefem.com\\\/fr\\\/\"},{\"@type\":\"ListItem\",\"position\":2,\"name\":\"Obst\u00e9trique\"}]},{\"@type\":\"WebSite\",\"@id\":\"https:\\\/\\\/ginefem.com\\\/#website\",\"url\":\"https:\\\/\\\/ginefem.com\\\/\",\"name\":\"Ginefem\",\"description\":\"Salud integral de la mujer\",\"potentialAction\":[{\"@type\":\"SearchAction\",\"target\":{\"@type\":\"EntryPoint\",\"urlTemplate\":\"https:\\\/\\\/ginefem.com\\\/?s={search_term_string}\"},\"query-input\":{\"@type\":\"PropertyValueSpecification\",\"valueRequired\":true,\"valueName\":\"search_term_string\"}}],\"inLanguage\":\"fr-FR\"}]}<\/script>\n<!-- \/ Yoast SEO plugin. -->","yoast_head_json":{"title":"Ginefem - Sp\u00e9cialistes en obst\u00e9trique et gyn\u00e9cologie \u00e0 Tenerife","description":"L'obst\u00e9trique est ce domaine m\u00e9dical qui est responsable des soins aux femmes pendant la grossesse, l'accouchement et le post-partum pour promouvoir la sant\u00e9 de la m\u00e8re et du b\u00e9b\u00e9.","robots":{"index":"index","follow":"follow","max-snippet":"max-snippet:-1","max-image-preview":"max-image-preview:large","max-video-preview":"max-video-preview:-1"},"canonical":"https:\/\/ginefem.com\/fr\/obstetrique\/","og_locale":"fr_FR","og_type":"article","og_title":"Ginefem - Sp\u00e9cialistes en obst\u00e9trique et gyn\u00e9cologie \u00e0 Tenerife","og_description":"L'obst\u00e9trique est ce domaine m\u00e9dical qui est responsable des soins aux femmes pendant la grossesse, l'accouchement et le post-partum pour promouvoir la sant\u00e9 de la m\u00e8re et du b\u00e9b\u00e9.","og_url":"https:\/\/ginefem.com\/fr\/obstetrique\/","og_site_name":"Ginefem","article_publisher":"https:\/\/es-es.facebook.com\/GinefemMujer\/","article_modified_time":"2022-02-04T14:06:20+00:00","og_image":[{"width":900,"height":600,"url":"https:\/\/ginefem.com\/wp-content\/uploads\/2021\/11\/obstetricia.jpg","type":"image\/jpeg"}],"twitter_card":"summary_large_image","twitter_site":"@Ginefem","twitter_misc":{"Dur\u00e9e de lecture estim\u00e9e":"5 minutes"},"schema":{"@context":"https:\/\/schema.org","@graph":[{"@type":"WebPage","@id":"https:\/\/ginefem.com\/fr\/obstetrique\/","url":"https:\/\/ginefem.com\/fr\/obstetrique\/","name":"Ginefem - Sp\u00e9cialistes en obst\u00e9trique et gyn\u00e9cologie \u00e0 Tenerife","isPartOf":{"@id":"https:\/\/ginefem.com\/#website"},"primaryImageOfPage":{"@id":"https:\/\/ginefem.com\/fr\/obstetrique\/#primaryimage"},"image":{"@id":"https:\/\/ginefem.com\/fr\/obstetrique\/#primaryimage"},"thumbnailUrl":"https:\/\/ginefem.com\/wp-content\/uploads\/2021\/11\/obstetricia.jpg","datePublished":"2021-10-17T08:12:54+00:00","dateModified":"2022-02-04T14:06:20+00:00","description":"L'obst\u00e9trique est ce domaine m\u00e9dical qui est responsable des soins aux femmes pendant la grossesse, l'accouchement et le post-partum pour promouvoir la sant\u00e9 de la m\u00e8re et du b\u00e9b\u00e9.","breadcrumb":{"@id":"https:\/\/ginefem.com\/fr\/obstetrique\/#breadcrumb"},"inLanguage":"fr-FR","potentialAction":[{"@type":"ReadAction","target":["https:\/\/ginefem.com\/fr\/obstetrique\/"]}]},{"@type":"ImageObject","inLanguage":"fr-FR","@id":"https:\/\/ginefem.com\/fr\/obstetrique\/#primaryimage","url":"https:\/\/ginefem.com\/wp-content\/uploads\/2021\/11\/obstetricia.jpg","contentUrl":"https:\/\/ginefem.com\/wp-content\/uploads\/2021\/11\/obstetricia.jpg","width":900,"height":600},{"@type":"BreadcrumbList","@id":"https:\/\/ginefem.com\/fr\/obstetrique\/#breadcrumb","itemListElement":[{"@type":"ListItem","position":1,"name":"Portada","item":"https:\/\/ginefem.com\/fr\/"},{"@type":"ListItem","position":2,"name":"Obst\u00e9trique"}]},{"@type":"WebSite","@id":"https:\/\/ginefem.com\/#website","url":"https:\/\/ginefem.com\/","name":"Ginefem","description":"Salud integral de la mujer","potentialAction":[{"@type":"SearchAction","target":{"@type":"EntryPoint","urlTemplate":"https:\/\/ginefem.com\/?s={search_term_string}"},"query-input":{"@type":"PropertyValueSpecification","valueRequired":true,"valueName":"search_term_string"}}],"inLanguage":"fr-FR"}]}},"_links":{"self":[{"href":"https:\/\/ginefem.com\/fr\/wp-json\/wp\/v2\/pages\/13547","targetHints":{"allow":["GET"]}}],"collection":[{"href":"https:\/\/ginefem.com\/fr\/wp-json\/wp\/v2\/pages"}],"about":[{"href":"https:\/\/ginefem.com\/fr\/wp-json\/wp\/v2\/types\/page"}],"author":[{"embeddable":true,"href":"https:\/\/ginefem.com\/fr\/wp-json\/wp\/v2\/users\/1"}],"replies":[{"embeddable":true,"href":"https:\/\/ginefem.com\/fr\/wp-json\/wp\/v2\/comments?post=13547"}],"version-history":[{"count":4,"href":"https:\/\/ginefem.com\/fr\/wp-json\/wp\/v2\/pages\/13547\/revisions"}],"predecessor-version":[{"id":39025,"href":"https:\/\/ginefem.com\/fr\/wp-json\/wp\/v2\/pages\/13547\/revisions\/39025"}],"wp:featuredmedia":[{"embeddable":true,"href":"https:\/\/ginefem.com\/fr\/wp-json\/wp\/v2\/media\/13517"}],"wp:attachment":[{"href":"https:\/\/ginefem.com\/fr\/wp-json\/wp\/v2\/media?parent=13547"}],"curies":[{"name":"wp","href":"https:\/\/api.w.org\/{rel}","templated":true}]}}