{"id":13552,"date":"2021-10-17T09:30:07","date_gmt":"2021-10-17T09:30:07","guid":{"rendered":"https:\/\/ginefem.com\/fisioterapia-ginecologica\/"},"modified":"2022-02-04T14:05:36","modified_gmt":"2022-02-04T14:05:36","slug":"gyneco-kinesitherapie","status":"publish","type":"page","link":"https:\/\/ginefem.com\/fr\/gyneco-kinesitherapie\/","title":{"rendered":"Kin\u00e9sith\u00e9rapie gyn\u00e9cologique"},"content":{"rendered":"<div class=\"wpb-content-wrapper\"><p>[vc_row][vc_column][vc_single_image image=\u00a0\u00bb37921&Prime; img_size=\u00a0\u00bbfull\u00a0\u00bb]<div class=\"ult-spacer spacer-69db74c8c2af7\" data-id=\"69db74c8c2af7\" data-height=\"20\" data-height-mobile=\"20\" data-height-tab=\"20\" data-height-tab-portrait=\"\" data-height-mobile-landscape=\"\" style=\"clear:both;display:block;\"><\/div>[vc_custom_heading text=\u00a0\u00bbKIN\u00c9SITH\u00c9RAPIE GYN\u00c9COLOGIQUE\u00a0\u00bb use_theme_fonts=\u00a0\u00bbyes\u00a0\u00bb]<div class='dt-sc-single-border-separator '><\/div><div class=\"ult-spacer spacer-69db74c8c2b9a\" data-id=\"69db74c8c2b9a\" data-height=\"50\" data-height-mobile=\"50\" data-height-tab=\"50\" data-height-tab-portrait=\"\" data-height-mobile-landscape=\"\" style=\"clear:both;display:block;\"><\/div>[vc_row_inner][vc_column_inner width=\u00a0\u00bb1\/2&Prime;][vc_column_text css=\u00a0\u00bb.vc_custom_1639488268636{margin-bottom: 0px !important;}\u00a0\u00bb]La physioth\u00e9rapie gyn\u00e9cologique est un domaine de la physioth\u00e9rapie qui se concentre sur la prise en charge de la r\u00e9gion g\u00e9nitale f\u00e9minine et d&rsquo;autres zones voisines qui sont affect\u00e9es dans des moments sp\u00e9ciaux pour les femmes tels que la grossesse et l&rsquo;accouchement. Gr\u00e2ce \u00e0 l&rsquo;utilisation de diff\u00e9rentes techniques et m\u00e9thodes, les muscles et les articulations de ces zones sont soign\u00e9s. Chez Ginefem, nous offrons \u00e0 nos patients un service de physioth\u00e9rapie gyn\u00e9cologique avanc\u00e9 dirig\u00e9 par Erika Amezcua Valmala.<\/p>\n<p>Vous pouvez maintenant prendre rendez-vous avec le nouveau Service de physioth\u00e9rapie gyn\u00e9cologique. au 922 241 598 ou via le formulaire.[\/vc_column_text][vc_empty_space height=\u00a0\u00bb22px\u00a0\u00bb][vc_btn title=\u00a0\u00bbPRENDRE RENDEZ-VOUS\u00a0\u00bb shape=\u00a0\u00bbsquare\u00a0\u00bb size=\u00a0\u00bblg\u00a0\u00bb align=\u00a0\u00bbcenter\u00a0\u00bb button_block=\u00a0\u00bbtrue\u00a0\u00bb link=\u00a0\u00bburl:%23pide-cita\u00a0\u00bb][\/vc_column_inner][vc_column_inner width=\u00a0\u00bb1\/2&Prime;]<h3>Que traite la physioth\u00e9rapie gyn\u00e9cologique?<\/h3>\n<ul class='dt-sc-fancy-list   tick'>\n<li aria-setsize=\"-1\" data-leveltext=\"-\" data-font=\"\" data-listid=\"2\" data-aria-posinset=\"1\" data-aria-level=\"1\">Incontinence urinaire et\/ou f\u00e9cale.<\/li>\n<li aria-setsize=\"-1\" data-leveltext=\"-\" data-font=\"\" data-listid=\"2\" data-aria-posinset=\"1\" data-aria-level=\"1\">Descente d&rsquo;organes (prolapsus).<\/li>\n<li aria-setsize=\"-1\" data-leveltext=\"-\" data-font=\"\" data-listid=\"2\" data-aria-posinset=\"1\" data-aria-level=\"1\">Douleur p\u00e9rin\u00e9ale.<\/li>\n<li aria-setsize=\"-1\" data-leveltext=\"-\" data-font=\"\" data-listid=\"2\" data-aria-posinset=\"1\" data-aria-level=\"1\">Constipation terminale.<\/li>\n<li aria-setsize=\"-1\" data-leveltext=\"-\" data-font=\"\" data-listid=\"2\" data-aria-posinset=\"1\" data-aria-level=\"1\">Certains dysfonctionnements sexuels tels que la dyspareunie, le vaginisme et la dysfonction \u00e9rectile.<\/li>\n<li aria-setsize=\"-1\" data-leveltext=\"-\" data-font=\"\" data-listid=\"2\" data-aria-posinset=\"1\" data-aria-level=\"1\">Plancher pelvien pendant et apr\u00e8s la grossesse.<\/li>\n<\/ul>[\/vc_column_inner][\/vc_row_inner]<div class=\"ult-spacer spacer-69db74c8c2c59\" data-id=\"69db74c8c2c59\" data-height=\"60\" data-height-mobile=\"30\" data-height-tab=\"40\" data-height-tab-portrait=\"40\" data-height-mobile-landscape=\"30\" style=\"clear:both;display:block;\"><\/div>[\/vc_column][\/vc_row][vc_row][vc_column][\/vc_column][\/vc_row][vc_row][vc_column]<div class=\"ult-spacer spacer-69db74c8c2c98\" data-id=\"69db74c8c2c98\" data-height=\"40\" data-height-mobile=\"20\" data-height-tab=\"30\" data-height-tab-portrait=\"30\" data-height-mobile-landscape=\"20\" style=\"clear:both;display:block;\"><\/div>[vc_column_text el_class=\u00a0\u00bbaligncenter\u00a0\u00bb]<div class='dt-sc-title with-two-border '><h2>Plus d'informations<\/h2><\/div>[\/vc_column_text]<div class='dt-sc-clear '> <\/div><div class=\"ult-spacer spacer-69db74c8c2d33\" data-id=\"69db74c8c2d33\" data-height=\"40\" data-height-mobile=\"20\" data-height-tab=\"30\" data-height-tab-portrait=\"30\" data-height-mobile-landscape=\"20\" style=\"clear:both;display:block;\"><\/div>[vc_row_inner][vc_column_inner width=\u00a0\u00bb1\/2&Prime;]<div class='dt-sc-image-caption type8 '><div class='dt-sc-image-wrapper'><a target=\"_self\" href=\"\"><img loading=\"lazy\" decoding=\"async\" width=\"420\" height=\"260\" src=\"https:\/\/ginefem.com\/wp-content\/uploads\/2021\/10\/Diseno-sin-titulo-43.png\" class=\"attachment-full\" alt=\"\" title=\"Dise\u00f1o sin t\u00edtulo (43)\" srcset=\"https:\/\/ginefem.com\/wp-content\/uploads\/2021\/10\/Diseno-sin-titulo-43.png 420w, https:\/\/ginefem.com\/wp-content\/uploads\/2021\/10\/Diseno-sin-titulo-43-300x186.png 300w\" sizes=\"auto, (max-width: 420px) 100vw, 420px\" \/><\/a><\/div><div class='dt-sc-image-content'><div class='dt-sc-image-title'><h3>Chaise BTL Emsella pour renforcer le plancher pelvien<\/h3><\/div><p>Chez GINEFEM, nous offrons \u00e0 nos patients un traitement UNIQUE AUX \u00ceLES CANARIES capable de corriger l&rsquo;incontinence urinaire en s\u00e9ances de 30 minutes, sans effort et, \u00e9galement, avec des v\u00eatements.<\/p>\n<p>Il peut \u00e9galement \u00eatre utilis\u00e9 pour traiter l&rsquo;incontinence urinaire, l&rsquo;impuissance et les \u00e9rections faibles chez les hommes.<\/p>\n<p><a href='#' target='_self' title='' class='dt-sc-button   small   filled  ' > Prendre rendez-vous <\/a><\/p><\/div><\/div>[\/vc_column_inner][vc_column_inner width=\u00a0\u00bb1\/2&Prime;]<div class='dt-sc-image-caption type8 '><div class='dt-sc-image-wrapper'><a target=\"_self\" href=\"\"><img loading=\"lazy\" decoding=\"async\" width=\"420\" height=\"260\" src=\"https:\/\/ginefem.com\/wp-content\/uploads\/2021\/10\/unidad-especializada-incontinencia-urinaria.png\" class=\"attachment-full\" alt=\"\" title=\"unidad-especializada-incontinencia-urinaria\" srcset=\"https:\/\/ginefem.com\/wp-content\/uploads\/2021\/10\/unidad-especializada-incontinencia-urinaria.png 420w, https:\/\/ginefem.com\/wp-content\/uploads\/2021\/10\/unidad-especializada-incontinencia-urinaria-300x186.png 300w\" sizes=\"auto, (max-width: 420px) 100vw, 420px\" \/><\/a><\/div><div class='dt-sc-image-content'><div class='dt-sc-image-title'><h3>Unit\u00e9 sp\u00e9cialis\u00e9e dans le diagnostic et le traitement des pathologies g\u00e9nito-urinaires<\/h3><\/div><p>Dans notre unit\u00e9 sp\u00e9cialis\u00e9e dans la pr\u00e9vention, le diagnostic et le traitement de toutes les pathologies g\u00e9nito-urinaires, dirig\u00e9e par le Dr Francisco Montes de Oca, nous disposons de tous les traitements pour corriger les pathologies g\u00e9nito-urinaires, quel que soit le degr\u00e9 de manifestation du patient.<\/p>\n<p><a href='#' target='_self' title='' class='dt-sc-button   small   filled  ' > Prendre rendez-vous <\/a><\/p><\/div><\/div>[\/vc_column_inner][\/vc_row_inner]<div class=\"ult-spacer spacer-69db74c8c49f8\" data-id=\"69db74c8c49f8\" data-height=\"30\" data-height-mobile=\"20\" data-height-tab=\"20\" data-height-tab-portrait=\"20\" data-height-mobile-landscape=\"20\" style=\"clear:both;display:block;\"><\/div>[\/vc_column][\/vc_row][vc_row][vc_column]<div class='dt-sc-toggle-frame-set type2 '><h5 class='dt-sc-toggle-accordion '><a href='#'>\u00bbL&rsquo;incontinence<\/a><\/h5><div class=\"dt-sc-toggle-content\" style=\"display: none;\"><div class=\"block\">[vc_column_text css=\u00a0\u00bb.vc_custom_1639488428981{margin-bottom: 0px !important;}\u00a0\u00bb]L&rsquo;un des dysfonctionnements les plus fr\u00e9quents chez la femme est l&rsquo;incontinence urinaire, qui peut avoir de multiples causes. Parmi eux, on peut souligner une mauvaise r\u00e9cup\u00e9ration post-partum, de mauvaises habitudes quotidiennes, une prise de poids excessive pendant la grossesse, un accouchement tr\u00e8s long ou court lors de l&rsquo;accouchement, etc.<\/p>\n<p>Entre 40 et 60% des femmes souffrent d&rsquo;incontinence urinaire apr\u00e8s la m\u00e9nopause, bien que les causes proviennent souvent des ann\u00e9es de maturit\u00e9 pr\u00e9c\u00e9dentes.<\/p>\n<p>Avec la physioth\u00e9rapie sp\u00e9cialis\u00e9e, des techniques sp\u00e9cifiques peuvent \u00eatre appliqu\u00e9es pour stabiliser voire corriger ces pathologies qui s&rsquo;aggravent avec le temps et qui affectent grandement la qualit\u00e9 de vie des femmes tant sur le plan personnel, social que psychologique.<\/p>\n<p>[\/vc_column_text]<\/div><\/div><h5 class='dt-sc-toggle-accordion '><a href='#'>\u00bbTraitement<\/a><\/h5><div class=\"dt-sc-toggle-content\" style=\"display: none;\"><div class=\"block\">[vc_column_text css=\u00a0\u00bb.vc_custom_1639488456526{margin-bottom: 0px !important;}\u00a0\u00bb]Les muscles pelviens jouent un r\u00f4le fondamental dans la vie sexuelle de chaque femme. Certains troubles sexuels tels que l&rsquo;anorgasmie, la dyspareunie, le vaginisme, la vulvodynie&#8230; peuvent \u00eatre trait\u00e9s par la kin\u00e9sith\u00e9rapie puisqu&rsquo;ils ont une origine physique.[\/vc_column_text]<\/div><\/div><h5 class='dt-sc-toggle-accordion '><a href='#'>\u00bbPhysioth\u00e9rapie<\/a><\/h5><div class=\"dt-sc-toggle-content\" style=\"display: none;\"><div class=\"block\">[vc_column_text css=\u00a0\u00bb.vc_custom_1639488485262{margin-bottom: 0px !important;}\u00a0\u00bb]Pendant la grossesse, une s\u00e9rie de changements ont lieu dans le corps de la femme pour s&rsquo;adapter au nouvel \u00eatre qui se forme. Parfois, cela peut entra\u00eener des d\u00e9s\u00e9quilibres mineurs, des courbatures, des douleurs, etc. g\u00e9n\u00e9ralement dans les zones du dos, du bassin et des jambes. Un physioth\u00e9rapeute sp\u00e9cialis\u00e9 peut faire beaucoup pour soulager ces malaises chez les futures mamans.[\/vc_column_text]<\/div><\/div><h5 class='dt-sc-toggle-accordion '><a href='#'>\u00bbR\u00e9cup\u00e9ration<\/a><\/h5><div class=\"dt-sc-toggle-content\" style=\"display: none;\"><div class=\"block\">[vc_column_text css=\u00a0\u00bb.vc_custom_1639488514678{margin-bottom: 0px !important;}\u00a0\u00bb]Apr\u00e8s l&rsquo;accouchement, le corps de la m\u00e8re doit r\u00e9cup\u00e9rer le plus rapidement et le mieux possible. Il peut y avoir des s\u00e9quelles physiques \u00e0 la fois de la grossesse et de l&rsquo;accouchement qui peuvent affecter la paroi abdominale, la colonne vert\u00e9brale, le bassin, les muscles et les organes du plancher pelvien&#8230;<\/p>\n<p>Malheureusement, le retour \u00e0 la normale qui s&rsquo;effectue habituellement est insuffisant en r\u00e9alisant des exercices de gymnastique classiques qui cr\u00e9ent trop de tensions abdominales, facilitant ainsi l&rsquo;apparition de pathologies, telles que prolapsus, incontinence urinaire, coccydynie, mauvaise cicatrisation d&rsquo;\u00e9pisiotomie ou de c\u00e9sarienne&#8230;[\/vc_column_text]<\/div><\/div><h5 class='dt-sc-toggle-accordion '><a href='#'>\u00bbQuelles<\/a><\/h5><div class=\"dt-sc-toggle-content\" style=\"display: none;\"><div class=\"block\">[vc_column_text css=\u00a0\u00bb.vc_custom_1639488565407{margin-bottom: 0px !important;}\u00a0\u00bb]La r\u00e9cup\u00e9ration post-partum s&rsquo;adresse \u00e0 toutes les femmes qui souhaitent r\u00e9cup\u00e9rer de la mani\u00e8re la plus ad\u00e9quate possible sans blesser leur corps tant \u00e0 l&rsquo;int\u00e9rieur qu&rsquo;\u00e0 l&rsquo;ext\u00e9rieur. Il vise \u00e0 atteindre, entre autres, les objectifs suivants :<\/p>\n<ul>\n<li>Renforce et tonifie les muscles abdominaux.<\/li>\n<li>Am\u00e9liorer les muscles du bassin et du plancher pelvien.<\/li>\n<li>Renforce les muscles lombaires.<\/li>\n<li>R\u00e9duire, raffermir et tonifier le corps de la femme.<\/li>\n<\/ul>\n<p>A tout cela s&rsquo;ajoute le r\u00f4le tr\u00e8s important que joue cette r\u00e9cup\u00e9ration dans l&rsquo;estime de soi de la m\u00e8re.[\/vc_column_text]<\/div><\/div><\/div>[\/vc_column][\/vc_row][vc_row][vc_column]<div class=\"ult-spacer spacer-69db74c8c4d65\" data-id=\"69db74c8c4d65\" data-height=\"80\" data-height-mobile=\"50\" data-height-tab=\"60\" data-height-tab-portrait=\"60\" data-height-mobile-landscape=\"50\" style=\"clear:both;display:block;\"><\/div>[\/vc_column][\/vc_row][vc_row][vc_column width=\u00a0\u00bb1\/3&Prime;]<div class='dt-sc-pr-tb-col type2 '><div class=\"dt-sc-tb-header\"><div class=\"dt-sc-tb-title\"><h5> <span>1<\/span>Consultation<br>gyn\u00e9cologique<\/h5><\/div><div class=\"dt-sc-price\"><h6> <sup><\/sup><\/h6><\/div><\/div><ul class=\"dt-sc-tb-content\">\n<li>Pour pouvoir r\u00e9aliser une \u00e9valuation individuelle et r\u00e9cup\u00e9rer des fonctionnalit\u00e9s.<\/li>\n<\/ul><\/div>[\/vc_column][vc_column width=\u00a0\u00bb1\/3&Prime;]<div class='dt-sc-pr-tb-col type2 '><div class=\"dt-sc-tb-header\"><div class=\"dt-sc-tb-title\"><h5> <span>2<\/span>Valorisation de<br>la zone<\/h5><\/div><div class=\"dt-sc-price\"><h6> <sup><\/sup><\/h6><\/div><\/div><ul class=\"dt-sc-tb-content\">\n<li>\u00c9valuation du plancher pelvien, non seulement au niveau organique, mais aussi au niveau fonctionnel.<\/li>\n<\/ul><\/div>[\/vc_column][vc_column width=\u00a0\u00bb1\/3&Prime;]<div class='dt-sc-pr-tb-col type2 '><div class=\"dt-sc-tb-header\"><div class=\"dt-sc-tb-title\"><h5> <span>3<\/span>Indication du<br>traitement<\/h5><\/div><div class=\"dt-sc-price\"><h6> <sup><\/sup><\/h6><\/div><\/div><ul class=\"dt-sc-tb-content\">\n<li>Exercices et traitements personnalis\u00e9s, selon les besoins de chaque patient.<\/li>\n<\/ul><\/div>[\/vc_column][\/vc_row][vc_row][vc_column]<div class=\"ult-spacer spacer-69db74c8c4e84\" data-id=\"69db74c8c4e84\" data-height=\"80\" data-height-mobile=\"50\" data-height-tab=\"60\" data-height-tab-portrait=\"60\" data-height-mobile-landscape=\"50\" style=\"clear:both;display:block;\"><\/div>[\/vc_column][\/vc_row][vc_row][vc_column width=\u00a0\u00bb1\/2&Prime;]<div class='dt-sc-icon-box type5 '><div class=\"icon-wrapper\"><span class='fas fa-question'> <\/span><\/div><div class=\"icon-content\"><h4><a href='https:\/\/ginefem.com\/wp-content\/uploads\/2020\/04\/GU%C3%8DA-embarazadas.pdf' title='' target='_self'>Nous pouvons t'aider?<\/a><\/h4><p>Si vous vous sentez identifi\u00e9 \u00e0 ces pathologies, n&rsquo;attendez plus et demandez votre rendez-vous au 922 241 598 ou via ce formulaire.<\/p><\/div><\/div>[\/vc_column][vc_column width=\u00a0\u00bb1\/2&Prime;]<div class='dt-sc-icon-box type5 last'><div class=\"icon-wrapper\"><span class='far fa-calendar-alt'> <\/span><\/div><div class=\"icon-content\"><h4>Commentaires<\/h4><p>Pour un suivi et un contr\u00f4le ad\u00e9quats, il est essentiel de suivre le calendrier des visites \u00e9tabli par le sp\u00e9cialiste.<\/p><\/div><\/div>[\/vc_column][\/vc_row][vc_row][vc_column offset=\u00a0\u00bbvc_hidden-lg vc_hidden-md vc_hidden-sm vc_hidden-xs\u00a0\u00bb][vc_icon][\/vc_column][\/vc_row]<\/p>\n<\/div>","protected":false},"excerpt":{"rendered":"<p>[vc_row][vc_column][vc_single_image image=\u00a0\u00bb37921&Prime; img_size=\u00a0\u00bbfull\u00a0\u00bb][vc_custom_heading text=\u00a0\u00bbKIN\u00c9SITH\u00c9RAPIE GYN\u00c9COLOGIQUE\u00a0\u00bb use_theme_fonts=\u00a0\u00bbyes\u00a0\u00bb][vc_row_inner][vc_column_inner width=\u00a0\u00bb1\/2&Prime;][vc_column_text css=\u00a0\u00bb.vc_custom_1639488268636{margin-bottom: 0px !important;}\u00a0\u00bb]La physioth\u00e9rapie gyn\u00e9cologique est un domaine de la physioth\u00e9rapie qui se concentre sur la prise en charge de la r\u00e9gion g\u00e9nitale f\u00e9minine et d&rsquo;autres zones voisines qui sont affect\u00e9es dans des moments sp\u00e9ciaux pour les femmes tels que la grossesse et l&rsquo;accouchement. Gr\u00e2ce \u00e0 l&rsquo;utilisation de [&hellip;]<\/p>\n","protected":false},"author":1,"featured_media":65553,"parent":0,"menu_order":0,"comment_status":"closed","ping_status":"closed","template":"","meta":{"_joinchat":[],"footnotes":""},"class_list":["post-13552","page","type-page","status-publish","hentry"],"yoast_head":"<!-- This site is optimized with the Yoast SEO plugin v27.3 - https:\/\/yoast.com\/product\/yoast-seo-wordpress\/ -->\n<title>Physioth\u00e9rapie gyn\u00e9cologique | Ginefem<\/title>\n<meta name=\"description\" content=\"La physioth\u00e9rapie gyn\u00e9cologique est un domaine de la physioth\u00e9rapie qui se concentre sur les soins de la r\u00e9gion g\u00e9nitale f\u00e9minine et d&#039;autres zones voisines qui sont touch\u00e9es.\" \/>\n<meta name=\"robots\" content=\"index, follow, max-snippet:-1, max-image-preview:large, max-video-preview:-1\" \/>\n<link rel=\"canonical\" href=\"https:\/\/ginefem.com\/fr\/gyneco-kinesitherapie\/\" \/>\n<meta property=\"og:locale\" content=\"fr_FR\" \/>\n<meta property=\"og:type\" content=\"article\" \/>\n<meta property=\"og:title\" content=\"Physioth\u00e9rapie gyn\u00e9cologique | Ginefem\" \/>\n<meta property=\"og:description\" content=\"La physioth\u00e9rapie gyn\u00e9cologique est un domaine de la physioth\u00e9rapie qui se concentre sur les soins de la r\u00e9gion g\u00e9nitale f\u00e9minine et d&#039;autres zones voisines qui sont touch\u00e9es.\" \/>\n<meta property=\"og:url\" content=\"https:\/\/ginefem.com\/fr\/gyneco-kinesitherapie\/\" \/>\n<meta property=\"og:site_name\" content=\"Ginefem\" \/>\n<meta property=\"article:publisher\" content=\"https:\/\/es-es.facebook.com\/GinefemMujer\/\" \/>\n<meta property=\"article:modified_time\" content=\"2022-02-04T14:05:36+00:00\" \/>\n<meta property=\"og:image\" content=\"https:\/\/ginefem.com\/wp-content\/uploads\/2021\/11\/fisioterapia-ginecologica-1.jpg\" \/>\n\t<meta property=\"og:image:width\" content=\"900\" \/>\n\t<meta property=\"og:image:height\" content=\"600\" \/>\n\t<meta property=\"og:image:type\" content=\"image\/jpeg\" \/>\n<meta name=\"twitter:card\" content=\"summary_large_image\" \/>\n<meta name=\"twitter:site\" content=\"@Ginefem\" \/>\n<meta name=\"twitter:label1\" content=\"Dur\u00e9e de lecture estim\u00e9e\" \/>\n\t<meta name=\"twitter:data1\" content=\"4 minutes\" \/>\n<script type=\"application\/ld+json\" class=\"yoast-schema-graph\">{\"@context\":\"https:\\\/\\\/schema.org\",\"@graph\":[{\"@type\":\"WebPage\",\"@id\":\"https:\\\/\\\/ginefem.com\\\/fr\\\/gyneco-kinesitherapie\\\/\",\"url\":\"https:\\\/\\\/ginefem.com\\\/fr\\\/gyneco-kinesitherapie\\\/\",\"name\":\"Physioth\u00e9rapie gyn\u00e9cologique | Ginefem\",\"isPartOf\":{\"@id\":\"https:\\\/\\\/ginefem.com\\\/#website\"},\"primaryImageOfPage\":{\"@id\":\"https:\\\/\\\/ginefem.com\\\/fr\\\/gyneco-kinesitherapie\\\/#primaryimage\"},\"image\":{\"@id\":\"https:\\\/\\\/ginefem.com\\\/fr\\\/gyneco-kinesitherapie\\\/#primaryimage\"},\"thumbnailUrl\":\"https:\\\/\\\/ginefem.com\\\/wp-content\\\/uploads\\\/2024\\\/11\\\/fisioterapia-ginecologica-1.jpg\",\"datePublished\":\"2021-10-17T09:30:07+00:00\",\"dateModified\":\"2022-02-04T14:05:36+00:00\",\"description\":\"La physioth\u00e9rapie gyn\u00e9cologique est un domaine de la physioth\u00e9rapie qui se concentre sur les soins de la r\u00e9gion g\u00e9nitale f\u00e9minine et d'autres zones voisines qui sont touch\u00e9es.\",\"breadcrumb\":{\"@id\":\"https:\\\/\\\/ginefem.com\\\/fr\\\/gyneco-kinesitherapie\\\/#breadcrumb\"},\"inLanguage\":\"fr-FR\",\"potentialAction\":[{\"@type\":\"ReadAction\",\"target\":[\"https:\\\/\\\/ginefem.com\\\/fr\\\/gyneco-kinesitherapie\\\/\"]}]},{\"@type\":\"ImageObject\",\"inLanguage\":\"fr-FR\",\"@id\":\"https:\\\/\\\/ginefem.com\\\/fr\\\/gyneco-kinesitherapie\\\/#primaryimage\",\"url\":\"https:\\\/\\\/ginefem.com\\\/wp-content\\\/uploads\\\/2024\\\/11\\\/fisioterapia-ginecologica-1.jpg\",\"contentUrl\":\"https:\\\/\\\/ginefem.com\\\/wp-content\\\/uploads\\\/2024\\\/11\\\/fisioterapia-ginecologica-1.jpg\",\"width\":900,\"height\":600},{\"@type\":\"BreadcrumbList\",\"@id\":\"https:\\\/\\\/ginefem.com\\\/fr\\\/gyneco-kinesitherapie\\\/#breadcrumb\",\"itemListElement\":[{\"@type\":\"ListItem\",\"position\":1,\"name\":\"Portada\",\"item\":\"https:\\\/\\\/ginefem.com\\\/fr\\\/\"},{\"@type\":\"ListItem\",\"position\":2,\"name\":\"Kin\u00e9sith\u00e9rapie gyn\u00e9cologique\"}]},{\"@type\":\"WebSite\",\"@id\":\"https:\\\/\\\/ginefem.com\\\/#website\",\"url\":\"https:\\\/\\\/ginefem.com\\\/\",\"name\":\"Ginefem\",\"description\":\"Salud integral de la mujer\",\"potentialAction\":[{\"@type\":\"SearchAction\",\"target\":{\"@type\":\"EntryPoint\",\"urlTemplate\":\"https:\\\/\\\/ginefem.com\\\/?s={search_term_string}\"},\"query-input\":{\"@type\":\"PropertyValueSpecification\",\"valueRequired\":true,\"valueName\":\"search_term_string\"}}],\"inLanguage\":\"fr-FR\"}]}<\/script>\n<!-- \/ Yoast SEO plugin. -->","yoast_head_json":{"title":"Physioth\u00e9rapie gyn\u00e9cologique | Ginefem","description":"La physioth\u00e9rapie gyn\u00e9cologique est un domaine de la physioth\u00e9rapie qui se concentre sur les soins de la r\u00e9gion g\u00e9nitale f\u00e9minine et d'autres zones voisines qui sont touch\u00e9es.","robots":{"index":"index","follow":"follow","max-snippet":"max-snippet:-1","max-image-preview":"max-image-preview:large","max-video-preview":"max-video-preview:-1"},"canonical":"https:\/\/ginefem.com\/fr\/gyneco-kinesitherapie\/","og_locale":"fr_FR","og_type":"article","og_title":"Physioth\u00e9rapie gyn\u00e9cologique | Ginefem","og_description":"La physioth\u00e9rapie gyn\u00e9cologique est un domaine de la physioth\u00e9rapie qui se concentre sur les soins de la r\u00e9gion g\u00e9nitale f\u00e9minine et d'autres zones voisines qui sont touch\u00e9es.","og_url":"https:\/\/ginefem.com\/fr\/gyneco-kinesitherapie\/","og_site_name":"Ginefem","article_publisher":"https:\/\/es-es.facebook.com\/GinefemMujer\/","article_modified_time":"2022-02-04T14:05:36+00:00","og_image":[{"width":900,"height":600,"url":"https:\/\/ginefem.com\/wp-content\/uploads\/2021\/11\/fisioterapia-ginecologica-1.jpg","type":"image\/jpeg"}],"twitter_card":"summary_large_image","twitter_site":"@Ginefem","twitter_misc":{"Dur\u00e9e de lecture estim\u00e9e":"4 minutes"},"schema":{"@context":"https:\/\/schema.org","@graph":[{"@type":"WebPage","@id":"https:\/\/ginefem.com\/fr\/gyneco-kinesitherapie\/","url":"https:\/\/ginefem.com\/fr\/gyneco-kinesitherapie\/","name":"Physioth\u00e9rapie gyn\u00e9cologique | Ginefem","isPartOf":{"@id":"https:\/\/ginefem.com\/#website"},"primaryImageOfPage":{"@id":"https:\/\/ginefem.com\/fr\/gyneco-kinesitherapie\/#primaryimage"},"image":{"@id":"https:\/\/ginefem.com\/fr\/gyneco-kinesitherapie\/#primaryimage"},"thumbnailUrl":"https:\/\/ginefem.com\/wp-content\/uploads\/2024\/11\/fisioterapia-ginecologica-1.jpg","datePublished":"2021-10-17T09:30:07+00:00","dateModified":"2022-02-04T14:05:36+00:00","description":"La physioth\u00e9rapie gyn\u00e9cologique est un domaine de la physioth\u00e9rapie qui se concentre sur les soins de la r\u00e9gion g\u00e9nitale f\u00e9minine et d'autres zones voisines qui sont touch\u00e9es.","breadcrumb":{"@id":"https:\/\/ginefem.com\/fr\/gyneco-kinesitherapie\/#breadcrumb"},"inLanguage":"fr-FR","potentialAction":[{"@type":"ReadAction","target":["https:\/\/ginefem.com\/fr\/gyneco-kinesitherapie\/"]}]},{"@type":"ImageObject","inLanguage":"fr-FR","@id":"https:\/\/ginefem.com\/fr\/gyneco-kinesitherapie\/#primaryimage","url":"https:\/\/ginefem.com\/wp-content\/uploads\/2024\/11\/fisioterapia-ginecologica-1.jpg","contentUrl":"https:\/\/ginefem.com\/wp-content\/uploads\/2024\/11\/fisioterapia-ginecologica-1.jpg","width":900,"height":600},{"@type":"BreadcrumbList","@id":"https:\/\/ginefem.com\/fr\/gyneco-kinesitherapie\/#breadcrumb","itemListElement":[{"@type":"ListItem","position":1,"name":"Portada","item":"https:\/\/ginefem.com\/fr\/"},{"@type":"ListItem","position":2,"name":"Kin\u00e9sith\u00e9rapie gyn\u00e9cologique"}]},{"@type":"WebSite","@id":"https:\/\/ginefem.com\/#website","url":"https:\/\/ginefem.com\/","name":"Ginefem","description":"Salud integral de la mujer","potentialAction":[{"@type":"SearchAction","target":{"@type":"EntryPoint","urlTemplate":"https:\/\/ginefem.com\/?s={search_term_string}"},"query-input":{"@type":"PropertyValueSpecification","valueRequired":true,"valueName":"search_term_string"}}],"inLanguage":"fr-FR"}]}},"_links":{"self":[{"href":"https:\/\/ginefem.com\/fr\/wp-json\/wp\/v2\/pages\/13552","targetHints":{"allow":["GET"]}}],"collection":[{"href":"https:\/\/ginefem.com\/fr\/wp-json\/wp\/v2\/pages"}],"about":[{"href":"https:\/\/ginefem.com\/fr\/wp-json\/wp\/v2\/types\/page"}],"author":[{"embeddable":true,"href":"https:\/\/ginefem.com\/fr\/wp-json\/wp\/v2\/users\/1"}],"replies":[{"embeddable":true,"href":"https:\/\/ginefem.com\/fr\/wp-json\/wp\/v2\/comments?post=13552"}],"version-history":[{"count":6,"href":"https:\/\/ginefem.com\/fr\/wp-json\/wp\/v2\/pages\/13552\/revisions"}],"predecessor-version":[{"id":39021,"href":"https:\/\/ginefem.com\/fr\/wp-json\/wp\/v2\/pages\/13552\/revisions\/39021"}],"wp:featuredmedia":[{"embeddable":true,"href":"https:\/\/ginefem.com\/fr\/wp-json\/wp\/v2\/media\/65553"}],"wp:attachment":[{"href":"https:\/\/ginefem.com\/fr\/wp-json\/wp\/v2\/media?parent=13552"}],"curies":[{"name":"wp","href":"https:\/\/api.w.org\/{rel}","templated":true}]}}