{"id":13556,"date":"2021-10-17T11:15:30","date_gmt":"2021-10-17T11:15:30","guid":{"rendered":"https:\/\/ginefem.com\/psicologia\/"},"modified":"2022-02-04T14:06:43","modified_gmt":"2022-02-04T14:06:43","slug":"psychologie","status":"publish","type":"page","link":"https:\/\/ginefem.com\/fr\/psychologie\/","title":{"rendered":"Psychologie"},"content":{"rendered":"<div class=\"wpb-content-wrapper\"><p>[vc_row][vc_column][vc_single_image image=\u00a0\u00bb37935&Prime; img_size=\u00a0\u00bbfull\u00a0\u00bb]<div class=\"ult-spacer spacer-69d669c5b19a1\" data-id=\"69d669c5b19a1\" data-height=\"20\" data-height-mobile=\"20\" data-height-tab=\"20\" data-height-tab-portrait=\"\" data-height-mobile-landscape=\"\" style=\"clear:both;display:block;\"><\/div>[vc_custom_heading text=\u00a0\u00bbPSYCHOLOGIE\u00a0\u00bb use_theme_fonts=\u00a0\u00bbyes\u00a0\u00bb]<div class='dt-sc-single-border-separator '><\/div><div class=\"ult-spacer spacer-69d669c5b1a12\" data-id=\"69d669c5b1a12\" data-height=\"50\" data-height-mobile=\"50\" data-height-tab=\"50\" data-height-tab-portrait=\"\" data-height-mobile-landscape=\"\" style=\"clear:both;display:block;\"><\/div>[vc_row_inner][vc_column_inner width=\u00a0\u00bb1\/2&Prime;][vc_column_text css=\u00a0\u00bb.vc_custom_1639399444955{margin-bottom: 0px !important;}\u00a0\u00bb]Chez Ginefem, nous avons une unit\u00e9 de psychologie qui vise \u00e0 aider les femmes \u00e0 trouver leur bien-\u00eatre \u00e9motionnel, personnel et social afin d&rsquo;am\u00e9liorer leur qualit\u00e9 de vie.[\/vc_column_text][vc_empty_space height=\u00a0\u00bb22px\u00a0\u00bb][vc_btn title=\u00a0\u00bbPRENDRE RENDEZ-VOUS\u00a0\u00bb shape=\u00a0\u00bbsquare\u00a0\u00bb size=\u00a0\u00bblg\u00a0\u00bb align=\u00a0\u00bbcenter\u00a0\u00bb button_block=\u00a0\u00bbtrue\u00a0\u00bb link=\u00a0\u00bburl:%23pide-cita\u00a0\u00bb][\/vc_column_inner][vc_column_inner width=\u00a0\u00bb1\/2&Prime;]<h3>Services de l&rsquo;unit\u00e9 de psychologie :<\/h3>\n<ul class='dt-sc-fancy-list   tick'>\n<li>\u00c9valuation.<\/li>\n<li>Orientation.<\/li>\n<li>Traitement personnalis\u00e9 pour chaque patient.<\/li>\n<\/ul>[\/vc_column_inner][\/vc_row_inner]<div class=\"ult-spacer spacer-69d669c5b1a96\" data-id=\"69d669c5b1a96\" data-height=\"60\" data-height-mobile=\"30\" data-height-tab=\"40\" data-height-tab-portrait=\"40\" data-height-mobile-landscape=\"30\" style=\"clear:both;display:block;\"><\/div>[\/vc_column][\/vc_row][vc_row][vc_column][\/vc_column][\/vc_row][vc_row][vc_column]<div class=\"ult-spacer spacer-69d669c5b1abe\" data-id=\"69d669c5b1abe\" data-height=\"40\" data-height-mobile=\"20\" data-height-tab=\"30\" data-height-tab-portrait=\"30\" data-height-mobile-landscape=\"20\" style=\"clear:both;display:block;\"><\/div>[vc_column_text el_class=\u00a0\u00bbaligncenter\u00a0\u00bb]<div class='dt-sc-title with-two-border '><h2>Plus d'informations<\/h2><\/div>[\/vc_column_text]<div class='dt-sc-clear '> <\/div><div class=\"ult-spacer spacer-69d669c5b1b23\" data-id=\"69d669c5b1b23\" data-height=\"40\" data-height-mobile=\"20\" data-height-tab=\"30\" data-height-tab-portrait=\"30\" data-height-mobile-landscape=\"20\" style=\"clear:both;display:block;\"><\/div>[vc_row_inner][vc_column_inner width=\u00a0\u00bb1\/2&Prime;]<div class='dt-sc-image-caption type8 '><div class='dt-sc-image-wrapper'><a target=\"_self\" href=\"\"><img loading=\"lazy\" decoding=\"async\" width=\"420\" height=\"260\" src=\"https:\/\/ginefem.com\/wp-content\/uploads\/2021\/10\/psicologia1.png\" class=\"attachment-full\" alt=\"\" title=\"psicologia1\" srcset=\"https:\/\/ginefem.com\/wp-content\/uploads\/2021\/10\/psicologia1.png 420w, https:\/\/ginefem.com\/wp-content\/uploads\/2021\/10\/psicologia1-300x186.png 300w\" sizes=\"auto, (max-width: 420px) 100vw, 420px\" \/><\/a><\/div><div class='dt-sc-image-content'><div class='dt-sc-image-title'><h3>Qualit\u00e9 de vie am\u00e9lior\u00e9e<\/h3><\/div><p>Notre travail fondamental est d&rsquo;aider nos patients et de leur fournir le meilleur traitement pour mettre fin \u00e0 des probl\u00e8mes tels que des situations d&rsquo;angoisse, d&rsquo;anxi\u00e9t\u00e9 et de peur. En plus de savoir contr\u00f4ler les maladies chroniques et \u00e9liminer les obstacles qui nous emp\u00eachent d&rsquo;atteindre nos objectifs.<\/p>\n<p><a href='#' target='_self' title='' class='dt-sc-button   small   filled  ' > Prendre rendez-vous <\/a><\/p><\/div><\/div>[\/vc_column_inner][vc_column_inner width=\u00a0\u00bb1\/2&Prime;]<div class='dt-sc-image-caption type8 '><div class='dt-sc-image-wrapper'><a target=\"_self\" href=\"\"><img loading=\"lazy\" decoding=\"async\" width=\"420\" height=\"260\" src=\"https:\/\/ginefem.com\/wp-content\/uploads\/2021\/10\/psicologos-especialistas.png\" class=\"attachment-full\" alt=\"\" title=\"psicologos especialistas\" srcset=\"https:\/\/ginefem.com\/wp-content\/uploads\/2021\/10\/psicologos-especialistas.png 420w, https:\/\/ginefem.com\/wp-content\/uploads\/2021\/10\/psicologos-especialistas-300x186.png 300w\" sizes=\"auto, (max-width: 420px) 100vw, 420px\" \/><\/a><\/div><div class='dt-sc-image-content'><div class='dt-sc-image-title'><h3>Nous sommes sp\u00e9cialistes en:<\/h3><\/div><p><ul>\n<li>Fonctions th\u00e9rapeutiques : \u00e0 la fois avec les adultes et en th\u00e9rapie familiale avec les enfants.<\/li>\n<li>Fonctions sanitaires et \u00e9ducatives.<\/li>\n<li>Th\u00e9rapie sp\u00e9cialis\u00e9e en thanatologie.<\/li>\n<li>Psychonutrition<\/li>\n<\/ul>\n<p><a href='#' target='_self' title='' class='dt-sc-button   small   filled  ' > Prendre rendez-vous <\/a><\/p><\/div><\/div>[\/vc_column_inner][\/vc_row_inner]<div class=\"ult-spacer spacer-69d669c5b3ab5\" data-id=\"69d669c5b3ab5\" data-height=\"30\" data-height-mobile=\"20\" data-height-tab=\"20\" data-height-tab-portrait=\"20\" data-height-mobile-landscape=\"20\" style=\"clear:both;display:block;\"><\/div>[\/vc_column][\/vc_row][vc_row][vc_column]<div class='dt-sc-toggle-frame-set type2 '><h5 class='dt-sc-toggle-accordion '><a href='#'>\u00bbPourquoi<\/a><\/h5><div class=\"dt-sc-toggle-content\" style=\"display: none;\"><div class=\"block\">[vc_column_text css=\u00a0\u00bb.vc_custom_1639399665177{margin-bottom: 0px !important;}\u00a0\u00bb]Parfois, nous ne savons pas ce qui nous arrive, nous savons simplement que quelque chose ne va pas et que la tristesse ou le vide font d\u00e9j\u00e0 partie de notre quotidien. S&rsquo;aventurer \u00e0 se conna\u00eetre gr\u00e2ce \u00e0 des techniques psychologiques aide \u00e0 trouver ces r\u00e9ponses.[\/vc_column_text]<\/div><\/div><h5 class='dt-sc-toggle-accordion '><a href='#'>\u00bbPrincipales<\/a><\/h5><div class=\"dt-sc-toggle-content\" style=\"display: none;\"><div class=\"block\">[vc_column_text css=\u00a0\u00bb.vc_custom_1639399746238{margin-bottom: 0px !important;}\u00a0\u00bb]Il existe de nombreuses raisons pour lesquelles vous pouvez vous rendre au cabinet du psychologue et obtenir des conseils. Certains des plus fr\u00e9quents sont ceux mentionn\u00e9s ci-dessous :<\/p>\n<ul>\n<li>Probl\u00e8mes d&rsquo;anxi\u00e9t\u00e9, de stress ou de phobies. Dans ces cas, certains outils, tels que l&rsquo;hypnose clinique, se sont av\u00e9r\u00e9s tr\u00e8s efficaces pour soulager les sympt\u00f4mes.<\/li>\n<li>La perte d&rsquo;un \u00eatre cher peut \u00eatre un coup dur difficile \u00e0 surmonter. Avec l&rsquo;aide d&rsquo;un professionnel, vous pourrez vous souvenir de cette personne sans le fardeau \u00e9motionnel qui vous emp\u00eache de continuer \u00e0 profiter de la vie.<\/li>\n<li>Souffrir d&rsquo;une maladie peut r\u00e9duire la sant\u00e9 \u00e9motionnelle de ceux qui en souffrent, c&rsquo;est pourquoi les psychologues sont si n\u00e9cessaires \u00e0 ces \u00e9tapes pour aider le patient \u00e0 y faire face de mani\u00e8re positive.<\/li>\n<li>Probl\u00e8mes sentimentaux avec le partenaire, probl\u00e8mes sexuels, identit\u00e9 personnelle et sexuelle&#8230;<\/li>\n<li>Le psychologue est \u00e9galement n\u00e9cessaire pour r\u00e9soudre les probl\u00e8mes avec les enfants en \u00e9tablissant des strat\u00e9gies et des lignes directrices \u00e9ducatives appropri\u00e9es pour retrouver un environnement et une affectivit\u00e9 optimaux dans votre foyer.<\/li>\n<\/ul>\n<p>[\/vc_column_text]<\/div><\/div><\/div>[\/vc_column][\/vc_row][vc_row][vc_column]<div class=\"ult-spacer spacer-69d669c5b3c27\" data-id=\"69d669c5b3c27\" data-height=\"80\" data-height-mobile=\"50\" data-height-tab=\"60\" data-height-tab-portrait=\"60\" data-height-mobile-landscape=\"50\" style=\"clear:both;display:block;\"><\/div>[\/vc_column][\/vc_row][vc_row][vc_column width=\u00a0\u00bb1\/3&Prime;]<div class='dt-sc-pr-tb-col type2 '><div class=\"dt-sc-tb-header\"><div class=\"dt-sc-tb-title\"><h5> <span>1<\/span>Consulter<br>le psychologue<\/h5><\/div><div class=\"dt-sc-price\"><h6> <sup><\/sup><\/h6><\/div><\/div><\/div>[\/vc_column][vc_column width=\u00a0\u00bb1\/3&Prime;]<div class='dt-sc-pr-tb-col type2 '><div class=\"dt-sc-tb-header\"><div class=\"dt-sc-tb-title\"><h5> <span>2<\/span>\u00c9valuation et<br>diagnostic<\/h5><\/div><div class=\"dt-sc-price\"><h6> <sup><\/sup><\/h6><\/div><\/div><\/div>[\/vc_column][vc_column width=\u00a0\u00bb1\/3&Prime;]<div class='dt-sc-pr-tb-col type2 '><div class=\"dt-sc-tb-header\"><div class=\"dt-sc-tb-title\"><h5> <span>3<\/span>Traitement<br>personnalis\u00e9<\/h5><\/div><div class=\"dt-sc-price\"><h6> <sup><\/sup><\/h6><\/div><\/div><\/div>[\/vc_column][\/vc_row][vc_row][vc_column]<div class=\"ult-spacer spacer-69d669c5b3ce7\" data-id=\"69d669c5b3ce7\" data-height=\"80\" data-height-mobile=\"50\" data-height-tab=\"60\" data-height-tab-portrait=\"60\" data-height-mobile-landscape=\"50\" style=\"clear:both;display:block;\"><\/div>[\/vc_column][\/vc_row][vc_row][vc_column width=\u00a0\u00bb1\/2&Prime;]<div class='dt-sc-icon-box type5 '><div class=\"icon-wrapper\"><span class='fas fa-question'> <\/span><\/div><div class=\"icon-content\"><h4>Nous pouvons t'aider?<\/h4><p>Prenez rendez-vous d\u00e8s maintenant au 922 241 598 ou via ce formulaire.<\/p><\/div><\/div>[\/vc_column][vc_column width=\u00a0\u00bb1\/2&Prime;]<div class='dt-sc-icon-box type5 last'><div class=\"icon-wrapper\"><span class='far fa-calendar-alt'> <\/span><\/div><div class=\"icon-content\"><h4>Commentaires<\/h4><p>Pour un suivi et un contr\u00f4le ad\u00e9quats, il est essentiel de suivre le calendrier des visites \u00e9tabli par le sp\u00e9cialiste.<\/p><\/div><\/div>[\/vc_column][\/vc_row][vc_row][vc_column offset=\u00a0\u00bbvc_hidden-lg vc_hidden-md vc_hidden-sm vc_hidden-xs\u00a0\u00bb][vc_icon][\/vc_column][\/vc_row]<\/p>\n<\/div>","protected":false},"excerpt":{"rendered":"<p>[vc_row][vc_column][vc_single_image image=\u00a0\u00bb37935&Prime; img_size=\u00a0\u00bbfull\u00a0\u00bb][vc_custom_heading text=\u00a0\u00bbPSYCHOLOGIE\u00a0\u00bb use_theme_fonts=\u00a0\u00bbyes\u00a0\u00bb][vc_row_inner][vc_column_inner width=\u00a0\u00bb1\/2&Prime;][vc_column_text css=\u00a0\u00bb.vc_custom_1639399444955{margin-bottom: 0px !important;}\u00a0\u00bb]Chez Ginefem, nous avons une unit\u00e9 de psychologie qui vise \u00e0 aider les femmes \u00e0 trouver leur bien-\u00eatre \u00e9motionnel, personnel et social afin d&rsquo;am\u00e9liorer leur qualit\u00e9 de vie.[\/vc_column_text][vc_empty_space height=\u00a0\u00bb22px\u00a0\u00bb][vc_btn title=\u00a0\u00bbPRENDRE RENDEZ-VOUS\u00a0\u00bb shape=\u00a0\u00bbsquare\u00a0\u00bb size=\u00a0\u00bblg\u00a0\u00bb align=\u00a0\u00bbcenter\u00a0\u00bb button_block=\u00a0\u00bbtrue\u00a0\u00bb link=\u00a0\u00bburl:%23pide-cita\u00a0\u00bb][\/vc_column_inner][vc_column_inner width=\u00a0\u00bb1\/2&Prime;][\/vc_column_inner][\/vc_row_inner][\/vc_column][\/vc_row][vc_row][vc_column][\/vc_column][\/vc_row][vc_row][vc_column][vc_column_text el_class=\u00a0\u00bbaligncenter\u00a0\u00bb][\/vc_column_text][vc_row_inner][vc_column_inner width=\u00a0\u00bb1\/2&Prime;][\/vc_column_inner][vc_column_inner width=\u00a0\u00bb1\/2&Prime;][\/vc_column_inner][\/vc_row_inner][\/vc_column][\/vc_row][vc_row][vc_column][\/vc_column][\/vc_row][vc_row][vc_column][\/vc_column][\/vc_row][vc_row][vc_column width=\u00a0\u00bb1\/3&Prime;][\/vc_column][vc_column width=\u00a0\u00bb1\/3&Prime;][\/vc_column][vc_column width=\u00a0\u00bb1\/3&Prime;][\/vc_column][\/vc_row][vc_row][vc_column][\/vc_column][\/vc_row][vc_row][vc_column width=\u00a0\u00bb1\/2&Prime;][\/vc_column][vc_column width=\u00a0\u00bb1\/2&Prime;][\/vc_column][\/vc_row][vc_row][vc_column offset=\u00a0\u00bbvc_hidden-lg vc_hidden-md [&hellip;]<\/p>\n","protected":false},"author":1,"featured_media":13523,"parent":0,"menu_order":0,"comment_status":"closed","ping_status":"closed","template":"","meta":{"_joinchat":[],"footnotes":""},"class_list":["post-13556","page","type-page","status-publish","hentry"],"yoast_head":"<!-- This site is optimized with the Yoast SEO plugin v27.3 - https:\/\/yoast.com\/product\/yoast-seo-wordpress\/ -->\n<title>Service de psychologie \u00e0 Tenerife - Ginefem<\/title>\n<meta name=\"description\" content=\"Chez Ginefem, nous avons une unit\u00e9 de psychologie qui vise \u00e0 aider les femmes \u00e0 trouver leur bien-\u00eatre \u00e9motionnel, personnel et social afin d&#039;am\u00e9liorer leur qualit\u00e9 de vie.\" \/>\n<meta name=\"robots\" content=\"index, follow, max-snippet:-1, max-image-preview:large, max-video-preview:-1\" \/>\n<link rel=\"canonical\" href=\"https:\/\/ginefem.com\/fr\/psychologie\/\" \/>\n<meta property=\"og:locale\" content=\"fr_FR\" \/>\n<meta property=\"og:type\" content=\"article\" \/>\n<meta property=\"og:title\" content=\"Service de psychologie \u00e0 Tenerife - Ginefem\" \/>\n<meta property=\"og:description\" content=\"Chez Ginefem, nous avons une unit\u00e9 de psychologie qui vise \u00e0 aider les femmes \u00e0 trouver leur bien-\u00eatre \u00e9motionnel, personnel et social afin d&#039;am\u00e9liorer leur qualit\u00e9 de vie.\" \/>\n<meta property=\"og:url\" content=\"https:\/\/ginefem.com\/fr\/psychologie\/\" \/>\n<meta property=\"og:site_name\" content=\"Ginefem\" \/>\n<meta property=\"article:publisher\" content=\"https:\/\/es-es.facebook.com\/GinefemMujer\/\" \/>\n<meta property=\"article:modified_time\" content=\"2022-02-04T14:06:43+00:00\" \/>\n<meta property=\"og:image\" content=\"https:\/\/ginefem.com\/wp-content\/uploads\/2021\/11\/psicologia.jpg\" \/>\n\t<meta property=\"og:image:width\" content=\"900\" \/>\n\t<meta property=\"og:image:height\" content=\"600\" \/>\n\t<meta property=\"og:image:type\" content=\"image\/jpeg\" \/>\n<meta name=\"twitter:card\" content=\"summary_large_image\" \/>\n<meta name=\"twitter:site\" content=\"@Ginefem\" \/>\n<meta name=\"twitter:label1\" content=\"Dur\u00e9e de lecture estim\u00e9e\" \/>\n\t<meta name=\"twitter:data1\" content=\"3 minutes\" \/>\n<script type=\"application\/ld+json\" class=\"yoast-schema-graph\">{\"@context\":\"https:\\\/\\\/schema.org\",\"@graph\":[{\"@type\":\"WebPage\",\"@id\":\"https:\\\/\\\/ginefem.com\\\/fr\\\/psychologie\\\/\",\"url\":\"https:\\\/\\\/ginefem.com\\\/fr\\\/psychologie\\\/\",\"name\":\"Service de psychologie \u00e0 Tenerife - Ginefem\",\"isPartOf\":{\"@id\":\"https:\\\/\\\/ginefem.com\\\/#website\"},\"primaryImageOfPage\":{\"@id\":\"https:\\\/\\\/ginefem.com\\\/fr\\\/psychologie\\\/#primaryimage\"},\"image\":{\"@id\":\"https:\\\/\\\/ginefem.com\\\/fr\\\/psychologie\\\/#primaryimage\"},\"thumbnailUrl\":\"https:\\\/\\\/ginefem.com\\\/wp-content\\\/uploads\\\/2021\\\/11\\\/psicologia.jpg\",\"datePublished\":\"2021-10-17T11:15:30+00:00\",\"dateModified\":\"2022-02-04T14:06:43+00:00\",\"description\":\"Chez Ginefem, nous avons une unit\u00e9 de psychologie qui vise \u00e0 aider les femmes \u00e0 trouver leur bien-\u00eatre \u00e9motionnel, personnel et social afin d'am\u00e9liorer leur qualit\u00e9 de vie.\",\"breadcrumb\":{\"@id\":\"https:\\\/\\\/ginefem.com\\\/fr\\\/psychologie\\\/#breadcrumb\"},\"inLanguage\":\"fr-FR\",\"potentialAction\":[{\"@type\":\"ReadAction\",\"target\":[\"https:\\\/\\\/ginefem.com\\\/fr\\\/psychologie\\\/\"]}]},{\"@type\":\"ImageObject\",\"inLanguage\":\"fr-FR\",\"@id\":\"https:\\\/\\\/ginefem.com\\\/fr\\\/psychologie\\\/#primaryimage\",\"url\":\"https:\\\/\\\/ginefem.com\\\/wp-content\\\/uploads\\\/2021\\\/11\\\/psicologia.jpg\",\"contentUrl\":\"https:\\\/\\\/ginefem.com\\\/wp-content\\\/uploads\\\/2021\\\/11\\\/psicologia.jpg\",\"width\":900,\"height\":600},{\"@type\":\"BreadcrumbList\",\"@id\":\"https:\\\/\\\/ginefem.com\\\/fr\\\/psychologie\\\/#breadcrumb\",\"itemListElement\":[{\"@type\":\"ListItem\",\"position\":1,\"name\":\"Portada\",\"item\":\"https:\\\/\\\/ginefem.com\\\/fr\\\/\"},{\"@type\":\"ListItem\",\"position\":2,\"name\":\"Psychologie\"}]},{\"@type\":\"WebSite\",\"@id\":\"https:\\\/\\\/ginefem.com\\\/#website\",\"url\":\"https:\\\/\\\/ginefem.com\\\/\",\"name\":\"Ginefem\",\"description\":\"Salud integral de la mujer\",\"potentialAction\":[{\"@type\":\"SearchAction\",\"target\":{\"@type\":\"EntryPoint\",\"urlTemplate\":\"https:\\\/\\\/ginefem.com\\\/?s={search_term_string}\"},\"query-input\":{\"@type\":\"PropertyValueSpecification\",\"valueRequired\":true,\"valueName\":\"search_term_string\"}}],\"inLanguage\":\"fr-FR\"}]}<\/script>\n<!-- \/ Yoast SEO plugin. -->","yoast_head_json":{"title":"Service de psychologie \u00e0 Tenerife - Ginefem","description":"Chez Ginefem, nous avons une unit\u00e9 de psychologie qui vise \u00e0 aider les femmes \u00e0 trouver leur bien-\u00eatre \u00e9motionnel, personnel et social afin d'am\u00e9liorer leur qualit\u00e9 de vie.","robots":{"index":"index","follow":"follow","max-snippet":"max-snippet:-1","max-image-preview":"max-image-preview:large","max-video-preview":"max-video-preview:-1"},"canonical":"https:\/\/ginefem.com\/fr\/psychologie\/","og_locale":"fr_FR","og_type":"article","og_title":"Service de psychologie \u00e0 Tenerife - Ginefem","og_description":"Chez Ginefem, nous avons une unit\u00e9 de psychologie qui vise \u00e0 aider les femmes \u00e0 trouver leur bien-\u00eatre \u00e9motionnel, personnel et social afin d'am\u00e9liorer leur qualit\u00e9 de vie.","og_url":"https:\/\/ginefem.com\/fr\/psychologie\/","og_site_name":"Ginefem","article_publisher":"https:\/\/es-es.facebook.com\/GinefemMujer\/","article_modified_time":"2022-02-04T14:06:43+00:00","og_image":[{"width":900,"height":600,"url":"https:\/\/ginefem.com\/wp-content\/uploads\/2021\/11\/psicologia.jpg","type":"image\/jpeg"}],"twitter_card":"summary_large_image","twitter_site":"@Ginefem","twitter_misc":{"Dur\u00e9e de lecture estim\u00e9e":"3 minutes"},"schema":{"@context":"https:\/\/schema.org","@graph":[{"@type":"WebPage","@id":"https:\/\/ginefem.com\/fr\/psychologie\/","url":"https:\/\/ginefem.com\/fr\/psychologie\/","name":"Service de psychologie \u00e0 Tenerife - Ginefem","isPartOf":{"@id":"https:\/\/ginefem.com\/#website"},"primaryImageOfPage":{"@id":"https:\/\/ginefem.com\/fr\/psychologie\/#primaryimage"},"image":{"@id":"https:\/\/ginefem.com\/fr\/psychologie\/#primaryimage"},"thumbnailUrl":"https:\/\/ginefem.com\/wp-content\/uploads\/2021\/11\/psicologia.jpg","datePublished":"2021-10-17T11:15:30+00:00","dateModified":"2022-02-04T14:06:43+00:00","description":"Chez Ginefem, nous avons une unit\u00e9 de psychologie qui vise \u00e0 aider les femmes \u00e0 trouver leur bien-\u00eatre \u00e9motionnel, personnel et social afin d'am\u00e9liorer leur qualit\u00e9 de vie.","breadcrumb":{"@id":"https:\/\/ginefem.com\/fr\/psychologie\/#breadcrumb"},"inLanguage":"fr-FR","potentialAction":[{"@type":"ReadAction","target":["https:\/\/ginefem.com\/fr\/psychologie\/"]}]},{"@type":"ImageObject","inLanguage":"fr-FR","@id":"https:\/\/ginefem.com\/fr\/psychologie\/#primaryimage","url":"https:\/\/ginefem.com\/wp-content\/uploads\/2021\/11\/psicologia.jpg","contentUrl":"https:\/\/ginefem.com\/wp-content\/uploads\/2021\/11\/psicologia.jpg","width":900,"height":600},{"@type":"BreadcrumbList","@id":"https:\/\/ginefem.com\/fr\/psychologie\/#breadcrumb","itemListElement":[{"@type":"ListItem","position":1,"name":"Portada","item":"https:\/\/ginefem.com\/fr\/"},{"@type":"ListItem","position":2,"name":"Psychologie"}]},{"@type":"WebSite","@id":"https:\/\/ginefem.com\/#website","url":"https:\/\/ginefem.com\/","name":"Ginefem","description":"Salud integral de la mujer","potentialAction":[{"@type":"SearchAction","target":{"@type":"EntryPoint","urlTemplate":"https:\/\/ginefem.com\/?s={search_term_string}"},"query-input":{"@type":"PropertyValueSpecification","valueRequired":true,"valueName":"search_term_string"}}],"inLanguage":"fr-FR"}]}},"_links":{"self":[{"href":"https:\/\/ginefem.com\/fr\/wp-json\/wp\/v2\/pages\/13556","targetHints":{"allow":["GET"]}}],"collection":[{"href":"https:\/\/ginefem.com\/fr\/wp-json\/wp\/v2\/pages"}],"about":[{"href":"https:\/\/ginefem.com\/fr\/wp-json\/wp\/v2\/types\/page"}],"author":[{"embeddable":true,"href":"https:\/\/ginefem.com\/fr\/wp-json\/wp\/v2\/users\/1"}],"replies":[{"embeddable":true,"href":"https:\/\/ginefem.com\/fr\/wp-json\/wp\/v2\/comments?post=13556"}],"version-history":[{"count":4,"href":"https:\/\/ginefem.com\/fr\/wp-json\/wp\/v2\/pages\/13556\/revisions"}],"predecessor-version":[{"id":39027,"href":"https:\/\/ginefem.com\/fr\/wp-json\/wp\/v2\/pages\/13556\/revisions\/39027"}],"wp:featuredmedia":[{"embeddable":true,"href":"https:\/\/ginefem.com\/fr\/wp-json\/wp\/v2\/media\/13523"}],"wp:attachment":[{"href":"https:\/\/ginefem.com\/fr\/wp-json\/wp\/v2\/media?parent=13556"}],"curies":[{"name":"wp","href":"https:\/\/api.w.org\/{rel}","templated":true}]}}