{"id":37948,"date":"2021-11-19T13:14:41","date_gmt":"2021-11-19T13:14:41","guid":{"rendered":"https:\/\/ginefem.com\/politica-de-privacidad\/"},"modified":"2021-12-23T12:24:42","modified_gmt":"2021-12-23T12:24:42","slug":"politique-de-confidentialite","status":"publish","type":"page","link":"https:\/\/ginefem.com\/fr\/politique-de-confidentialite\/","title":{"rendered":"Politique de confidentialit\u00e9"},"content":{"rendered":"\r\n<h3 class=\"wp-block-heading\">INFORMATIONS DE BASE SUR LA PROTECTION DES DONN\u00c9ES<\/h3>\r\n\r\n\r\n\r\n<figure class=\"wp-block-table\">\r\n<table>\r\n<tbody>\r\n<tr>\r\n<td><strong>Responsable<\/strong><\/td>\r\n<td>GINEFEM SALUD, S.L.P\u00a0 + info<\/td>\r\n<\/tr>\r\n<tr>\r\n<td><strong>But<\/strong><\/td>\r\n<td>R\u00e9pondre aux demandes effectu\u00e9es via le Web, g\u00e9rer l&rsquo;envoi d&rsquo;informations et publier et contr\u00f4ler les commentaires sur notre blog. + Infos<\/td>\r\n<\/tr>\r\n<tr>\r\n<td><strong>L\u00e9gitimation<\/strong><\/td>\r\n<td>Consentement de l&rsquo;int\u00e9ress\u00e9 et ex\u00e9cution d&rsquo;un avant-contrat\/contrat + info<\/td>\r\n<\/tr>\r\n<tr>\r\n<td><strong>Destinataires<\/strong><\/td>\r\n<td>Aucune donn\u00e9e ne sera c\u00e9d\u00e9e \u00e0 des tiers sauf obligation l\u00e9gale ou dans le cas o\u00f9 cela serait n\u00e9cessaire pour r\u00e9pondre \u00e0 votre demande + info<\/td>\r\n<\/tr>\r\n<tr>\r\n<td><strong>Droits<\/strong><\/td>\r\n<td>Podr\u00e1 ejercer los derechos de acceso, rectificaci\u00f3n, supresi\u00f3n y oposici\u00f3n, limitaci\u00f3n del tratamiento, portabilidad de datos y a no ser objeto de decisiones individualizadas automatizadas.\u00a0 + info<\/td>\r\n<\/tr>\r\n<tr>\r\n<td><strong>Information compl\u00e9mentaire<\/strong><\/td>\r\n<td>Vous pouvez consulter les informations compl\u00e9mentaires sur la protection des donn\u00e9es sur notre site Internet. + Infos<\/td>\r\n<\/tr>\r\n<\/tbody>\r\n<\/table>\r\n<\/figure>\r\n\r\n\r\n\r\n<p>GINEFEM SALUD, S.L.P, ci-apr\u00e8s, s&rsquo;engage \u00e0 respecter \u00e0 tout moment la l\u00e9gislation en vigueur concernant le traitement des donn\u00e9es personnelles. \u00c0 travers la politique de confidentialit\u00e9 suivante, GINEFEM SALUD, S.L.P, conform\u00e9ment aux exigences \u00e9nonc\u00e9es dans le RGPD, informe les utilisateurs de\u00a0:<\/p>\r\n\r\n\r\n\r\n<h3 class=\"wp-block-heading\">1. QUI EST RESPONSABLE DU TRAITEMENT DE VOS DONN\u00c9ES ?<\/h3>\r\n\r\n\r\n\r\n<p>Le responsable du traitement de vos donn\u00e9es est GINEFEM SALUD, S.L.P :<\/p>\r\n\r\n\r\n\r\n<figure class=\"wp-block-table\">\r\n<table>\r\n<tbody>\r\n<tr>\r\n<td><strong>Identit\u00e9<\/strong><\/td>\r\n<td>GINEFEM SALUD, S.L.P &#8211; B76782515<\/td>\r\n<\/tr>\r\n<tr>\r\n<td><strong>adresse<\/strong><\/td>\r\n<td>Calle Pi Y Margall, 31, 38004 &#8211; Santa Cruz De Tenerife<\/td>\r\n<\/tr>\r\n<tr>\r\n<td><strong>T\u00e9l\u00e9phone<\/strong><\/td>\r\n<td>922241598<\/td>\r\n<\/tr>\r\n<tr>\r\n<td><strong>Web<\/strong><\/td>\r\n<td>ginefem.com<\/td>\r\n<\/tr>\r\n<tr>\r\n<td><strong>Correo-e<\/strong><\/td>\r\n<td>info@ginefem.com<\/td>\r\n<\/tr>\r\n<tr>\r\n<td><strong>D\u00e9l\u00e9gu\u00e9 \u00e0 la protection des donn\u00e9es<\/strong><\/td>\r\n<td>Aixa Corpore, S.L.<\/td>\r\n<\/tr>\r\n<tr>\r\n<td><strong>Contact DPD<\/strong><\/td>\r\n<td>ginefem@dpocanarias.com<\/td>\r\n<\/tr>\r\n<\/tbody>\r\n<\/table>\r\n<\/figure>\r\n\r\n\r\n\r\n<p>GINEFEM SALUD, SLP informe l&rsquo;utilisateur que les donn\u00e9es qu&rsquo;il nous fournit en parcourant notre site Web, le formulaire de contact ou l&rsquo;envoi d&rsquo;e-mails, seront trait\u00e9es par GINEFEM SALUD, SLP et que ledit traitement est collect\u00e9 dans le Registre des activit\u00e9s de traitement g\u00e9r\u00e9 par GINEFEM SALUD , SLP conform\u00e9ment aux dispositions du RGPD.<\/p>\r\n\r\n\r\n\r\n<h3 class=\"wp-block-heading\">2. A QUOI SERVENT VOS DONN\u00c9ES PERSONNELLES ?<\/h3>\r\n\r\n\r\n\r\n<p>Chez ginefem.com, lorsque l&rsquo;utilisateur accepte notre politique de confidentialit\u00e9, il nous autorise \u00e0 utiliser et traiter les donn\u00e9es personnelles fournies \u00e0 :<\/p>\r\n\r\n\r\n\r\n<ul class=\"wp-block-list\">\r\n<li>Vous transmettre les informations et fournir le service que vous demandez via les diff\u00e9rents formulaires disponibles sur notre site Internet.<\/li>\r\n<li>Vous fournir des informations sur les offres, produits et services demand\u00e9s.<\/li>\r\n<li>Occasionnellement, GINEFEM SALUD, S.L.P peut utiliser vos donn\u00e9es personnelles pour vous envoyer des notifications par courrier \u00e9lectronique. Lesdites notifications seront faites pour informer des modifications de nos services ou produits ou de nos politiques, conditions l\u00e9gales.<\/li>\r\n<li>G\u00e9rer vos commentaires sur notre blog<\/li>\r\n<li>Vous envoyer des communications commerciales sur les offres, activit\u00e9s et promotions de GINEFEM SALUD, S.L.P et du secteur qui pourraient vous int\u00e9resser par des moyens conventionnels ou \u00e9lectroniques lorsque vous avez coch\u00e9 la case que vous souhaitez recevoir des informations.<\/li>\r\n<\/ul>\r\n\r\n\r\n\r\n<p>ginefem.com collecte \u00e9galement des informations aupr\u00e8s des internautes qui ne sont pas fournies directement par eux via les cookies et les dispositifs DARD. Les donn\u00e9es collect\u00e9es via les cookies et autres dispositifs seront utilis\u00e9es pour des \u00e9tudes statistiques et des analyses de profil afin de fournir un meilleur service via notre site Web, pour lequel l&rsquo;application GOOGLE ANALYTICS sera utilis\u00e9e, qui est un outil de Google pour aider les propri\u00e9taires de sites Web \u00e0 analyser comment leurs visiteurs interagissent avec leurs propri\u00e9t\u00e9s. Vous pouvez obtenir plus d&rsquo;informations sur sa politique de confidentialit\u00e9 sur<a href=\"https:\/\/www.google.es\/intl\/es_ALL\/analytics\/learn\/privacy.html\"> https:\/\/www.google.es\/intl\/es_ALL\/analytics\/learn\/privacy.html<\/a><\/p>\r\n\r\n\r\n\r\n<p>L&rsquo;outil que nous utilisons pour la publicit\u00e9 et la prospection commerciale que nous r\u00e9alisons est GOOGLE ADWORDS. Vous pouvez obtenir plus d&rsquo;informations sur la politique de confidentialit\u00e9 sur\u00a0 <a href=\"https:\/\/policies.google.com\/privacy?hl=es\">https:\/\/policies.google.com\/privacy?hl=es<\/a>.<\/p>\r\n\r\n\r\n\r\n<p>Google, y compris tous ses outils, se conforme au cadre du bouclier de protection des donn\u00e9es UE-\u00c9tats-Unis, conform\u00e9ment aux dispositions du d\u00e9partement du Commerce des \u00c9tats-Unis concernant la collecte, l&rsquo;utilisation et la conservation des informations personnelles des pays membres de l&rsquo;Union europ\u00e9enne.<\/p>\r\n<p>ginefem.com essaiera \u00e0 tout moment d&rsquo;\u00e9tablir des m\u00e9canismes ad\u00e9quats pour obtenir le consentement de l&rsquo;utilisateur pour l&rsquo;installation de cookies qui le n\u00e9cessitent. Lorsqu&rsquo;un utilisateur acc\u00e8de \u00e0 notre site Web, une fen\u00eatre contextuelle appara\u00eet l&rsquo;informant de l&rsquo;existence de cookies et que s&rsquo;il continue \u00e0 naviguer sur notre page, il donne son consentement pour l&rsquo;installation de cookies. L&rsquo;acceptation de l&rsquo;installation de cookies implique l&rsquo;acceptation de la conservation de l&rsquo;adresse IP dans les archives de ginefem.com, ainsi que de la date d&rsquo;acceptation, pendant une dur\u00e9e d&rsquo;un an, afin de justifier du consentement donn\u00e9. Vous pouvez obtenir plus d&rsquo;informations dans notre \u00ab\u00a0Politique de Cookies\u00a0\u00bb.<\/p>\r\n\r\n\r\n\r\n<h3 class=\"wp-block-heading\">3. QUELLE EST LA L\u00c9GITIMATION POUR LE TRAITEMENT DE VOS DONN\u00c9ES ?<\/h3>\r\n\r\n\r\n\r\n<p>La l\u00e9gitimit\u00e9 du traitement de vos donn\u00e9es par GINEFEM SALUD, S.L.P repose sur :<\/p>\r\n\r\n\r\n\r\n<ul class=\"wp-block-list\">\r\n<li>Dans l&rsquo;ex\u00e9cution d&rsquo;un pr\u00e9-contrat \/ contrat pour vous envoyer les informations et fournir le service demand\u00e9, pour la gestion de votre achat en ligne et pour vous enregistrer en tant qu&rsquo;utilisateur enregistr\u00e9, cela n&rsquo;\u00e9tant pas possible autrement.<\/li>\r\n<li>Dans le consentement de l&rsquo;utilisateur pour l&rsquo;envoi de communications commerciales sur les offres, activit\u00e9s et promotions de GINEFEM SALUD, S.L.P et du secteur qui pourraient les int\u00e9resser et la gestion de notre blog. L&rsquo;utilisateur peut r\u00e9voquer le consentement donn\u00e9 \u00e0 tout moment.<\/li>\r\n<\/ul>\r\n\r\n\r\n\r\n<h3 class=\"wp-block-heading\">4. COMBIEN DE TEMPS CONSERVONS-NOUS VOS DONN\u00c9ES\u00a0?<\/h3>\r\n\r\n\r\n\r\n<p>Les donn\u00e9es pour vous adresser les informations ou fournir le service que vous demandez via les diff\u00e9rents formulaires disponibles sur notre site internet seront conserv\u00e9es tant que la relation contractuelle sera en vigueur, et une fois celle-ci termin\u00e9e pendant le d\u00e9lai de prescription l\u00e9gale.<\/p>\r\n<p>Les donn\u00e9es trait\u00e9es pour l&rsquo;envoi de communications commerciales sur les offres, les activit\u00e9s et les promotions de GINEFEM SALUD, SLP et le secteur qui pourraient vous int\u00e9resser, la gestion de vos commentaires sur le blog seront conserv\u00e9es tant que l&rsquo;utilisateur ne r\u00e9voque pas le consentement emprunt\u00e9. .<\/p>\r\n<p>L&rsquo;adresse IP obtenue gr\u00e2ce aux cookies aura une dur\u00e9e de conservation d&rsquo;un an, afin de d\u00e9montrer le consentement de l&rsquo;utilisateur.<\/p>\r\n<p>Concernant la dur\u00e9e de conservation des cookies, vous pouvez obtenir plus d&rsquo;informations sur notre site internet dans la rubrique \u00ab Politique de cookies \u00bb<\/p>\r\n\r\n\r\n\r\n<h3 class=\"wp-block-heading\">5. QUELS TYPES DE DONN\u00c9ES TRAITONS-NOUS DE NOS UTILISATEURS\u00a0?<\/h3>\r\n\r\n\r\n\r\n<p>GINEFEM SALUD, S.L.P traite les cat\u00e9gories de donn\u00e9es suivantes\u00a0:<\/p>\r\n\r\n\r\n\r\n<ol class=\"wp-block-list\">\r\n<li><strong>a) Donn\u00e9es des utilisateurs qui remplissent l&rsquo;un des formulaires disponibles : Les donn\u00e9es personnelles que GINEFEM SALUD, S.L.P demande comprennent :<\/strong><\/li>\r\n<\/ol>\r\n\r\n\r\n\r\n<ul class=\"wp-block-list\">\r\n<li>Donn\u00e9es d&rsquo;identification : nom, t\u00e9l\u00e9phone et adresse e-mail<\/li>\r\n<li>Donn\u00e9es relatives \u00e0 la candidature<\/li>\r\n<\/ul>\r\n\r\n\r\n\r\n<ol class=\"wp-block-list\">\r\n<li><strong>b) Donn\u00e9es des utilisateurs qui naviguent sur notre site Web : Donn\u00e9es fournies par les cookies et par Google Analytics.<\/strong><\/li>\r\n<li><strong>c) Donn\u00e9es des utilisateurs qui commentent notre blog<\/strong><\/li>\r\n<\/ol>\r\n\r\n\r\n\r\n<p>Seules les personnes de plus de 16 ans peuvent fournir des donn\u00e9es via notre site Web. Si vous avez moins de cet \u00e2ge, vous devez avoir le consentement de vos parents ou tuteurs l\u00e9gaux.<\/p>\r\n<p>L&rsquo;utilisateur garantit l&rsquo;authenticit\u00e9 et l&rsquo;actualit\u00e9 de toutes les donn\u00e9es qu&rsquo;il communique \u00e0 GINEFEM SALUD, S.L.P et d\u00e9clare qu&rsquo;il a plus de 16 ans, et sera seul responsable de toute d\u00e9claration fausse ou inexacte faite.<\/p>\r\n<p>Les donn\u00e9es personnelles trait\u00e9es par GINEFEM SALUD, S.L.P peuvent \u00eatre obligatoires ou volontaires.<\/p>\r\n<p>Les informations volontaires sont celles que l&rsquo;utilisateur n&rsquo;est pas oblig\u00e9 de fournir pour nous contacter.<\/p>\r\n<p>Les champs marqu\u00e9s d&rsquo;un ast\u00e9risque (*) ou du mot (obligatoire) dans nos formulaires sont obligatoires, le refus de les fournir entra\u00eenera l&rsquo;impossibilit\u00e9 de fournir le service ou de r\u00e9pondre \u00e0 votre demande.<\/p>\r\n<p>Dans le cas o\u00f9 vous nous fournissez des donn\u00e9es de tiers, vous d\u00e9clarez avoir leur consentement et vous acceptez de transf\u00e9rer les informations que nous vous fournissons dans cette clause, exemptant GINEFEM SALUD, S.L.P de tout type d&rsquo;obligation. Cependant, GINEFEM SALUD, S.L.P. peut effectuer des v\u00e9rifications pour v\u00e9rifier que le tiers a \u00e9t\u00e9 inform\u00e9 en adoptant les mesures de diligence \u00e9tablies dans la r\u00e9glementation sur la protection des donn\u00e9es.<\/p>\r\n\r\n\r\n\r\n<h3 class=\"wp-block-heading\">6. A QUELS DESTINATAIRES VOS DONN\u00c9ES SERONT-ELLES COMMUNIQU\u00c9ES ?<\/h3>\r\n\r\n\r\n\r\n<p>Aucune donn\u00e9e ne sera c\u00e9d\u00e9e \u00e0 des tiers sauf obligation l\u00e9gale ou dans le cas o\u00f9 cela serait n\u00e9cessaire pour r\u00e9pondre \u00e0 votre demande.<\/p>\r\n\r\n\r\n\r\n<h3 class=\"wp-block-heading\">7. QUELS DROITS VOUS ASSISTENT ET COMMENT LES EXERCER ?<\/h3>\r\n\r\n\r\n\r\n<p>L&rsquo;utilisateur peut exercer les droits suivants aupr\u00e8s de GINEFEM SALUD, S.L.P :<\/p>\r\n\r\n\r\n\r\n<ol class=\"wp-block-list\">\r\n<li>a) Acc\u00e9der \u00e0 vos donn\u00e9es personnelles<\/li>\r\n<li>b) Les rectifier lorsqu&rsquo;elles sont inexactes ou incompl\u00e8tes<\/li>\r\n<li>c) Demander la suppression ou l&rsquo;annulation des donn\u00e9es lorsque, entre autres raisons, elles ne sont plus n\u00e9cessaires aux fins pour lesquelles elles ont \u00e9t\u00e9 collect\u00e9es.<\/li>\r\n<li>d) S&rsquo;opposer \u00e0 leur traitement<\/li>\r\n<li>e) Demander la limitation du traitement de vos donn\u00e9es lorsque l&rsquo;une des conditions pr\u00e9vues par la r\u00e9glementation est remplie<\/li>\r\n<li>f) Demander la portabilit\u00e9 de vos donn\u00e9es dans les cas pr\u00e9vus par la r\u00e9glementation<\/li>\r\n<li>g) Emp\u00eacher de faire l&rsquo;objet de d\u00e9cisions automatis\u00e9es<\/li>\r\n<li>h) R\u00e9voquer les consentements accord\u00e9s<\/li>\r\n<\/ol>\r\n\r\n\r\n\r\n<p>Afin d&rsquo;exercer ses droits, l&rsquo;utilisateur doit envoyer un courrier indiquant le droit qu&rsquo;il souhaite exercer et inclure un document justifiant de son identit\u00e9 et de son adresse postale ou \u00e9lectronique \u00e0 des fins de notification. Cette demande peut \u00eatre faite soit par courrier postal \u00e0 : GINEFEM SALUD, S.L.P Calle Pi Y Margall, 31, 38004 &#8211; Santa Cruz De Tenerife, soit \u00e0 l&rsquo;adresse e-mail suivante : info@ginefem.com.<\/p>\r\n<p>GINEFEM SALUD, S.L.P doit r\u00e9pondre \u00e0 la demande d&rsquo;exercice des droits dans un d\u00e9lai d&rsquo;un mois \u00e0 compter de la r\u00e9ception de la demande. Ce d\u00e9lai peut \u00eatre prolong\u00e9 de deux mois suppl\u00e9mentaires si n\u00e9cessaire, compte tenu de la complexit\u00e9 et du nombre de demandes. Nous vous informerons de toute prolongation dans le mois suivant la r\u00e9ception de la demande, en indiquant les raisons du retard.<\/p>\r\n<p>De m\u00eame, les parties int\u00e9ress\u00e9es ont le droit de se plaindre aupr\u00e8s de l&rsquo;autorit\u00e9 de contr\u00f4le comp\u00e9tente (Agence espagnole de protection des donn\u00e9es) lorsqu&rsquo;elles consid\u00e8rent que GINEFEM SALUD, S.L.P a viol\u00e9 les droits que la r\u00e9glementation sur la protection des donn\u00e9es reconna\u00eet dans\u00a0 <a href=\"http:\/\/www.aepd.es\/\">www.aepd.es<\/a><\/p>\r\n\r\n\r\n\r\n<h3 class=\"wp-block-heading\">8. MES DONN\u00c9ES SONT-ELLES S\u00c9CURIS\u00c9ES ?<\/h3>\r\n\r\n\r\n\r\n<p>GINEFEM SALUD, S.L.P a un contrat en cours avec la soci\u00e9t\u00e9 d&rsquo;h\u00e9bergement 1 &amp; 1 pour l&rsquo;h\u00e9bergement de son site Web. C&rsquo;est une entreprise europ\u00e9enne et dispose des derniers syst\u00e8mes de mesures de s\u00e9curit\u00e9.<\/p>\r\n<p>GINEFEM SALUD, S.L.P garantit l&rsquo;adoption des mesures appropri\u00e9es pour assurer le traitement confidentiel de vos donn\u00e9es, compte tenu de leur caract\u00e8re r\u00e9serv\u00e9.<\/p>\r\n<p>GINEFEM SALUD, SLP s&rsquo;engage \u00e0 ce que lesdites donn\u00e9es restent secr\u00e8tes, en les traitant avec la plus grande confidentialit\u00e9, et d\u00e9clare avoir mis en \u0153uvre dans son syst\u00e8me d&rsquo;information, les politiques de s\u00e9curit\u00e9 correspondant au type de donn\u00e9es trait\u00e9es conform\u00e9ment aux dispositions du R\u00c8GLEMENT (UE) 2016 \/ 679 DU PARLEMENT EUROP\u00c9EN ET DU CONSEIL du 27 avril 2016 relatif \u00e0 la protection des personnes physiques \u00e0 l&rsquo;\u00e9gard des traitements de donn\u00e9es \u00e0 caract\u00e8re personnel et \u00e0 la libre circulation de ces donn\u00e9es (RGPD).<\/p>\r\n<p>Toutes les donn\u00e9es fournies via notre plateforme sont effectu\u00e9es via un protocole s\u00e9curis\u00e9. Notre site Web dispose d&rsquo;un certificat SSL qui permet qu&rsquo;une connexion crypt\u00e9e soit \u00e9tablie lorsqu&rsquo;un utilisateur visite notre site Web et \u00e9change des informations avec nous.<\/p>\r\n\r\n\r\n\r\n<h3 class=\"wp-block-heading\">9. ENS VERS D&rsquo;AUTRES SITES WEB<\/h3>\r\n\r\n\r\n\r\n<p>Si vous choisissez de quitter notre site Web via des liens vers d&rsquo;autres sites Web n&rsquo;appartenant pas \u00e0 notre entit\u00e9, GINEFEM SALUD, SLP ne sera pas responsable des politiques de confidentialit\u00e9 desdits sites Web ou des cookies qu&rsquo;ils peuvent stocker sur l&rsquo;ordinateur de l&rsquo;utilisateur.<\/p>\r\n<p><strong>Version\u00a0:\u00a01.0<\/strong><\/p>\r\n<p><strong>Date\u00a0: 22\/01\/19<\/strong><\/p>\r\n","protected":false},"excerpt":{"rendered":"<p>INFORMATIONS DE BASE SUR LA PROTECTION DES DONN\u00c9ES Responsable GINEFEM SALUD, S.L.P\u00a0 + info But R\u00e9pondre aux demandes effectu\u00e9es via le Web, g\u00e9rer l&rsquo;envoi d&rsquo;informations et publier et contr\u00f4ler les commentaires sur notre blog. + Infos L\u00e9gitimation Consentement de l&rsquo;int\u00e9ress\u00e9 et ex\u00e9cution d&rsquo;un avant-contrat\/contrat + info Destinataires Aucune donn\u00e9e ne sera c\u00e9d\u00e9e \u00e0 des tiers [&hellip;]<\/p>\n","protected":false},"author":1,"featured_media":0,"parent":0,"menu_order":0,"comment_status":"closed","ping_status":"closed","template":"","meta":{"_joinchat":[],"footnotes":""},"class_list":["post-37948","page","type-page","status-publish","hentry"],"yoast_head":"<!-- This site is optimized with the Yoast SEO plugin v27.3 - https:\/\/yoast.com\/product\/yoast-seo-wordpress\/ -->\n<title>Politique de confidentialit\u00e9 - Ginefem<\/title>\n<meta name=\"robots\" content=\"index, follow, max-snippet:-1, max-image-preview:large, max-video-preview:-1\" \/>\n<link rel=\"canonical\" href=\"https:\/\/ginefem.com\/fr\/politique-de-confidentialite\/\" \/>\n<meta property=\"og:locale\" content=\"fr_FR\" \/>\n<meta property=\"og:type\" content=\"article\" \/>\n<meta property=\"og:title\" content=\"Politique de confidentialit\u00e9 - Ginefem\" \/>\n<meta property=\"og:description\" content=\"INFORMATIONS DE BASE SUR LA PROTECTION DES DONN\u00c9ES Responsable GINEFEM SALUD, S.L.P\u00a0 + info But R\u00e9pondre aux demandes effectu\u00e9es via le Web, g\u00e9rer l&rsquo;envoi d&rsquo;informations et publier et contr\u00f4ler les commentaires sur notre blog. + Infos L\u00e9gitimation Consentement de l&rsquo;int\u00e9ress\u00e9 et ex\u00e9cution d&rsquo;un avant-contrat\/contrat + info Destinataires Aucune donn\u00e9e ne sera c\u00e9d\u00e9e \u00e0 des tiers [&hellip;]\" \/>\n<meta property=\"og:url\" content=\"https:\/\/ginefem.com\/fr\/politique-de-confidentialite\/\" \/>\n<meta property=\"og:site_name\" content=\"Ginefem\" \/>\n<meta property=\"article:publisher\" content=\"https:\/\/es-es.facebook.com\/GinefemMujer\/\" \/>\n<meta property=\"article:modified_time\" content=\"2021-12-23T12:24:42+00:00\" \/>\n<meta name=\"twitter:card\" content=\"summary_large_image\" \/>\n<meta name=\"twitter:site\" content=\"@Ginefem\" \/>\n<meta name=\"twitter:label1\" content=\"Dur\u00e9e de lecture estim\u00e9e\" \/>\n\t<meta name=\"twitter:data1\" content=\"8 minutes\" \/>\n<script type=\"application\/ld+json\" class=\"yoast-schema-graph\">{\"@context\":\"https:\\\/\\\/schema.org\",\"@graph\":[{\"@type\":\"WebPage\",\"@id\":\"https:\\\/\\\/ginefem.com\\\/fr\\\/politique-de-confidentialite\\\/\",\"url\":\"https:\\\/\\\/ginefem.com\\\/fr\\\/politique-de-confidentialite\\\/\",\"name\":\"Politique de confidentialit\u00e9 - Ginefem\",\"isPartOf\":{\"@id\":\"https:\\\/\\\/ginefem.com\\\/#website\"},\"datePublished\":\"2021-11-19T13:14:41+00:00\",\"dateModified\":\"2021-12-23T12:24:42+00:00\",\"breadcrumb\":{\"@id\":\"https:\\\/\\\/ginefem.com\\\/fr\\\/politique-de-confidentialite\\\/#breadcrumb\"},\"inLanguage\":\"fr-FR\",\"potentialAction\":[{\"@type\":\"ReadAction\",\"target\":[\"https:\\\/\\\/ginefem.com\\\/fr\\\/politique-de-confidentialite\\\/\"]}]},{\"@type\":\"BreadcrumbList\",\"@id\":\"https:\\\/\\\/ginefem.com\\\/fr\\\/politique-de-confidentialite\\\/#breadcrumb\",\"itemListElement\":[{\"@type\":\"ListItem\",\"position\":1,\"name\":\"Portada\",\"item\":\"https:\\\/\\\/ginefem.com\\\/fr\\\/\"},{\"@type\":\"ListItem\",\"position\":2,\"name\":\"Politique de confidentialit\u00e9\"}]},{\"@type\":\"WebSite\",\"@id\":\"https:\\\/\\\/ginefem.com\\\/#website\",\"url\":\"https:\\\/\\\/ginefem.com\\\/\",\"name\":\"Ginefem\",\"description\":\"Salud integral de la mujer\",\"potentialAction\":[{\"@type\":\"SearchAction\",\"target\":{\"@type\":\"EntryPoint\",\"urlTemplate\":\"https:\\\/\\\/ginefem.com\\\/?s={search_term_string}\"},\"query-input\":{\"@type\":\"PropertyValueSpecification\",\"valueRequired\":true,\"valueName\":\"search_term_string\"}}],\"inLanguage\":\"fr-FR\"}]}<\/script>\n<!-- \/ Yoast SEO plugin. -->","yoast_head_json":{"title":"Politique de confidentialit\u00e9 - Ginefem","robots":{"index":"index","follow":"follow","max-snippet":"max-snippet:-1","max-image-preview":"max-image-preview:large","max-video-preview":"max-video-preview:-1"},"canonical":"https:\/\/ginefem.com\/fr\/politique-de-confidentialite\/","og_locale":"fr_FR","og_type":"article","og_title":"Politique de confidentialit\u00e9 - Ginefem","og_description":"INFORMATIONS DE BASE SUR LA PROTECTION DES DONN\u00c9ES Responsable GINEFEM SALUD, S.L.P\u00a0 + info But R\u00e9pondre aux demandes effectu\u00e9es via le Web, g\u00e9rer l&rsquo;envoi d&rsquo;informations et publier et contr\u00f4ler les commentaires sur notre blog. + Infos L\u00e9gitimation Consentement de l&rsquo;int\u00e9ress\u00e9 et ex\u00e9cution d&rsquo;un avant-contrat\/contrat + info Destinataires Aucune donn\u00e9e ne sera c\u00e9d\u00e9e \u00e0 des tiers [&hellip;]","og_url":"https:\/\/ginefem.com\/fr\/politique-de-confidentialite\/","og_site_name":"Ginefem","article_publisher":"https:\/\/es-es.facebook.com\/GinefemMujer\/","article_modified_time":"2021-12-23T12:24:42+00:00","twitter_card":"summary_large_image","twitter_site":"@Ginefem","twitter_misc":{"Dur\u00e9e de lecture estim\u00e9e":"8 minutes"},"schema":{"@context":"https:\/\/schema.org","@graph":[{"@type":"WebPage","@id":"https:\/\/ginefem.com\/fr\/politique-de-confidentialite\/","url":"https:\/\/ginefem.com\/fr\/politique-de-confidentialite\/","name":"Politique de confidentialit\u00e9 - Ginefem","isPartOf":{"@id":"https:\/\/ginefem.com\/#website"},"datePublished":"2021-11-19T13:14:41+00:00","dateModified":"2021-12-23T12:24:42+00:00","breadcrumb":{"@id":"https:\/\/ginefem.com\/fr\/politique-de-confidentialite\/#breadcrumb"},"inLanguage":"fr-FR","potentialAction":[{"@type":"ReadAction","target":["https:\/\/ginefem.com\/fr\/politique-de-confidentialite\/"]}]},{"@type":"BreadcrumbList","@id":"https:\/\/ginefem.com\/fr\/politique-de-confidentialite\/#breadcrumb","itemListElement":[{"@type":"ListItem","position":1,"name":"Portada","item":"https:\/\/ginefem.com\/fr\/"},{"@type":"ListItem","position":2,"name":"Politique de confidentialit\u00e9"}]},{"@type":"WebSite","@id":"https:\/\/ginefem.com\/#website","url":"https:\/\/ginefem.com\/","name":"Ginefem","description":"Salud integral de la mujer","potentialAction":[{"@type":"SearchAction","target":{"@type":"EntryPoint","urlTemplate":"https:\/\/ginefem.com\/?s={search_term_string}"},"query-input":{"@type":"PropertyValueSpecification","valueRequired":true,"valueName":"search_term_string"}}],"inLanguage":"fr-FR"}]}},"_links":{"self":[{"href":"https:\/\/ginefem.com\/fr\/wp-json\/wp\/v2\/pages\/37948","targetHints":{"allow":["GET"]}}],"collection":[{"href":"https:\/\/ginefem.com\/fr\/wp-json\/wp\/v2\/pages"}],"about":[{"href":"https:\/\/ginefem.com\/fr\/wp-json\/wp\/v2\/types\/page"}],"author":[{"embeddable":true,"href":"https:\/\/ginefem.com\/fr\/wp-json\/wp\/v2\/users\/1"}],"replies":[{"embeddable":true,"href":"https:\/\/ginefem.com\/fr\/wp-json\/wp\/v2\/comments?post=37948"}],"version-history":[{"count":1,"href":"https:\/\/ginefem.com\/fr\/wp-json\/wp\/v2\/pages\/37948\/revisions"}],"predecessor-version":[{"id":38141,"href":"https:\/\/ginefem.com\/fr\/wp-json\/wp\/v2\/pages\/37948\/revisions\/38141"}],"wp:attachment":[{"href":"https:\/\/ginefem.com\/fr\/wp-json\/wp\/v2\/media?parent=37948"}],"curies":[{"name":"wp","href":"https:\/\/api.w.org\/{rel}","templated":true}]}}