{"id":37950,"date":"2021-11-19T13:17:15","date_gmt":"2021-11-19T13:17:15","guid":{"rendered":"https:\/\/ginefem.com\/aviso-legal\/"},"modified":"2021-12-23T11:52:09","modified_gmt":"2021-12-23T11:52:09","slug":"avis-juridique","status":"publish","type":"page","link":"https:\/\/ginefem.com\/fr\/avis-juridique\/","title":{"rendered":"Avis juridique"},"content":{"rendered":"\r\n<ol class=\"wp-block-list\">\r\n<li>Objectif et acceptation<\/li>\r\n<\/ol>\r\n\r\n\r\n\r\n<p>Cette notice l\u00e9gale r\u00e9glemente l&rsquo;utilisation<br \/>depuis le site : ginefem.com<\/p>\r\n<p>Le site ginefem.com propose<br \/>services dont l&rsquo;objectif principal est de permettre le contact entre les utilisateurs et<br \/>l&rsquo;entreprise, soit pour nous contacter, soit pour demander<br \/>budg\u00e9taire.<\/p>\r\n<p>Navigation sur la page ginefem.com<br \/>attribue la condition d&rsquo;utilisateur de celui-ci et implique la pleine acceptation et<br \/>sans r\u00e9serve de chacune des dispositions incluses dans le pr\u00e9sent Avis<br \/>L\u00e9gal, qui peut subir des modifications.<\/p>\r\n<p>L&rsquo;utilisateur est oblig\u00e9 d&rsquo;utiliser<br \/>site correct conform\u00e9ment aux lois, bonne foi, ordre<br \/>public, les usages du trafic et le pr\u00e9sent avis juridique. L&rsquo;Utilisateur r\u00e9pondra<br \/>contre GINEFEM SALUD, S.L.P et contre des tiers, des dommages et int\u00e9r\u00eats<br \/>dommages qui pourraient \u00eatre caus\u00e9s du fait de la violation de ladite<br \/>obligation.<\/p>\r\n\r\n\r\n\r\n<ol class=\"wp-block-list\" start=\"2\">\r\n<li>Propri\u00e9t\u00e9 du site Web et identification du fournisseur<br \/>Services de la soci\u00e9t\u00e9 de l&rsquo;information<\/li>\r\n<\/ol>\r\n\r\n\r\n\r\n<p>Afin de se conformer aux<br \/>Principe g\u00e9n\u00e9ral d&rsquo;information exig\u00e9 par l&rsquo;article 10 de la loi 34\/2002,<br \/>du 11 juillet des services de la soci\u00e9t\u00e9 de l&rsquo;information et du commerce<br \/>\u00e9lectronique, nous informons nos utilisateurs que ce site appartient \u00e0<br \/>\u00e0 GINEFEM SALUD, S.L.P avec caf B76782515, inscrite au Registre<br \/>Mercantile de Santa Cruz de Tenerife \u00e0 la page TF &#8211; 61949, Folio 98 du volume<br \/>3599 de la section Octova.<\/p>\r\n\r\n\r\n\r\n<p>Adresse : Calle Pi Y Margall, 31, 38004 &#8211; Santa Cruz de T\u00e9n\u00e9rife<\/p>\r\n<p>E-mail:<br \/>info@ginefem.com<\/p>\r\n<p>T\u00e9l\u00e9phone:<br \/>922241598<\/p>\r\n<p>Site h\u00e9berg\u00e9 par :<br \/>1 &amp; 1 IONOS SE<\/p>\r\n\r\n\r\n\r\n<ol class=\"wp-block-list\" start=\"3\">\r\n<li>Conditions g\u00e9n\u00e9rales d&rsquo;acc\u00e8s et d&rsquo;utilisation<\/li>\r\n<\/ol>\r\n\r\n\r\n\r\n<p>Le site Web et ses services sont la propri\u00e9t\u00e9 de<br \/>acc\u00e8s libre et gratuit, bien que l&rsquo;utilisation de certaines zones ou<br \/>services est conditionnelle au remplissage de formulaires de collecte de donn\u00e9es.<br \/>Seules les personnes de plus de 18 ans peuvent fournir des donn\u00e9es via notre site Web, et<br \/>les mineurs de moins de 16 ans ne peuvent les fournir sans le consentement du<br \/>parents ou tuteurs.<\/p>\r\n<p>L&rsquo;Utilisateur garantit l&rsquo;authenticit\u00e9 et<br \/>l&rsquo;actualit\u00e9 de toutes les donn\u00e9es que vous communiquez \u00e0 GINEFEM SALUD, S.L.P et<br \/>sera seul responsable des d\u00e9clarations fausses ou inexactes qui<br \/>effectuer.<\/p>\r\n<p>ginefem.com a ce qui suit<br \/>types d&rsquo;utilisateurs :<\/p>\r\n\r\n\r\n\r\n<p>Les utilisateurs qui fournissent des donn\u00e9es dans<br \/>l&rsquo;un des formulaires disponibles : Les donn\u00e9es personnelles que GINEFEM<br \/>Les demandes de SALUD, S.L.P comprennent le nom et l&rsquo;adresse \u00e9lectronique et le<br \/>fournies par l&rsquo;utilisateur lui-m\u00eame lors du remplissage des formulaires.<\/p>\r\n<p>Utilisateurs n&rsquo;ayant pas contact\u00e9 GINEFEM<br \/>SALUD, S.L.P mais \u00e0 partir de laquelle des donn\u00e9es sont collect\u00e9es : Donn\u00e9es fournies par<br \/>les cookies<\/p>\r\n\r\n\r\n\r\n<p>3.1. R\u00e8gles et interdictions d&rsquo;utilisation pour les utilisateurs de<br \/>nos services<\/p>\r\n\r\n\r\n\r\n<p>L&rsquo;Utilisateur s&rsquo;engage express\u00e9ment \u00e0<br \/>faire bon usage du contenu et des services offerts et ne pas les utiliser<br \/>pour:<\/p>\r\n<p>Propag\u00e9<br \/>contenu criminel, violent, pornographique, raciste, x\u00e9nophobe, offensant,<br \/>apologie du terrorisme ou, en g\u00e9n\u00e9ral, contraire \u00e0 la loi ou \u00e0 l&rsquo;ordre<br \/>Publique.<\/p>\r\n<p>Entrer \u00e0 l&rsquo;int\u00e9rieur<br \/>les virus informatiques du r\u00e9seau ou effectuer des actions susceptibles d&rsquo;alt\u00e9rer,<br \/>g\u00e2cher, interrompre ou g\u00e9n\u00e9rer des erreurs ou des dommages aux documents \u00e9lectroniques,<br \/>donn\u00e9es ou syst\u00e8mes physiques et logiques de GINEFEM SALUD, S.L.P ou de<br \/>des tiers\u00a0; ainsi que d&rsquo;obstruer l&rsquo;acc\u00e8s des autres Utilisateurs au site<br \/>Web et ses services.<br \/>Essayer<br \/>acc\u00e9der aux zones restreintes des syst\u00e8mes informatiques GINEFEM<br \/>SALUD, S.L.P ou des tiers et, le cas \u00e9ch\u00e9ant, extraire des informations.<br \/>Violer le<br \/>droits de propri\u00e9t\u00e9 intellectuelle ou industrielle, ainsi que de violer les<br \/>confidentialit\u00e9 des informations de GINEFEM SALUD, S.L.P ou de<br \/>tiers.<br \/>Imiter<br \/>l&rsquo;identit\u00e9 d&rsquo;un autre Utilisateur, des administrations publiques ou d&rsquo;un tiers.<br \/>Jouer,<br \/>copier, distribuer, mettre \u00e0 disposition ou communiquer autrement<br \/>publiquement, transformer ou modifier le Contenu, \u00e0 moins qu&rsquo;il n&rsquo;y ait<br \/>l&rsquo;autorisation du titulaire des droits correspondants ou il r\u00e9sulte<br \/>l\u00e9galement autoris\u00e9<br \/>Collecter des donn\u00e9es<br \/>\u00e0 des fins publicitaires et pour envoyer de la publicit\u00e9 de toute nature et<br \/>communications \u00e0 des fins de vente ou \u00e0 d&rsquo;autres fins commerciales sans m\u00e9diation<br \/>votre demande ou consentement pr\u00e9alable.<br \/>3.2. Proc\u00e9dure en cas d&rsquo;exercice d&rsquo;activit\u00e9s<br \/>ill\u00e9gal<\/p>\r\n\r\n\r\n\r\n<p>Dans le cas o\u00f9 un utilisateur ou<br \/>un tiers consid\u00e8re qu&rsquo;il existe des faits ou des circonstances qui r\u00e9v\u00e8lent<br \/>caract\u00e8re ill\u00e9gal de l&rsquo;utilisation de tout contenu et\/ou de la r\u00e9alisation<br \/>de toute activit\u00e9 sur les pages Web incluses ou accessibles via le<br \/>site Web, vous devez envoyer une notification \u00e0 GINEFEM SALUD, S.L.P en vous identifiant<br \/>d\u00fbment, en pr\u00e9cisant les infractions all\u00e9gu\u00e9es et en d\u00e9clarant express\u00e9ment<br \/>et sous votre responsabilit\u00e9 que les informations fournies dans la notification<br \/>est exacte.<\/p>\r\n\r\n\r\n\r\n<ol class=\"wp-block-list\" start=\"4\">\r\n<li>Politique de confidentialit\u00e9<\/li>\r\n<\/ol>\r\n\r\n\r\n\r\n<p>L&rsquo;utilisateur peut v\u00e9rifier comment GINEFEM<br \/>SALUD, S.L.P utilise vos donn\u00e9es et les mesures de s\u00e9curit\u00e9 mises en \u0153uvre dans le<br \/>lien suivant\u00a0: \u00ab\u00a0politique de confidentialit\u00e9\u00a0\u00bb<\/p>\r\n\r\n\r\n\r\n<ol class=\"wp-block-list\" start=\"5\">\r\n<li>Politique de cookies<\/li>\r\n<\/ol>\r\n\r\n\r\n\r\n<p>GINEFEM SALUD, S.L.P installe des cookies dans<br \/>l&rsquo;ordinateur de l&rsquo;utilisateur. Pour en savoir plus sur les cookies sur notre site<br \/>allez sur le lien suivant : \u00ab politique de cookies \u00bb<\/p>\r\n\r\n\r\n\r\n<ol class=\"wp-block-list\" start=\"6\">\r\n<li>Notifications<\/li>\r\n<\/ol>\r\n\r\n\r\n\r\n<p>Toutes les notifications et communications<br \/>entre les utilisateurs et GINEFEM SALUD, S.L.P sera consid\u00e9r\u00e9 comme efficace, pour<br \/>tous les effets, lorsqu&rsquo;ils sont effectu\u00e9s par voie postale ou par courrier<br \/>communication \u00e9lectronique ou t\u00e9l\u00e9phonique. Les utilisateurs doivent contacter GINEFEM<br \/>SALUD, S.L.P \u00e0 travers :<\/p>\r\n\r\n\r\n\r\n<p>Exp\u00e9dition par<br \/>courrier postal \u00e0 l&rsquo;adresse suivante : GINEFEM SALUD, S.L.P &#8211; Calle<br \/>Pi Y Margall, 31, 38004 &#8211; Santa Cruz de T\u00e9n\u00e9rife.<br \/>Exp\u00e9dition par<br \/>email \u00e0 l&rsquo;adresse suivante : info@ginefem.com<\/p>\r\n\r\n\r\n\r\n<ol class=\"wp-block-list\" start=\"7\">\r\n<li>Propri\u00e9t\u00e9 industrielle et propri\u00e9t\u00e9 intellectuelle<\/li>\r\n<\/ol>\r\n\r\n\r\n\r\n<p>Tout le contenu du site,<br \/>tels que des textes, des photographies, des graphiques, des images, des ic\u00f4nes, de la technologie, des logiciels, ainsi que<br \/>tels que sa conception graphique et ses codes sources, constituent une \u0153uvre dont la propri\u00e9t\u00e9<br \/>appartient \u00e0 GINEFEM SALUD, S.L.P, sans \u00eatre compris comme \u00e9tant affect\u00e9 au<br \/>Utilisateur aucun des droits d&rsquo;exploitation sur eux au-del\u00e0 de ce que<br \/>strictement n\u00e9cessaire \u00e0 la bonne utilisation du Web.<\/p>\r\n<p>En bref, les utilisateurs qui acc\u00e8dent<br \/>\u00e0 ce site Web, ils peuvent consulter le contenu et effectuer, le cas \u00e9ch\u00e9ant,<br \/>Copies priv\u00e9es autoris\u00e9es \u00e0 condition que les \u00e9l\u00e9ments reproduits ne soient pas<br \/>ult\u00e9rieurement transf\u00e9r\u00e9s \u00e0 des tiers, ou install\u00e9s sur des serveurs connect\u00e9s \u00e0<br \/>r\u00e9seaux, ni ne font l&rsquo;objet d&rsquo;un quelconque type d&rsquo;exploitation et uniquement et exclusivement<br \/>pendant que le service est en vigueur.<\/p>\r\n<p>De m\u00eame, toutes les marques, noms<br \/>signes commerciaux ou distinctifs de toute nature apparaissant sur le site<br \/>Web sont la propri\u00e9t\u00e9 de GINEFEM SALUD, S.L.P, sans qu&rsquo;il soit entendu que le<br \/>l&rsquo;utilisation ou l&rsquo;acc\u00e8s \u00e0 celui-ci conf\u00e8re \u00e0 l&rsquo;Utilisateur un droit quelconque sur celui-ci.<\/p>\r\n<p>La diffusion est interdite,<br \/>modification, cession ou communication publique du contenu et de tout autre<br \/>acte qui n&rsquo;a pas \u00e9t\u00e9 express\u00e9ment autoris\u00e9 par GINEFEM SALUD, S.L.P.<br \/>cas de non-conformit\u00e9 GINEFEM SALUD, S.L.P proc\u00e9dera \u00e0 l&rsquo;adoption du<br \/>mesures juridiques en temps opportun.<\/p>\r\n\r\n\r\n\r\n<ol class=\"wp-block-list\" start=\"8\">\r\n<li>Clause de non-responsabilit\u00e9 et modification des<br \/>pr\u00e9sente notice l\u00e9gale<\/li>\r\n<\/ol>\r\n\r\n\r\n\r\n<p>Les informations diffus\u00e9es dans ce<br \/>site est r\u00e9alis\u00e9 uniquement et exclusivement \u00e0 des fins d&rsquo;information, r\u00e9servant GINEFEM<br \/>SALUD, S.L.P. le droit d&rsquo;\u00e9liminer ou de suspendre sa diffusion, totale ou<br \/>partiellement, et de modifier la structure et le contenu de ce site Web sans<br \/>pr\u00e9avis, et peut m\u00eame limiter ou refuser l&rsquo;acc\u00e8s \u00e0 ladite<br \/>information. GINEFEM SALUD, S.L.P essaie de maintenir la qualit\u00e9 et<br \/>mettre \u00e0 jour ces informations et \u00e9viter et minimiser les erreurs possibles<br \/>mais GINEFEM SALUD, S.L.P ne sera pas responsable des dommages ou des pertes<br \/>caus\u00e9s par des d\u00e9cisions prises sur la base des informations diffus\u00e9es\u00a0; ni de<br \/>inexactitudes, omissions ou erreurs qui y sont contenues, ou les probl\u00e8mes<br \/>qui proviennent de l&rsquo;utilisation de ce site Web ou d&rsquo;un autre avec une connexion externe\u00a0; ni de<br \/>les dommages et \/ ou les pertes dans le logiciel ou le mat\u00e9riel de l&rsquo;utilisateur qui sont d\u00e9riv\u00e9s<br \/>acc\u00e8s \u00e0 ce site Web.<\/p>\r\n<p>Les utilisateurs acceptent express\u00e9ment<br \/>que GINEFEM SALUD, S.L.P ne sera pas responsable des acc\u00e8s non autoris\u00e9s<br \/>ou l&rsquo;alt\u00e9ration de vos transmissions ou donn\u00e9es, de tout mat\u00e9riel ou donn\u00e9es<br \/>envoy\u00e9 ou re\u00e7u ou non envoy\u00e9 ou re\u00e7u, ou de toute transaction<br \/>r\u00e9alis\u00e9 via son site Internet.<\/p>\r\n<p>GINEFEM SALUD, S.L.P se r\u00e9serve le<br \/>droit de modifier les pr\u00e9sentes mentions l\u00e9gales unilat\u00e9ralement et sans<br \/>avis dans les termes et conditions qu&rsquo;il juge appropri\u00e9s avec le<br \/>seule obligation d&rsquo;informer l&rsquo;utilisateur des modifications apport\u00e9es \u00e0<br \/>via ginefem.com<\/p>\r\n\r\n\r\n\r\n<ol class=\"wp-block-list\" start=\"9\">\r\n<li>Nullit\u00e9 partielle<\/li>\r\n<\/ol>\r\n\r\n\r\n\r\n<p>Si l&rsquo;une des pr\u00e9sentes clauses<br \/>a \u00e9t\u00e9 d\u00e9clar\u00e9 nul et non avenu par une r\u00e9solution d\u00e9finitive \u00e9mise par l&rsquo;autorit\u00e9<br \/>l&rsquo;autorit\u00e9 comp\u00e9tente, les autres termes et conditions resteront en vigueur, sans<br \/>sont affect\u00e9s par ladite d\u00e9claration de nullit\u00e9.<\/p>\r\n\r\n\r\n\r\n<ol class=\"wp-block-list\" start=\"10\">\r\n<li>Droit applicable et tribunaux comp\u00e9tents<\/li>\r\n<\/ol>\r\n\r\n\r\n\r\n<p>Ce site Web est soumis \u00e0<br \/>ce qui est \u00e9tabli par la l\u00e9gislation espagnole et les r\u00e9glementations europ\u00e9ennes r\u00e9sultant de<br \/>application<\/p>\r\n<p>Toute controverse qui surgit ou<br \/>est li\u00e9e \u00e0 l&rsquo;utilisation du site Web ou avec lesdits produits sera<br \/>soumis \u00e0 la comp\u00e9tence non exclusive des cours et tribunaux<br \/>Espagnols de la province de S \/ C de Tenerife.<\/p>\r\n<p>S&rsquo;il s&rsquo;agit d&rsquo;un consommateur final, rien<br \/>dans cette clause affectera les droits reconnus comme tels par le<br \/>l\u00e9gislation en vigueur, pouvoir choisir de d\u00e9poser une r\u00e9clamation pour faire valoir<br \/>vos droits par rapport \u00e0 ces Conditions devant le Juge ou<br \/>Tribunaux qui correspondent \u00e0 votre domicile.<\/p>\r\n<p>Version\u00a0:\u00a01.0<\/p>\r\n<p>Date\u00a0: 22\/01\/19<\/p>\r\n","protected":false},"excerpt":{"rendered":"<p>Objectif et acceptation Cette notice l\u00e9gale r\u00e9glemente l&rsquo;utilisationdepuis le site : ginefem.com Le site ginefem.com proposeservices dont l&rsquo;objectif principal est de permettre le contact entre les utilisateurs etl&rsquo;entreprise, soit pour nous contacter, soit pour demanderbudg\u00e9taire. Navigation sur la page ginefem.comattribue la condition d&rsquo;utilisateur de celui-ci et implique la pleine acceptation etsans r\u00e9serve de chacune des [&hellip;]<\/p>\n","protected":false},"author":1,"featured_media":0,"parent":0,"menu_order":0,"comment_status":"closed","ping_status":"closed","template":"","meta":{"_joinchat":[],"footnotes":""},"class_list":["post-37950","page","type-page","status-publish","hentry"],"yoast_head":"<!-- This site is optimized with the Yoast SEO plugin v27.3 - https:\/\/yoast.com\/product\/yoast-seo-wordpress\/ -->\n<title>Avis juridique - Ginefem<\/title>\n<meta name=\"robots\" content=\"index, follow, max-snippet:-1, max-image-preview:large, max-video-preview:-1\" \/>\n<link rel=\"canonical\" href=\"https:\/\/ginefem.com\/fr\/avis-juridique\/\" \/>\n<meta property=\"og:locale\" content=\"fr_FR\" \/>\n<meta property=\"og:type\" content=\"article\" \/>\n<meta property=\"og:title\" content=\"Avis juridique - Ginefem\" \/>\n<meta property=\"og:description\" content=\"Objectif et acceptation Cette notice l\u00e9gale r\u00e9glemente l&rsquo;utilisationdepuis le site : ginefem.com Le site ginefem.com proposeservices dont l&rsquo;objectif principal est de permettre le contact entre les utilisateurs etl&rsquo;entreprise, soit pour nous contacter, soit pour demanderbudg\u00e9taire. Navigation sur la page ginefem.comattribue la condition d&rsquo;utilisateur de celui-ci et implique la pleine acceptation etsans r\u00e9serve de chacune des [&hellip;]\" \/>\n<meta property=\"og:url\" content=\"https:\/\/ginefem.com\/fr\/avis-juridique\/\" \/>\n<meta property=\"og:site_name\" content=\"Ginefem\" \/>\n<meta property=\"article:publisher\" content=\"https:\/\/es-es.facebook.com\/GinefemMujer\/\" \/>\n<meta property=\"article:modified_time\" content=\"2021-12-23T11:52:09+00:00\" \/>\n<meta name=\"twitter:card\" content=\"summary_large_image\" \/>\n<meta name=\"twitter:site\" content=\"@Ginefem\" \/>\n<meta name=\"twitter:label1\" content=\"Dur\u00e9e de lecture estim\u00e9e\" \/>\n\t<meta name=\"twitter:data1\" content=\"7 minutes\" \/>\n<script type=\"application\/ld+json\" class=\"yoast-schema-graph\">{\"@context\":\"https:\\\/\\\/schema.org\",\"@graph\":[{\"@type\":\"WebPage\",\"@id\":\"https:\\\/\\\/ginefem.com\\\/fr\\\/avis-juridique\\\/\",\"url\":\"https:\\\/\\\/ginefem.com\\\/fr\\\/avis-juridique\\\/\",\"name\":\"Avis juridique - Ginefem\",\"isPartOf\":{\"@id\":\"https:\\\/\\\/ginefem.com\\\/#website\"},\"datePublished\":\"2021-11-19T13:17:15+00:00\",\"dateModified\":\"2021-12-23T11:52:09+00:00\",\"breadcrumb\":{\"@id\":\"https:\\\/\\\/ginefem.com\\\/fr\\\/avis-juridique\\\/#breadcrumb\"},\"inLanguage\":\"fr-FR\",\"potentialAction\":[{\"@type\":\"ReadAction\",\"target\":[\"https:\\\/\\\/ginefem.com\\\/fr\\\/avis-juridique\\\/\"]}]},{\"@type\":\"BreadcrumbList\",\"@id\":\"https:\\\/\\\/ginefem.com\\\/fr\\\/avis-juridique\\\/#breadcrumb\",\"itemListElement\":[{\"@type\":\"ListItem\",\"position\":1,\"name\":\"Portada\",\"item\":\"https:\\\/\\\/ginefem.com\\\/fr\\\/\"},{\"@type\":\"ListItem\",\"position\":2,\"name\":\"Avis juridique\"}]},{\"@type\":\"WebSite\",\"@id\":\"https:\\\/\\\/ginefem.com\\\/#website\",\"url\":\"https:\\\/\\\/ginefem.com\\\/\",\"name\":\"Ginefem\",\"description\":\"Salud integral de la mujer\",\"potentialAction\":[{\"@type\":\"SearchAction\",\"target\":{\"@type\":\"EntryPoint\",\"urlTemplate\":\"https:\\\/\\\/ginefem.com\\\/?s={search_term_string}\"},\"query-input\":{\"@type\":\"PropertyValueSpecification\",\"valueRequired\":true,\"valueName\":\"search_term_string\"}}],\"inLanguage\":\"fr-FR\"}]}<\/script>\n<!-- \/ Yoast SEO plugin. -->","yoast_head_json":{"title":"Avis juridique - Ginefem","robots":{"index":"index","follow":"follow","max-snippet":"max-snippet:-1","max-image-preview":"max-image-preview:large","max-video-preview":"max-video-preview:-1"},"canonical":"https:\/\/ginefem.com\/fr\/avis-juridique\/","og_locale":"fr_FR","og_type":"article","og_title":"Avis juridique - Ginefem","og_description":"Objectif et acceptation Cette notice l\u00e9gale r\u00e9glemente l&rsquo;utilisationdepuis le site : ginefem.com Le site ginefem.com proposeservices dont l&rsquo;objectif principal est de permettre le contact entre les utilisateurs etl&rsquo;entreprise, soit pour nous contacter, soit pour demanderbudg\u00e9taire. Navigation sur la page ginefem.comattribue la condition d&rsquo;utilisateur de celui-ci et implique la pleine acceptation etsans r\u00e9serve de chacune des [&hellip;]","og_url":"https:\/\/ginefem.com\/fr\/avis-juridique\/","og_site_name":"Ginefem","article_publisher":"https:\/\/es-es.facebook.com\/GinefemMujer\/","article_modified_time":"2021-12-23T11:52:09+00:00","twitter_card":"summary_large_image","twitter_site":"@Ginefem","twitter_misc":{"Dur\u00e9e de lecture estim\u00e9e":"7 minutes"},"schema":{"@context":"https:\/\/schema.org","@graph":[{"@type":"WebPage","@id":"https:\/\/ginefem.com\/fr\/avis-juridique\/","url":"https:\/\/ginefem.com\/fr\/avis-juridique\/","name":"Avis juridique - Ginefem","isPartOf":{"@id":"https:\/\/ginefem.com\/#website"},"datePublished":"2021-11-19T13:17:15+00:00","dateModified":"2021-12-23T11:52:09+00:00","breadcrumb":{"@id":"https:\/\/ginefem.com\/fr\/avis-juridique\/#breadcrumb"},"inLanguage":"fr-FR","potentialAction":[{"@type":"ReadAction","target":["https:\/\/ginefem.com\/fr\/avis-juridique\/"]}]},{"@type":"BreadcrumbList","@id":"https:\/\/ginefem.com\/fr\/avis-juridique\/#breadcrumb","itemListElement":[{"@type":"ListItem","position":1,"name":"Portada","item":"https:\/\/ginefem.com\/fr\/"},{"@type":"ListItem","position":2,"name":"Avis juridique"}]},{"@type":"WebSite","@id":"https:\/\/ginefem.com\/#website","url":"https:\/\/ginefem.com\/","name":"Ginefem","description":"Salud integral de la mujer","potentialAction":[{"@type":"SearchAction","target":{"@type":"EntryPoint","urlTemplate":"https:\/\/ginefem.com\/?s={search_term_string}"},"query-input":{"@type":"PropertyValueSpecification","valueRequired":true,"valueName":"search_term_string"}}],"inLanguage":"fr-FR"}]}},"_links":{"self":[{"href":"https:\/\/ginefem.com\/fr\/wp-json\/wp\/v2\/pages\/37950","targetHints":{"allow":["GET"]}}],"collection":[{"href":"https:\/\/ginefem.com\/fr\/wp-json\/wp\/v2\/pages"}],"about":[{"href":"https:\/\/ginefem.com\/fr\/wp-json\/wp\/v2\/types\/page"}],"author":[{"embeddable":true,"href":"https:\/\/ginefem.com\/fr\/wp-json\/wp\/v2\/users\/1"}],"replies":[{"embeddable":true,"href":"https:\/\/ginefem.com\/fr\/wp-json\/wp\/v2\/comments?post=37950"}],"version-history":[{"count":1,"href":"https:\/\/ginefem.com\/fr\/wp-json\/wp\/v2\/pages\/37950\/revisions"}],"predecessor-version":[{"id":38136,"href":"https:\/\/ginefem.com\/fr\/wp-json\/wp\/v2\/pages\/37950\/revisions\/38136"}],"wp:attachment":[{"href":"https:\/\/ginefem.com\/fr\/wp-json\/wp\/v2\/media?parent=37950"}],"curies":[{"name":"wp","href":"https:\/\/api.w.org\/{rel}","templated":true}]}}