{"id":37952,"date":"2021-11-19T13:32:53","date_gmt":"2021-11-19T13:32:53","guid":{"rendered":"https:\/\/ginefem.com\/politica-de-cookies\/"},"modified":"2021-12-23T12:11:42","modified_gmt":"2021-12-23T12:11:42","slug":"politique-de-cookies","status":"publish","type":"page","link":"https:\/\/ginefem.com\/fr\/politique-de-cookies\/","title":{"rendered":"Politique de cookies"},"content":{"rendered":"\r\n<h3 class=\"wp-block-heading\">Que sont les cookies ?<\/h3>\r\n<p>Un cookie est un fichier texte qu&rsquo;un serveur Web peut enregistrer sur le disque dur de votre ordinateur pour stocker certains types d&rsquo;informations vous concernant en tant qu&rsquo;utilisateur. Les cookies sont utilis\u00e9s \u00e0 diverses fins telles que stocker des donn\u00e9es pour de futures visites, reconna\u00eetre l&rsquo;utilisateur et \u00e9viter de demander \u00e0 nouveau une authentification, savoir quelles pages vous visitez, ou encore enregistrer vos pr\u00e9f\u00e9rences dans des zones personnalisables&#8230;). Normalement, les sites Web utilisent des cookies pour obtenir des informations statistiques sur leurs pages Web et pour analyser le comportement de leurs clients\/utilisateurs.<br \/>\u00a0<\/p>\r\n<p><strong>Types de cookies<\/strong><\/p>\r\n<p><\/p>\r\n<p><\/p>\r\n<p>Les cookies peuvent \u00eatre class\u00e9s selon les crit\u00e8res suivants :<\/p>\r\n<p>Selon <strong>qui installe<\/strong> le cookie, ceux-ci peuvent \u00eatre :<\/p>\r\n<p><strong>Cookies propres<\/strong> : Ce sont ceux qui sont envoy\u00e9s \u00e0 l&rsquo;\u00e9quipement terminal de l&rsquo;utilisateur \u00e0 partir d&rsquo;un ordinateur ou d&rsquo;un domaine g\u00e9r\u00e9 par l&rsquo;\u00e9diteur lui-m\u00eame et \u00e0 partir duquel est fourni le service demand\u00e9 par l&rsquo;utilisateur.<\/p>\r\n<p><strong>Cookies tiers<\/strong> : Ce sont ceux qui sont envoy\u00e9s \u00e0 l&rsquo;\u00e9quipement terminal de l&rsquo;utilisateur soit \u00e0 partir d&rsquo;un ordinateur ou d&rsquo;un domaine g\u00e9r\u00e9 par nous soit par un tiers, mais les informations collect\u00e9es par les cookies sont g\u00e9r\u00e9es par un tiers autre que le propri\u00e9taire du site Internet.<\/p>\r\n<p>Selon leur<strong> dur\u00e9e<\/strong> de conservation, les cookies peuvent \u00eatre :<\/p>\r\n<p><strong>Cookies de session<\/strong> : Ce sont ceux qui durent aussi longtemps que l&rsquo;utilisateur navigue sur la page Web et sont supprim\u00e9s \u00e0 la fin de la navigation.<\/p>\r\n<p><strong>Cookies persistants<\/strong> : Ils sont stock\u00e9s dans le terminal de l&rsquo;utilisateur, pour une dur\u00e9e plus longue, facilitant ainsi le contr\u00f4le des pr\u00e9f\u00e9rences choisies sans avoir \u00e0 r\u00e9p\u00e9ter certains param\u00e8tres \u00e0 chaque visite du site.<\/p>\r\n<p>Selon leur <strong>finalit\u00e9,<\/strong> les cookies peuvent \u00eatre :<\/p>\r\n<p><strong>Cookies technique<\/strong>s : Les cookies techniques sont ceux indispensables et strictement n\u00e9cessaires au bon fonctionnement d&rsquo;un site Internet et \u00e0 l&rsquo;utilisation des diff\u00e9rentes options et services qu&rsquo;il propose. Par exemple, ceux pour la maintenance de session, ceux qui permettent l&rsquo;utilisation d&rsquo;\u00e9l\u00e9ments de s\u00e9curit\u00e9, le partage de contenu avec les r\u00e9seaux sociaux, etc.<\/p>\r\n<p><strong>Cookies de personnalisation<\/strong> : ils permettent \u00e0 l&rsquo;utilisateur de choisir ou de personnaliser des caract\u00e9ristiques de la page Web telles que la langue, la configuration r\u00e9gionale ou le type de navigateur.<\/p>\r\n<p><strong>Cookies analytiques<\/strong> : Ils sont utilis\u00e9s par les portails Web, pour cr\u00e9er des profils de navigation et pour pouvoir conna\u00eetre les pr\u00e9f\u00e9rences des utilisateurs afin d&rsquo;am\u00e9liorer l&rsquo;offre de produits et services. Ils permettent de contr\u00f4ler les zones g\u00e9ographiques pr\u00e9sentant le plus d&rsquo;int\u00e9r\u00eat pour un utilisateur, les informations du site Internet le plus largement accept\u00e9, etc.<\/p>\r\n<p><strong>Cookies publicitaires\/publicitaires<\/strong> : Ils permettent la gestion des espaces publicitaires en fonction de crit\u00e8res pr\u00e9cis. Par exemple, la fr\u00e9quence d&rsquo;acc\u00e8s, le contenu \u00e9dit\u00e9, etc. Les cookies publicitaires permettent, \u00e0 travers la gestion de la publicit\u00e9, de stocker des informations comportementales \u00e0 travers l&rsquo;observation des habitudes, l&rsquo;\u00e9tude des acc\u00e8s et la formation d&rsquo;un profil de pr\u00e9f\u00e9rence de l&rsquo;utilisateur, de proposer des publicit\u00e9s li\u00e9es aux int\u00e9r\u00eats de votre profil.<\/p>\r\n<p><\/p>\r\n<p>&nbsp;<\/p>\r\n<p><\/p>\r\n<h3 class=\"wp-block-heading\">Cookies utilis\u00e9s sur notre site<\/h3>\r\n<p>ginefem.com utilise les types de cookies suivants sur le Web :<\/p>\r\n<p><strong>Cookies techniques<\/strong><\/p>\r\n<p>Ils permettent \u00e0 l&rsquo;utilisateur de naviguer sur le Web et d&rsquo;utiliser des fonctionnalit\u00e9s.<\/p>\r\n<p><strong>Cookies de personnalisation<\/strong><\/p>\r\n<p>Ils permettent de conna\u00eetre les pr\u00e9f\u00e9rences de l&rsquo;utilisateur : langue, produits visit\u00e9s&#8230;<\/p>\r\n<p><strong>Cookies d&rsquo;analyse<\/strong><\/p>\r\n<p>Nous utilisons les cookies de Google Analytics pour quantifier le nombre d&rsquo;utilisateurs qui visitent le Web. Ces cookies nous permettent de mesurer et d&rsquo;analyser la fa\u00e7on dont les utilisateurs naviguent sur le Web. Ces informations permettent \u00e0 GINEFEM SALUD, S.L.P d&rsquo;am\u00e9liorer continuellement ses services et l&rsquo;exp\u00e9rience des utilisateurs du Web. Pour plus d&rsquo;informations, vous pouvez consulter la page de confidentialit\u00e9 de Google Analytics : <a href=\"https:\/\/developers.google.com\/analytics\/devguides\/collection\/analyticsjs\/cookie-usage\" target=\"_blank\" rel=\"noreferrer noopener\">https:\/\/developers.google.com\/analytics\/devguides\/collection\/analyticsjs\/cookie-usage<\/a>.<\/p>\r\n<p><strong>Cookies publicitaires et de publicit\u00e9 comportementale<\/strong><\/p>\r\n<p>Ces cookies sont utilis\u00e9s pour afficher des publicit\u00e9s pertinentes pour les utilisateurs en fonction de leur utilisation de notre site Web. De plus, ils limitent le nombre de fois o\u00f9 chaque utilisateur voit une annonce et aident GINEFEM SALUD, S.L.P \u00e0 mesurer l&rsquo;efficacit\u00e9 de ses campagnes publicitaires. Lors de la navigation sur le Web, l&rsquo;utilisateur accepte d&rsquo;installer ce type de cookies sur son appareil et de se renseigner lorsque l&rsquo;utilisateur visite le Web de GINEFEM SALUD, S.L.P \u00e0 l&rsquo;avenir.<\/p>\r\n<p><strong>Cookies install\u00e9s sur notre domaine web :<\/strong><\/p>\r\n<p><\/p>\r\n<p>&nbsp;<\/p>\r\n<p><\/p>\r\n<table class=\"wp-block-table\">\r\n<thead>\r\n<tr>\r\n<td>Nom du cookie<\/td>\r\n<td>But<\/td>\r\n<td>Propre \/ tiers<\/td>\r\n<td>Dur\u00e9e<\/td>\r\n<td>Quand est-il install\u00e9 ?<\/td>\r\n<\/tr>\r\n<\/thead>\r\n<tbody>\r\n<tr>\r\n<td>Cookie de session<\/td>\r\n<td>Technique<\/td>\r\n<td>Propre<\/td>\r\n<td>Session<\/td>\r\n<td>Lorsque vous acc\u00e9dez au<br \/>site Web<\/td>\r\n<\/tr>\r\n<tr>\r\n<td>_fbp<\/td>\r\n<td>Utilis\u00e9 par Facebook pour fournir une s\u00e9rie de produits publicitaires<\/td>\r\n<td>Tiers<\/td>\r\n<td>Session<\/td>\r\n<td>Lorsque vous acc\u00e9dez au<br \/>site Web<\/td>\r\n<\/tr>\r\n<tr>\r\n<td>_ga<\/td>\r\n<td>Cookie analytique GOOGLE Analytics utilis\u00e9 pour distinguer les utilisateurs<\/td>\r\n<td>Tiers<\/td>\r\n<td>Persistant<br \/>2 ans<\/td>\r\n<td>Lorsque vous acc\u00e9dez au<br \/>site Web<\/td>\r\n<\/tr>\r\n<tr>\r\n<td>__gat_gtag_UA_117363361_1<\/td>\r\n<td>Cookie analytique GOOGLE utilis\u00e9 pour savoir quels liens de la page ont \u00e9t\u00e9 visit\u00e9s sur le Web<\/td>\r\n<td>Tiers<\/td>\r\n<td>\r\n<p>Session<\/p>\r\n<\/td>\r\n<td>Lorsque vous naviguez sur le Web<\/td>\r\n<\/tr>\r\n<tr>\r\n<td>_gid<\/td>\r\n<td>Cookie analytique GOOGLE Analytics utilis\u00e9 pour distinguer les utilisateurs<\/td>\r\n<td>Tiers<\/td>\r\n<td>Persistant 24 heures<\/td>\r\n<td>Lorsque vous acc\u00e9dez au<br \/>site Web<\/td>\r\n<\/tr>\r\n<tr>\r\n<td>viewed_cookie_policy<\/td>\r\n<td>Cookie pour v\u00e9rifier l&rsquo;acceptation de la politique de confidentialit\u00e9<\/td>\r\n<td>Propre<\/td>\r\n<td>2 ans<\/td>\r\n<td>Lorsque vous acc\u00e9dez au<br \/>site Web<\/td>\r\n<\/tr>\r\n<\/tbody>\r\n<\/table>\r\n<p>Ce site Web, comme la plupart des sites Web, comprend des fonctionnalit\u00e9s fournies par des tiers.<\/p>\r\n<p>Notre site Web est un site Web vivant et de nouvelles conceptions ou des services tiers peuvent \u00eatre inclus. Cela peut occasionnellement modifier les param\u00e8tres des cookies et que des cookies non d\u00e9taill\u00e9s en d\u00e9tail apparaissent dans cette politique.<\/p>\r\n<p><strong>Les cookies tiers utilis\u00e9s sur notre site Web install\u00e9s par des domaines tiers sont les suivants :<\/strong><\/p>\r\n<p><\/p>\r\n<table class=\"wp-block-table alignleft\">\r\n<thead>\r\n<tr>\r\n<td>Gros titre<\/td>\r\n<td>nom<\/td>\r\n<td>Quand est-il install\u00e9 ?<\/td>\r\n<td>La description<\/td>\r\n<td>Dur\u00e9e<\/td>\r\n<td>Plus d&rsquo;informations<\/td>\r\n<\/tr>\r\n<\/thead>\r\n<tbody>\r\n<tr>\r\n<td>google.com\/es<\/td>\r\n<td>NID<\/td>\r\n<td>Lorsque vous naviguez sur le Web<\/td>\r\n<td>Service de carte fourni par Google.<br \/>Les cookies de Google Maps enregistrent les<br \/>l&rsquo;origine de l&rsquo;utilisateur et permet de compter<br \/>combien de fois un utilisateur visite le site.<br \/>Ce sont des cookies techniques et de personnalisation.<\/td>\r\n<td>Cela d\u00e9pend des politiques de<br \/>Google<\/td>\r\n<td><a href=\"https:\/\/policies.google.com\/technologies\/types\">Cliquez ici<\/a><\/td>\r\n<\/tr>\r\n<tr>\r\n<td>doubleclick.net<\/td>\r\n<td>IDE<\/td>\r\n<td>Le cookie est envoy\u00e9 au navigateur<br \/>apr\u00e8s toute impression,<br \/>clic ou autre activit\u00e9 sur le Web<\/td>\r\n<td>Cookies utilis\u00e9s pour guider le<br \/>publicit\u00e9 en fonction du contenu<br \/>pertinent pour un utilisateur, am\u00e9liorer la<br \/>rapports sur les performances des campagnes<br \/>et \u00e9vitez de diffuser des annonces que l&rsquo;utilisateur<br \/>ont d\u00e9j\u00e0 vu.<\/td>\r\n<td>De 72 heures \u00e0 623 jours<\/td>\r\n<td><a href=\"https:\/\/support.google.com\/dfp_premium\/answer\/2839090?hl=es\">Cliquez ici<\/a><\/td>\r\n<\/tr>\r\n<tr>\r\n<td>Facebook<\/td>\r\n<td>\u00a0<\/td>\r\n<td>Lors de la navigation<br \/>le web et le plug-in est utilis\u00e9<br \/>Social<\/td>\r\n<td>Plug-in de r\u00e9seau social qui permet<br \/>l&rsquo;utilisateur partage du contenu dans<br \/>Facebook<\/td>\r\n<td>\u00e7a d\u00e9pend du r\u00e9seau social<\/td>\r\n<td><a href=\"https:\/\/www.facebook.com\/help\/cookies\">Cliquez ici<\/a><\/td>\r\n<\/tr>\r\n<tr>\r\n<td>Youtube<\/td>\r\n<td>\u00a0<\/td>\r\n<td>Lors de la navigation<br \/>le web et le plug-in est utilis\u00e9<br \/>Social<\/td>\r\n<td>Plug-in de r\u00e9seau social qui permet<br \/>les utilisateurs partagent des vid\u00e9os.<\/td>\r\n<td>\u00e7a d\u00e9pend du r\u00e9seau social<\/td>\r\n<td><a href=\"https:\/\/www.google.es\/intl\/es\/policies\/technologies\/cookies\/\">Cliquez ici<\/a><\/td>\r\n<\/tr>\r\n<\/tbody>\r\n<\/table>\r\n<p>Notre site ne contr\u00f4le pas les cookies utilis\u00e9s par ces tiers. Pour plus d&rsquo;informations sur les cookies des r\u00e9seaux sociaux ou d&rsquo;autres sites Web tiers, nous vous conseillons de consulter vos propres politiques en mati\u00e8re de cookies.<\/p>\r\n<p><\/p>\r\n<p>&nbsp;<\/p>\r\n<p><\/p>\r\n<h3 class=\"wp-block-heading\">Information et obtention du consentement pour l&rsquo;installation<\/h3>\r\n<p>ginefem.com essaiera \u00e0 tout moment d&rsquo;\u00e9tablir des m\u00e9canismes ad\u00e9quats pour obtenir le consentement de l&rsquo;utilisateur pour l&rsquo;installation de cookies qui le n\u00e9cessitent. Lorsqu&rsquo;un utilisateur acc\u00e8de \u00e0 notre site Web, une fen\u00eatre contextuelle appara\u00eet l&rsquo;informant de l&rsquo;existence de cookies et que s&rsquo;il continue \u00e0 naviguer sur notre page, il donne son consentement pour l&rsquo;installation de cookies.<\/p>\r\n<p><\/p>\r\n<p>&nbsp;<\/p>\r\n<p><\/p>\r\n<h3 class=\"wp-block-heading\">Comment puis-je emp\u00eacher l&rsquo;installation de cookies ?<\/h3>\r\n<p>L&rsquo;utilisateur peut configurer son navigateur pour accepter ou non les cookies qu&rsquo;il re\u00e7oit ou que le navigateur l&rsquo;informe lorsqu&rsquo;un serveur souhaite enregistrer un cookie. Si certains cookies techniques sont d\u00e9sactiv\u00e9s, le bon fonctionnement de certains utilitaires Web n&rsquo;est pas garanti.<\/p>\r\n<p>L&rsquo;utilisateur peut exclure le stockage de cookies \u00ab analytiques et publicitaires \u00bb de Google Analytics sur son terminal au moyen de les <a href=\"https:\/\/tools.google.com\/dlpage\/gaoptout\">syst\u00e8mes d&rsquo;exclusion fournis par Google Analytics.<\/a><\/p>\r\n<p>Ci-dessous, nous vous fournissons \u00e9galement quelques exemples de la fa\u00e7on de d\u00e9sactiver les cookies :<\/p>\r\n<p><\/p>\r\n<p>&nbsp;<\/p>\r\n<p><\/p>\r\n<ol class=\"wp-block-list\">\r\n<li>En configurant le navigateur lui-m\u00eame\u00a0:<\/li>\r\n<li>Internet Explorer: <a href=\"http:\/\/windows.microsoft.com\/es-es\/windows-vista\/block-or-allow-cookies\">http:\/\/windows.microsoft.com\/es-es\/windows-vista\/block-or-allow-cookies<\/a><\/li>\r\n<li>Firefox: <a href=\"https:\/\/support.mozilla.org\/es\/kb\/habilitar-y-deshabilitar-cookies-que-los-sitios-web\">https:\/\/support.mozilla.org\/es\/kb\/habilitar-y-deshabilitar-cookies-que-los-sitios-web<\/a><\/li>\r\n<li>Safari: \u00a0<a href=\"http:\/\/support.apple.com\/kb\/HT1677?viewlocale=es_ES\">http:\/\/support.apple.com\/kb\/HT1677?viewlocale=es_ES<\/a>.<\/li>\r\n<li>Chrome: <a href=\"https:\/\/support.google.com\/accounts\/answer\/61416?hl=es\">https:\/\/support.google.com\/accounts\/answer\/61416?hl=es<\/a>.<\/li>\r\n<li>Opera: <a href=\"http:\/\/help.opera.com\/Windows\/11.50\/es-ES\/cookies.html\">http:\/\/help.opera.com\/Windows\/11.50\/es-ES\/cookies.html<\/a><\/li>\r\n<\/ol>\r\n<p>Pour d\u00e9velopper ces informations, acc\u00e9dez \u00e0 la page de l&rsquo;Agence espagnole de protection des donn\u00e9es qui aide \u00e0 configurer la confidentialit\u00e9 dans les r\u00e9seaux sociaux, les navigateurs et les syst\u00e8mes d&rsquo;exploitation mobiles. <a href=\"http:\/\/www.agpd.es\/portalwebAGPD\/CanalDelCiudadano\/protegetuprivacidad\/index-ides-idphp.php\" target=\"_blank\" rel=\"noreferrer noopener\">Plus d&rsquo;informations.<\/a><\/p>\r\n<p><\/p>\r\n<p>&nbsp;<\/p>\r\n<p><\/p>\r\n<ul class=\"wp-block-list\">\r\n<li>Via des outils tiers\u00a0:<\/li>\r\n<\/ul>\r\n<p>Il existe des outils tiers, disponibles en ligne, qui permettent aux utilisateurs de d\u00e9tecter les cookies sur chaque site Internet qu&rsquo;ils visitent et de g\u00e9rer leur d\u00e9sactivation, par exemple :<\/p>\r\n<p>\r\n\r\n <a href=\"http:\/\/www.youronlinechoices.com\/es\/\">http:\/\/www.youronlinechoices.com\/es\/<\/a><\/p>\r\n<p>\r\n\r\n <a href=\"http:\/\/www.ghostery.com\">http:\/\/www.ghostery.com<\/a><\/p>\r\n<p>\r\n\r\n<\/p>\r\n<p><\/p>\r\n<p>&nbsp;<\/p>\r\n<p><\/p>\r\n<h3 class=\"wp-block-heading\"><strong> Liens vers d&rsquo;autres sites<\/strong><\/h3>\r\n<p>Si vous choisissez de quitter notre site Web via des liens vers d&rsquo;autres sites Web qui n&rsquo;appartiennent pas \u00e0 notre entit\u00e9, nous ne serons pas responsables des politiques de confidentialit\u00e9 desdits sites Web ou des cookies qu&rsquo;ils peuvent stocker sur l&rsquo;ordinateur de l&rsquo;utilisateur.<\/p>\r\n<p><\/p>\r\n<p>&nbsp;<\/p>\r\n<p><\/p>\r\n<h3 class=\"wp-block-heading\">Comment collectons-nous et utilisons-nous les adresses IP ?<\/h3>\r\n<p>Les serveurs Web pourront d\u00e9tecter automatiquement l&rsquo;adresse IP et le nom de domaine utilis\u00e9s par les utilisateurs.<\/p>\r\n<p>Une adresse IP est un num\u00e9ro attribu\u00e9 automatiquement \u00e0 un ordinateur lorsqu&rsquo;il se connecte \u00e0 Internet. Ces informations permettent le traitement ult\u00e9rieur des donn\u00e9es afin de savoir si vous avez donn\u00e9 votre consentement pour l&rsquo;installation de cookies, effectuer uniquement des mesures statistiques qui permettent de conna\u00eetre le nombre de visites effectu\u00e9es sur le Web, l&rsquo;ordre des visites, le point d&rsquo;acc\u00e8s, etc.<\/p>\r\n<p><\/p>\r\n<p>&nbsp;<\/p>\r\n<p><\/p>\r\n<h3 class=\"wp-block-heading\">Mise \u00e0 jour de notre politique de cookies<\/h3>\r\n<p>Cette politique est r\u00e9vis\u00e9e p\u00e9riodiquement pour assurer sa validit\u00e9, elle peut donc \u00eatre modifi\u00e9e. Nous vous recommandons de visiter r\u00e9guli\u00e8rement la page o\u00f9 nous vous informerons de toute mise \u00e0 jour \u00e0 cet \u00e9gard.<\/p>\r\n<p><strong>Date\u00a0: 22\/01\/19<\/strong><\/p>\r\n<p><strong>Version\u00a0:\u00a0V.1.0<\/strong><\/p>\r\n\r\n<p>&nbsp;<\/p>","protected":false},"excerpt":{"rendered":"<p>Que sont les cookies ? Un cookie est un fichier texte qu&rsquo;un serveur Web peut enregistrer sur le disque dur de votre ordinateur pour stocker certains types d&rsquo;informations vous concernant en tant qu&rsquo;utilisateur. Les cookies sont utilis\u00e9s \u00e0 diverses fins telles que stocker des donn\u00e9es pour de futures visites, reconna\u00eetre l&rsquo;utilisateur et \u00e9viter de demander [&hellip;]<\/p>\n","protected":false},"author":1,"featured_media":0,"parent":0,"menu_order":0,"comment_status":"closed","ping_status":"closed","template":"","meta":{"_joinchat":[],"footnotes":""},"class_list":["post-37952","page","type-page","status-publish","hentry"],"yoast_head":"<!-- This site is optimized with the Yoast SEO plugin v27.3 - https:\/\/yoast.com\/product\/yoast-seo-wordpress\/ -->\n<title>Politique de cookies - Ginefem<\/title>\n<meta name=\"robots\" content=\"index, follow, max-snippet:-1, max-image-preview:large, max-video-preview:-1\" \/>\n<link rel=\"canonical\" href=\"https:\/\/ginefem.com\/fr\/politique-de-cookies\/\" \/>\n<meta property=\"og:locale\" content=\"fr_FR\" \/>\n<meta property=\"og:type\" content=\"article\" \/>\n<meta property=\"og:title\" content=\"Politique de cookies - Ginefem\" \/>\n<meta property=\"og:description\" content=\"Que sont les cookies ? Un cookie est un fichier texte qu&rsquo;un serveur Web peut enregistrer sur le disque dur de votre ordinateur pour stocker certains types d&rsquo;informations vous concernant en tant qu&rsquo;utilisateur. Les cookies sont utilis\u00e9s \u00e0 diverses fins telles que stocker des donn\u00e9es pour de futures visites, reconna\u00eetre l&rsquo;utilisateur et \u00e9viter de demander [&hellip;]\" \/>\n<meta property=\"og:url\" content=\"https:\/\/ginefem.com\/fr\/politique-de-cookies\/\" \/>\n<meta property=\"og:site_name\" content=\"Ginefem\" \/>\n<meta property=\"article:publisher\" content=\"https:\/\/es-es.facebook.com\/GinefemMujer\/\" \/>\n<meta property=\"article:modified_time\" content=\"2021-12-23T12:11:42+00:00\" \/>\n<meta name=\"twitter:card\" content=\"summary_large_image\" \/>\n<meta name=\"twitter:site\" content=\"@Ginefem\" \/>\n<meta name=\"twitter:label1\" content=\"Dur\u00e9e de lecture estim\u00e9e\" \/>\n\t<meta name=\"twitter:data1\" content=\"7 minutes\" \/>\n<script type=\"application\/ld+json\" class=\"yoast-schema-graph\">{\"@context\":\"https:\\\/\\\/schema.org\",\"@graph\":[{\"@type\":\"WebPage\",\"@id\":\"https:\\\/\\\/ginefem.com\\\/fr\\\/politique-de-cookies\\\/\",\"url\":\"https:\\\/\\\/ginefem.com\\\/fr\\\/politique-de-cookies\\\/\",\"name\":\"Politique de cookies - Ginefem\",\"isPartOf\":{\"@id\":\"https:\\\/\\\/ginefem.com\\\/#website\"},\"datePublished\":\"2021-11-19T13:32:53+00:00\",\"dateModified\":\"2021-12-23T12:11:42+00:00\",\"breadcrumb\":{\"@id\":\"https:\\\/\\\/ginefem.com\\\/fr\\\/politique-de-cookies\\\/#breadcrumb\"},\"inLanguage\":\"fr-FR\",\"potentialAction\":[{\"@type\":\"ReadAction\",\"target\":[\"https:\\\/\\\/ginefem.com\\\/fr\\\/politique-de-cookies\\\/\"]}]},{\"@type\":\"BreadcrumbList\",\"@id\":\"https:\\\/\\\/ginefem.com\\\/fr\\\/politique-de-cookies\\\/#breadcrumb\",\"itemListElement\":[{\"@type\":\"ListItem\",\"position\":1,\"name\":\"Portada\",\"item\":\"https:\\\/\\\/ginefem.com\\\/fr\\\/\"},{\"@type\":\"ListItem\",\"position\":2,\"name\":\"Politique de cookies\"}]},{\"@type\":\"WebSite\",\"@id\":\"https:\\\/\\\/ginefem.com\\\/#website\",\"url\":\"https:\\\/\\\/ginefem.com\\\/\",\"name\":\"Ginefem\",\"description\":\"Salud integral de la mujer\",\"potentialAction\":[{\"@type\":\"SearchAction\",\"target\":{\"@type\":\"EntryPoint\",\"urlTemplate\":\"https:\\\/\\\/ginefem.com\\\/?s={search_term_string}\"},\"query-input\":{\"@type\":\"PropertyValueSpecification\",\"valueRequired\":true,\"valueName\":\"search_term_string\"}}],\"inLanguage\":\"fr-FR\"}]}<\/script>\n<!-- \/ Yoast SEO plugin. -->","yoast_head_json":{"title":"Politique de cookies - Ginefem","robots":{"index":"index","follow":"follow","max-snippet":"max-snippet:-1","max-image-preview":"max-image-preview:large","max-video-preview":"max-video-preview:-1"},"canonical":"https:\/\/ginefem.com\/fr\/politique-de-cookies\/","og_locale":"fr_FR","og_type":"article","og_title":"Politique de cookies - Ginefem","og_description":"Que sont les cookies ? Un cookie est un fichier texte qu&rsquo;un serveur Web peut enregistrer sur le disque dur de votre ordinateur pour stocker certains types d&rsquo;informations vous concernant en tant qu&rsquo;utilisateur. Les cookies sont utilis\u00e9s \u00e0 diverses fins telles que stocker des donn\u00e9es pour de futures visites, reconna\u00eetre l&rsquo;utilisateur et \u00e9viter de demander [&hellip;]","og_url":"https:\/\/ginefem.com\/fr\/politique-de-cookies\/","og_site_name":"Ginefem","article_publisher":"https:\/\/es-es.facebook.com\/GinefemMujer\/","article_modified_time":"2021-12-23T12:11:42+00:00","twitter_card":"summary_large_image","twitter_site":"@Ginefem","twitter_misc":{"Dur\u00e9e de lecture estim\u00e9e":"7 minutes"},"schema":{"@context":"https:\/\/schema.org","@graph":[{"@type":"WebPage","@id":"https:\/\/ginefem.com\/fr\/politique-de-cookies\/","url":"https:\/\/ginefem.com\/fr\/politique-de-cookies\/","name":"Politique de cookies - Ginefem","isPartOf":{"@id":"https:\/\/ginefem.com\/#website"},"datePublished":"2021-11-19T13:32:53+00:00","dateModified":"2021-12-23T12:11:42+00:00","breadcrumb":{"@id":"https:\/\/ginefem.com\/fr\/politique-de-cookies\/#breadcrumb"},"inLanguage":"fr-FR","potentialAction":[{"@type":"ReadAction","target":["https:\/\/ginefem.com\/fr\/politique-de-cookies\/"]}]},{"@type":"BreadcrumbList","@id":"https:\/\/ginefem.com\/fr\/politique-de-cookies\/#breadcrumb","itemListElement":[{"@type":"ListItem","position":1,"name":"Portada","item":"https:\/\/ginefem.com\/fr\/"},{"@type":"ListItem","position":2,"name":"Politique de cookies"}]},{"@type":"WebSite","@id":"https:\/\/ginefem.com\/#website","url":"https:\/\/ginefem.com\/","name":"Ginefem","description":"Salud integral de la mujer","potentialAction":[{"@type":"SearchAction","target":{"@type":"EntryPoint","urlTemplate":"https:\/\/ginefem.com\/?s={search_term_string}"},"query-input":{"@type":"PropertyValueSpecification","valueRequired":true,"valueName":"search_term_string"}}],"inLanguage":"fr-FR"}]}},"_links":{"self":[{"href":"https:\/\/ginefem.com\/fr\/wp-json\/wp\/v2\/pages\/37952","targetHints":{"allow":["GET"]}}],"collection":[{"href":"https:\/\/ginefem.com\/fr\/wp-json\/wp\/v2\/pages"}],"about":[{"href":"https:\/\/ginefem.com\/fr\/wp-json\/wp\/v2\/types\/page"}],"author":[{"embeddable":true,"href":"https:\/\/ginefem.com\/fr\/wp-json\/wp\/v2\/users\/1"}],"replies":[{"embeddable":true,"href":"https:\/\/ginefem.com\/fr\/wp-json\/wp\/v2\/comments?post=37952"}],"version-history":[{"count":2,"href":"https:\/\/ginefem.com\/fr\/wp-json\/wp\/v2\/pages\/37952\/revisions"}],"predecessor-version":[{"id":38139,"href":"https:\/\/ginefem.com\/fr\/wp-json\/wp\/v2\/pages\/37952\/revisions\/38139"}],"wp:attachment":[{"href":"https:\/\/ginefem.com\/fr\/wp-json\/wp\/v2\/media?parent=37952"}],"curies":[{"name":"wp","href":"https:\/\/api.w.org\/{rel}","templated":true}]}}